{"id":10165,"date":"2025-05-18T07:37:59","date_gmt":"2025-05-18T07:37:59","guid":{"rendered":"https:\/\/chuyendo.vn\/oto\/?post_type=product&#038;p=10165"},"modified":"2025-06-13T00:56:47","modified_gmt":"2025-06-13T00:56:47","slug":"quat-don-o-to-24v12v","status":"publish","type":"product","link":"https:\/\/chuyendo.vn\/oto\/product\/quat-don-o-to-24v12v\/","title":{"rendered":"QU\u1ea0T \u0110\u01a0N, \u0110\u1ea6U C\u1eaeM T\u1ea8U, C\u00d4NG SU\u1ea4T M\u1ea0NH, 24v-12v"},"content":{"rendered":"<h2 data-start=\"372\" data-end=\"448\"><strong data-start=\"372\" data-end=\"448\">Qu\u1ea1t \u0111\u01a1n \u00f4 t\u00f4 24V12V t\u1ea9u, c\u00f4ng su\u1ea5t m\u1ea1nh, d\u00f9ng 24V v\u00e0 12V, xoay linh ho\u1ea1t<\/strong><\/h2>\n<p data-start=\"450\" data-end=\"1038\">Qu\u1ea1t \u0111\u01a1n \u00f4 t\u00f4 24V12V \u0111\u01a1n l\u00e0 gi\u1ea3i ph\u00e1p l\u00e0m m\u00e1t nh\u1ecf g\u1ecdn, ph\u00f9 h\u1ee3p m\u1ecdi d\u00f2ng xe t\u1eeb 4 \u0111\u1ebfn 16 ch\u1ed7. S\u1eed d\u1ee5ng ngu\u1ed3n \u0111i\u1ec7n qua \u0111\u1ea7u c\u1eafm t\u1ea9u 12V ho\u1eb7c 24V, kh\u00f4ng c\u1ea7n l\u1eafp \u0111\u1eb7t h\u1ec7 th\u1ed1ng ri\u00eang bi\u1ec7t. Thi\u1ebft k\u1ebf nh\u1ecf, m\u1ed9t \u0111\u1ea7u qu\u1ea1t xoay 360 \u0111\u1ed9, \u0111i\u1ec1u ch\u1ec9nh h\u01b0\u1edbng gi\u00f3 linh ho\u1ea1t theo v\u1ecb tr\u00ed ng\u1ed3i. C\u00f4ng su\u1ea5t m\u1ea1nh, l\u00e0m m\u00e1t nhanh, gi\u1ea3m n\u00f3ng cabin hi\u1ec7u qu\u1ea3, nh\u1ea5t l\u00e0 xe kh\u00f4ng c\u00f3 \u0111i\u1ec1u h\u00f2a.<\/p>\n<p data-start=\"450\" data-end=\"1038\">Ch\u1ea5t li\u1ec7u nh\u1ef1a ABS cao c\u1ea5p, c\u00e1nh qu\u1ea1t m\u1ec1m an to\u00e0n, khung ch\u1eafn b\u1ea3o v\u1ec7 ch\u1eafc ch\u1eafn. Ho\u1ea1t \u0111\u1ed9ng \u00eam \u00e1i, kh\u00f4ng g\u00e2y \u1ed3n, ph\u00f9 h\u1ee3p khi l\u00e1i xe ban \u0111\u00eam ho\u1eb7c \u0111\u01b0\u1eddng d\u00e0i. Chuy\u00ean \u0110\u1ed9 ph\u00e2n ph\u1ed1i qu\u1ea1t \u0111\u01a1n \u00f4 t\u00f4 \u0111\u1ea7u t\u1ea9u ch\u00ednh h\u00e3ng \u2013 d\u1ec5 d\u00f9ng, b\u1ec1n, gi\u00e1 t\u1ed1t.<\/p>\n<h3 data-start=\"1040\" data-end=\"1080\"><strong data-start=\"1040\" data-end=\"1080\">\u01afu \u0111i\u1ec3m c\u1ee7a qu\u1ea1t \u0111\u01a1n \u00f4 t\u00f4 24V12V<\/strong><\/h3>\n<p data-start=\"1082\" data-end=\"1403\">D\u00f9ng \u0111\u01b0\u1ee3c cho c\u1ea3 xe t\u1ea3i, xe kh\u00e1ch, xe h\u01a1i 4\u20137 ch\u1ed7, xe container ho\u1eb7c xe d\u1ecbch v\u1ee5.<br data-start=\"1162\" data-end=\"1165\" \/>Ti\u1ebft ki\u1ec7m \u0111i\u1ec7n, kh\u00f4ng \u1ea3nh h\u01b0\u1edfng b\u00ecnh \u1eafc quy khi ch\u1ea1y trong th\u1eddi gian d\u00e0i li\u00ean t\u1ee5c.<br data-start=\"1247\" data-end=\"1250\" \/>C\u00f3 n\u00fat \u0111i\u1ec1u ch\u1ec9nh t\u1ed1c \u0111\u1ed9 gi\u00f3, ph\u00f9 h\u1ee3p v\u1edbi nhu c\u1ea7u l\u00e0m m\u00e1t linh ho\u1ea1t t\u1eebng ng\u01b0\u1eddi.<br data-start=\"1329\" data-end=\"1332\" \/>Ph\u00f9 h\u1ee3p cho m\u00f9a h\u00e8, xe \u0111\u1ec3 l\u00e2u ngo\u00e0i n\u1eafng, xe c\u0169 ho\u1eb7c kh\u00f4ng c\u00f3 \u0111i\u1ec1u h\u00f2a.<\/p>\n<h3 data-start=\"1405\" data-end=\"1448\"><strong data-start=\"1405\" data-end=\"1448\">Mua qu\u1ea1t \u0111\u01a1n \u00f4 t\u00f4 24V12V \u0111\u01a1n \u0111\u1ea7u t\u1ea9u t\u1ea1i Chuy\u00ean \u0110\u1ed9<\/strong><\/h3>\n<p data-start=\"1450\" data-end=\"1703\">T\u00ecm \u201cqu\u1ea1t \u0111\u01a1n \u00f4 t\u00f4 24V12V\u201d tr\u00ean Google ho\u1eb7c \u0111\u1eb7t mua nhanh t\u1ea1i website ch\u00ednh th\u1ee9c Chuy\u00ean \u0110\u1ed9.<br data-start=\"1542\" data-end=\"1545\" \/>H\u1ed7 tr\u1ee3 ch\u1ecdn \u0111\u00fang phi\u00ean b\u1ea3n cho xe b\u1ea1n, giao h\u00e0ng nhanh to\u00e0n qu\u1ed1c, t\u01b0 v\u1ea5n t\u1eadn t\u00ecnh.<br data-start=\"1627\" data-end=\"1630\" \/>Chuy\u00ean \u0110\u1ed9 \u2013 chuy\u00ean thi\u1ebft b\u1ecb l\u00e0m m\u00e1t \u00f4 t\u00f4 ch\u00ednh h\u00e3ng, hi\u1ec7u qu\u1ea3 v\u00e0 an to\u00e0n.<\/p>\n<hr \/>\n<p>&nbsp;<\/p>\n<p><a href=\"https:\/\/chuyendo.vn\/oto\/\"><strong>Chuy\u00ean \u0110\u1ed9<\/strong><\/a> l\u00e0 s\u00e0n th\u01b0\u01a1ng m\u1ea1i \u0111i\u1ec7n t\u1eed h\u00e0ng \u0111\u1ea7u t\u1ea1i Vi\u1ec7t Nam d\u00e0nh cho ng\u01b0\u1eddi y\u00eau xe, chuy\u00ean cung c\u1ea5p ph\u1ee5 ki\u1ec7n \u0111\u1ed9, n\u00e2ng c\u1ea5p, l\u00e0m m\u1edbi, trang tr\u00ed, \u0111\u1ed3 ch\u01a1i xe m\u00e1y v\u00e0 xe \u0111i\u1ec7n. T\u1eebng s\u1ea3n ph\u1ea9m \u0111\u01b0\u1ee3c thi\u1ebft k\u1ebf \u0111\u1ec3 t\u1ed1i \u01b0u t\u00ednh t\u01b0\u01a1ng th\u00edch, hi\u1ec7u su\u1ea5t ho\u1ea1t \u0111\u1ed9ng v\u00e0 ti\u1ec7n l\u1ee3i, d\u1ec5 d\u00e0ng c\u00f3 th\u1ec3 t\u1ef1 l\u1eafp \u0111\u1eb7t. \u0110\u1ed9i ng\u0169 t\u01b0 v\u1ea5n vi\u00ean chuy\u00ean nghi\u1ec7p, s\u1eb5n s\u00e0ng h\u1ed7 tr\u1ee3 kh\u00e1ch h\u00e0ng l\u1ef1a ch\u1ecdn s\u1ea3n ph\u1ea9m ph\u00f9 h\u1ee3p nh\u1ea5t v\u1edbi nhu c\u1ea7u s\u1eed d\u1ee5ng. <a href=\"https:\/\/www.facebook.com\/profile.php?id=61566794691477\" target=\"_blank\" rel=\"noopener\"><strong>Chuy\u00ean \u0110\u1ed9<\/strong><\/a> \u0111\u01b0\u1ee3c x\u00e2y d\u1ef1ng v\u1edbi m\u1ee5c ti\u00eau n\u00e2ng cao an to\u00e0n, n\u00e2ng t\u1ea7m tr\u1ea3i nghi\u1ec7m khi l\u00e1i xe v\u1edbi phong c\u00e1ch ri\u00eang c\u1ee7a t\u1eebng kh\u00e1ch h\u00e0ng.<\/p>\n<p>&nbsp;<\/p>\n<p><strong><a href=\"https:\/\/chuyendo.vn\/oto\/shop\/\"><em>C\u00e1c s\u1ea3n ph\u1ea9m m\u1edbi t\u1ed1i \u01b0u nh\u1ea5t cho xe c\u1ee7a b\u1ea1n.(Nh\u1ea5n \u0110\u1ec3 Xem Chi Ti\u1ebft)<\/em><\/a><\/strong><\/p>\n<div style=\"margin: 20px 0;\"><div class=\"qrcswholewtapper\" style=\"text-align:center;\"><div class=\"qrcprowrapper\"  id=\"qrcwraa2leds\"><div class=\"qrc_canvass\" id=\"qrc_cuttenpages_2\" style=\"display:inline-block\" data-text=\"https:\/\/chuyendo.vn\/oto\/product\/quat-don-o-to-24v12v\/\"><\/div><div><a download=\"QU\u1ea0T \u0110\u01a0N, \u0110\u1ea6U C\u1eaeM T\u1ea8U, C\u00d4NG SU\u1ea4T M\u1ea0NH, 24v-12v.png\" class=\"qrcdownloads\" id=\"worign\">\r\n           <button type=\"button\" style=\"min-width:200px;background:#ffffff;color:#dd9933;font-weight: 600;border: 1px solid #dd9933;border-radius:25px;font-size:12px;padding: 6px 0;\" class=\"uqr_code_btn\">Qu\u00e9t M\u00e3 \u0110\u1ec3 Truy C\u1eadp<\/button>\r\n           <\/a><\/div><\/div><\/div><\/div>","protected":false},"excerpt":{"rendered":"<p>Qu\u1ea1t \u0111\u01a1n \u00f4 t\u00f4 24V12V t\u1ea9u, c\u00f4ng su\u1ea5t m\u1ea1nh, d\u00f9ng 24V v\u00e0 12V, xoay linh ho\u1ea1t Qu\u1ea1t \u0111\u01a1n \u00f4 t\u00f4 24V12V \u0111\u01a1n l\u00e0 gi\u1ea3i ph\u00e1p l\u00e0m m\u00e1t nh\u1ecf g\u1ecdn, ph\u00f9 h\u1ee3p m\u1ecdi d\u00f2ng xe t\u1eeb 4 \u0111\u1ebfn 16 ch\u1ed7. S\u1eed &hellip; <a href=\"https:\/\/chuyendo.vn\/oto\/product\/quat-don-o-to-24v12v\/\">Xem Chi Ti\u1ebft<\/a><\/p>\n","protected":false},"featured_media":10449,"comment_status":"open","ping_status":"closed","template":"","meta":[],"product_cat":[5344,603],"product_tag":[18592,18588,18562,18556,18579,18571,18529,18550,18575,18577,18547,18566,18558,18539,18583,18535,18549,18544,18565,18542,18541,18569,18572,18560,18552,18551,18581,18585,18573,18564,18563,18534,18589,18555,18587,18540,18517,18557,18553,18554,18545,18561,18548,18538,18586,18546,18591,18559,18543,18568,18533,18567,18570,18536,18537,18590],"class_list":{"0":"post-10165","1":"product","2":"type-product","3":"status-publish","4":"has-post-thumbnail","6":"product_cat-san-pham-moi","7":"product_cat-dientu","8":"product_tag-quat-cabin-dieu-chinh-toc-do","9":"product_tag-quat-cabin-khong-gay-tieng-on","10":"product_tag-quat-cabin-xe-12v-24v-nho-gon","11":"product_tag-quat-cabin-xe-ban-tai-tien-loi","12":"product_tag-quat-cabin-xe-dich-vu","13":"product_tag-quat-cabin-xe-hoi","14":"product_tag-quat-cabin-xe-khach","15":"product_tag-quat-cabin-xe-khach-chay-lien-tuc","16":"product_tag-quat-cam-tau-12v","17":"product_tag-quat-cam-tau-24v","18":"product_tag-quat-cam-tau-cho-ghe-sau-xe-hoi","19":"product_tag-quat-cam-tau-xe-hoi","20":"product_tag-quat-cam-tau-xe-hoi-chay-em","21":"product_tag-quat-cam-tau-xoay-360-do-cho-o-to","22":"product_tag-quat-dien-o-to-nho-gon","23":"product_tag-quat-don-cam-tau-xe-hoi-gia-tot","24":"product_tag-quat-don-lam-mat-xe-taxi-mua-he","25":"product_tag-quat-don-nho-gon-de-lap-dat","26":"product_tag-quat-don-o-to","27":"product_tag-quat-don-xe-container-24v-tien-dung","28":"product_tag-quat-don-xe-khach-mini-tiet-kiem-dien","29":"product_tag-quat-gio-cabin-xe-tai","30":"product_tag-quat-gio-o-to-24v","31":"product_tag-quat-gio-o-to-mini-cho-xe-ca-nhan","32":"product_tag-quat-gio-xe-tai-gia-re-hieu-qua","33":"product_tag-quat-lam-mat-xe-hoi-khong-can-dieu-hoa","34":"product_tag-quat-lam-mat-xe-o-to","35":"product_tag-quat-mini-xe-container","36":"product_tag-quat-o-to-1-dau","37":"product_tag-quat-o-to-12v","38":"product_tag-quat-o-to-24v","39":"product_tag-quat-o-to-24v-12v-don-cong-suat-manh","40":"product_tag-quat-o-to-ben","41":"product_tag-quat-o-to-cho-xe-khong-co-dieu-hoa","42":"product_tag-quat-o-to-chong-nong","43":"product_tag-quat-o-to-chong-nong-cabin-xe-hoi","44":"product_tag-quat-o-to-cong-suat-manh","45":"product_tag-quat-o-to-dau-cam-tau-don-dong-co-manh","46":"product_tag-quat-o-to-gia-re-cho-xe-gia-dinh","47":"product_tag-quat-o-to-mini-co-dieu-chinh-toc-do-gio","48":"product_tag-quat-o-to-mini-cong-suat-lon-khong-on","49":"product_tag-quat-o-to-mini-xoay-duoc","50":"product_tag-quat-o-to-tiet-kiem-binh-ac-quy","51":"product_tag-quat-xe-4-cho-cam-tau-dien-12v","52":"product_tag-quat-xe-4-cho-tien-dung","53":"product_tag-quat-xe-dich-vu-lam-mat-cabin-nhanh","54":"product_tag-quat-xe-du-lich-tiet-kiem-dien","55":"product_tag-quat-xe-hoi-don-cho-nguoi-lai","56":"product_tag-quat-xe-hoi-dung-duoc-2-nguon-dien","57":"product_tag-quat-xe-hoi-gia-re","58":"product_tag-quat-xe-hoi-khong-chiem-dien-tich","59":"product_tag-quat-xe-hoi-mini","60":"product_tag-quat-xe-hoi-xoay-360","61":"product_tag-quat-xe-o-to-nho-dung-dien-tau","62":"product_tag-quat-xe-tai-dau-don-dien-24v","63":"product_tag-quat-xe-taxi-mua-he","65":"first","66":"instock","67":"shipping-taxable","68":"purchasable","69":"product-type-variable"},"_links":{"self":[{"href":"https:\/\/chuyendo.vn\/oto\/wp-json\/wp\/v2\/product\/10165","targetHints":{"allow":["GET"]}}],"collection":[{"href":"https:\/\/chuyendo.vn\/oto\/wp-json\/wp\/v2\/product"}],"about":[{"href":"https:\/\/chuyendo.vn\/oto\/wp-json\/wp\/v2\/types\/product"}],"replies":[{"embeddable":true,"href":"https:\/\/chuyendo.vn\/oto\/wp-json\/wp\/v2\/comments?post=10165"}],"wp:featuredmedia":[{"embeddable":true,"href":"https:\/\/chuyendo.vn\/oto\/wp-json\/wp\/v2\/media\/10449"}],"wp:attachment":[{"href":"https:\/\/chuyendo.vn\/oto\/wp-json\/wp\/v2\/media?parent=10165"}],"wp:term":[{"taxonomy":"product_cat","embeddable":true,"href":"https:\/\/chuyendo.vn\/oto\/wp-json\/wp\/v2\/product_cat?post=10165"},{"taxonomy":"product_tag","embeddable":true,"href":"https:\/\/chuyendo.vn\/oto\/wp-json\/wp\/v2\/product_tag?post=10165"}],"curies":[{"name":"wp","href":"https:\/\/api.w.org\/{rel}","templated":true}]}}