{"id":10230,"date":"2025-05-18T09:50:29","date_gmt":"2025-05-18T09:50:29","guid":{"rendered":"https:\/\/chuyendo.vn\/oto\/?post_type=product&#038;p=10230"},"modified":"2025-06-13T08:19:30","modified_gmt":"2025-06-13T08:19:30","slug":"guong-cau-loi-khong-vien","status":"publish","type":"product","link":"https:\/\/chuyendo.vn\/oto\/product\/guong-cau-loi-khong-vien\/","title":{"rendered":"G\u01af\u01a0NG C\u1ea6U L\u1ed2I PH\u1ee4, KH\u00d4NG VI\u1ec0N V2"},"content":{"rendered":"<h2 data-start=\"375\" data-end=\"464\"><strong data-start=\"375\" data-end=\"464\">G\u01b0\u01a1ng c\u1ea7u l\u1ed3i kh\u00f4ng vi\u1ec1n\u00a0\u2013 M\u1edf r\u1ed9ng t\u1ea7m nh\u00ecn, h\u1ea1n ch\u1ebf \u0111i\u1ec3m m\u00f9 an to\u00e0n tuy\u1ec7t \u0111\u1ed1i<\/strong><\/h2>\n<p data-start=\"466\" data-end=\"1051\">G\u01b0\u01a1ng c\u1ea7u l\u1ed3i kh\u00f4ng vi\u1ec1n gi\u00fap ng\u01b0\u1eddi l\u00e1i quan s\u00e1t g\u00f3c khu\u1ea5t t\u1ed1t h\u01a1n khi l\u00e1i xe.<br data-start=\"551\" data-end=\"554\" \/>Thi\u1ebft k\u1ebf si\u00eau m\u1ecfng, kh\u00f4ng vi\u1ec1n, t\u0103ng th\u1ea9m m\u1ef9 v\u00e0 m\u1edf r\u1ed9ng g\u00f3c nh\u00ecn kh\u00f4ng b\u1ecb gi\u1edbi h\u1ea1n.<br data-start=\"637\" data-end=\"640\" \/>D\u00e1n tr\u1ef1c ti\u1ebfp l\u00ean g\u01b0\u01a1ng chi\u1ebfu h\u1eadu b\u1eb1ng keo 3M cao c\u1ea5p \u2013 ch\u1eafc ch\u1eafn, kh\u00f4ng bong tr\u00f3c.<br data-start=\"723\" data-end=\"726\" \/>M\u1eb7t g\u01b0\u01a1ng cong si\u00eau r\u1ed9ng gi\u00fap th\u1ea5y \u0111\u01b0\u1ee3c xe ph\u00eda sau, xe m\u00e1y, l\u1ec1 \u0111\u01b0\u1eddng, c\u1ed9t khu\u1ea5t.<br data-start=\"807\" data-end=\"810\" \/>Ch\u1ea5t li\u1ec7u g\u01b0\u01a1ng HD, kh\u00f4ng m\u1edd, kh\u00f4ng ch\u00f3i, ph\u1ea3n x\u1ea1 h\u00ecnh \u1ea3nh ch\u00e2n th\u1ef1c, r\u00f5 n\u00e9t.<br data-start=\"887\" data-end=\"890\" \/>C\u00f3 th\u1ec3 xoay 360 \u0111\u1ed9 \u0111i\u1ec1u ch\u1ec9nh g\u00f3c nh\u00ecn linh ho\u1ea1t theo t\u01b0 th\u1ebf l\u00e1i xe.<br data-start=\"958\" data-end=\"961\" \/>Chuy\u00ean \u0110\u1ed9 ph\u00e2n ph\u1ed1i g\u01b0\u01a1ng c\u1ea7u l\u1ed3i kh\u00f4ng vi\u1ec1n V2 \u2013 thi\u1ebft k\u1ebf t\u1ed1i gi\u1ea3n, si\u00eau \u0111\u1eb9p, d\u1ec5 l\u1eafp \u0111\u1eb7t.<\/p>\n<h3 data-start=\"1053\" data-end=\"1110\"><strong data-start=\"1053\" data-end=\"1110\">L\u1ee3i \u00edch khi l\u1eafp g\u01b0\u01a1ng c\u1ea7u l\u1ed3i kh\u00f4ng vi\u1ec1n V2 tr\u00ean \u00f4 t\u00f4<\/strong><\/h3>\n<p data-start=\"1112\" data-end=\"1413\">Lo\u1ea1i b\u1ecf \u0111i\u1ec3m m\u00f9 khi r\u1ebd tr\u00e1i\/ph\u1ea3i, l\u00f9i chu\u1ed3ng ho\u1eb7c chuy\u1ec3n l\u00e0n trong khu v\u1ef1c h\u1eb9p.<br data-start=\"1191\" data-end=\"1194\" \/>T\u0103ng kh\u1ea3 n\u0103ng quan s\u00e1t khi \u0111\u1ed7 xe g\u1ea7n v\u1ec9a h\u00e8, ng\u0103n tr\u1ea7y b\u00e1nh ho\u1eb7c va ch\u1ea1m nh\u1eb9.<br data-start=\"1271\" data-end=\"1274\" \/>G\u1eafn nhanh ch\u00f3ng, kh\u00f4ng c\u1ea7n th\u00e1o g\u01b0\u01a1ng zin, kh\u00f4ng \u1ea3nh h\u01b0\u1edfng b\u1ea3o h\u00e0nh xe.<br data-start=\"1345\" data-end=\"1348\" \/>Ph\u00f9 h\u1ee3p v\u1edbi m\u1ecdi lo\u1ea1i xe: sedan, SUV, MPV, xe b\u00e1n t\u1ea3i, xe d\u1ecbch v\u1ee5.<\/p>\n<h3 data-start=\"1415\" data-end=\"1498\"><strong data-start=\"1415\" data-end=\"1498\">Mua g\u01b0\u01a1ng c\u1ea7u l\u1ed3i kh\u00f4ng vi\u1ec1n t\u1ea1i Chuy\u00ean \u0110\u1ed9 \u2013 Nh\u00ecn r\u00f5, g\u1eafn nhanh, l\u00e1i xe an to\u00e0n<\/strong><\/h3>\n<p data-start=\"1500\" data-end=\"1772\">T\u00ecm ki\u1ebfm \u201cg\u01b0\u01a1ng c\u1ea7u l\u1ed3i kh\u00f4ng vi\u1ec1n\u201d tr\u00ean Google ho\u1eb7c mua tr\u1ef1c ti\u1ebfp t\u1ea1i website Chuy\u00ean \u0110\u1ed9.<br data-start=\"1589\" data-end=\"1592\" \/>Giao nhanh to\u00e0n qu\u1ed1c, cam k\u1ebft ch\u00ednh h\u00e3ng, t\u01b0 v\u1ea5n l\u1eafp \u0111\u1eb7t \u0111\u00fang c\u00e1ch, b\u1ea3o h\u00e0nh keo 3M.<br data-start=\"1676\" data-end=\"1679\" \/>Chuy\u00ean \u0110\u1ed9 \u2013 ph\u1ee5 ki\u1ec7n an to\u00e0n l\u00e1i xe, ch\u1ea5t l\u01b0\u1ee3ng cao, thi\u1ebft k\u1ebf tinh t\u1ebf, t\u1ed1i \u01b0u m\u1ecdi h\u00e0nh tr\u00ecnh.<\/p>\n<hr \/>\n<p>&nbsp;<\/p>\n<p><a href=\"https:\/\/chuyendo.vn\/oto\/\"><strong>Chuy\u00ean \u0110\u1ed9<\/strong><\/a> l\u00e0 s\u00e0n th\u01b0\u01a1ng m\u1ea1i \u0111i\u1ec7n t\u1eed h\u00e0ng \u0111\u1ea7u t\u1ea1i Vi\u1ec7t Nam d\u00e0nh cho ng\u01b0\u1eddi y\u00eau xe, chuy\u00ean cung c\u1ea5p ph\u1ee5 ki\u1ec7n \u0111\u1ed9, n\u00e2ng c\u1ea5p, l\u00e0m m\u1edbi, trang tr\u00ed, \u0111\u1ed3 ch\u01a1i xe m\u00e1y v\u00e0 xe \u0111i\u1ec7n. T\u1eebng s\u1ea3n ph\u1ea9m \u0111\u01b0\u1ee3c thi\u1ebft k\u1ebf \u0111\u1ec3 t\u1ed1i \u01b0u t\u00ednh t\u01b0\u01a1ng th\u00edch, hi\u1ec7u su\u1ea5t ho\u1ea1t \u0111\u1ed9ng v\u00e0 ti\u1ec7n l\u1ee3i, d\u1ec5 d\u00e0ng c\u00f3 th\u1ec3 t\u1ef1 l\u1eafp \u0111\u1eb7t. \u0110\u1ed9i ng\u0169 t\u01b0 v\u1ea5n vi\u00ean chuy\u00ean nghi\u1ec7p, s\u1eb5n s\u00e0ng h\u1ed7 tr\u1ee3 kh\u00e1ch h\u00e0ng l\u1ef1a ch\u1ecdn s\u1ea3n ph\u1ea9m ph\u00f9 h\u1ee3p nh\u1ea5t v\u1edbi nhu c\u1ea7u s\u1eed d\u1ee5ng. <a href=\"https:\/\/www.facebook.com\/profile.php?id=61566794691477\" target=\"_blank\" rel=\"noopener\"><strong>Chuy\u00ean \u0110\u1ed9<\/strong><\/a> \u0111\u01b0\u1ee3c x\u00e2y d\u1ef1ng v\u1edbi m\u1ee5c ti\u00eau n\u00e2ng cao an to\u00e0n, n\u00e2ng t\u1ea7m tr\u1ea3i nghi\u1ec7m khi l\u00e1i xe v\u1edbi phong c\u00e1ch ri\u00eang c\u1ee7a t\u1eebng kh\u00e1ch h\u00e0ng.<\/p>\n<p>&nbsp;<\/p>\n<p><strong><a href=\"https:\/\/chuyendo.vn\/oto\/shop\/\"><em>C\u00e1c s\u1ea3n ph\u1ea9m m\u1edbi t\u1ed1i \u01b0u nh\u1ea5t cho xe c\u1ee7a b\u1ea1n.(Nh\u1ea5n \u0110\u1ec3 Xem Chi Ti\u1ebft)<\/em><\/a><\/strong><\/p>\n<div style=\"margin: 20px 0;\"><div class=\"qrcswholewtapper\" style=\"text-align:center;\"><div class=\"qrcprowrapper\"  id=\"qrcwraa2leds\"><div class=\"qrc_canvass\" id=\"qrc_cuttenpages_2\" style=\"display:inline-block\" data-text=\"https:\/\/chuyendo.vn\/oto\/product\/guong-cau-loi-khong-vien\/\"><\/div><div><a download=\"G\u01af\u01a0NG C\u1ea6U L\u1ed2I PH\u1ee4, KH\u00d4NG VI\u1ec0N V2.png\" class=\"qrcdownloads\" id=\"worign\">\r\n           <button type=\"button\" style=\"min-width:200px;background:#ffffff;color:#dd9933;font-weight: 600;border: 1px solid #dd9933;border-radius:25px;font-size:12px;padding: 6px 0;\" class=\"uqr_code_btn\">Qu\u00e9t M\u00e3 \u0110\u1ec3 Truy C\u1eadp<\/button>\r\n           <\/a><\/div><\/div><\/div><\/div>","protected":false},"excerpt":{"rendered":"<p>G\u01b0\u01a1ng c\u1ea7u l\u1ed3i kh\u00f4ng vi\u1ec1n\u00a0\u2013 M\u1edf r\u1ed9ng t\u1ea7m nh\u00ecn, h\u1ea1n ch\u1ebf \u0111i\u1ec3m m\u00f9 an to\u00e0n tuy\u1ec7t \u0111\u1ed1i G\u01b0\u01a1ng c\u1ea7u l\u1ed3i kh\u00f4ng vi\u1ec1n gi\u00fap ng\u01b0\u1eddi l\u00e1i quan s\u00e1t g\u00f3c khu\u1ea5t t\u1ed1t h\u01a1n khi l\u00e1i xe.Thi\u1ebft k\u1ebf si\u00eau m\u1ecfng, kh\u00f4ng vi\u1ec1n, t\u0103ng &hellip; <a href=\"https:\/\/chuyendo.vn\/oto\/product\/guong-cau-loi-khong-vien\/\">Xem Chi Ti\u1ebft<\/a><\/p>\n","protected":false},"featured_media":10231,"comment_status":"open","ping_status":"closed","template":"","meta":[],"product_cat":[5344,19616],"product_tag":[19091,19085,19086,19108,19077,19096,19081,19082,19093,19076,19100,19103,19102,19080,19079,19095,19089,19104,19099,19088,19106,19084,19098,19097,19090,19078,19087,19092,19107,19101,19083,19105,19094],"class_list":{"0":"post-10230","1":"product","2":"type-product","3":"status-publish","4":"has-post-thumbnail","6":"product_cat-san-pham-moi","7":"product_cat-ngoai-xe","8":"product_tag-guong-cau-loi","9":"product_tag-guong-cau-loi-cho-xe-suv-thiet-ke-sieu-mong","10":"product_tag-guong-cau-loi-dan-3m-khong-vien-sang-trong","11":"product_tag-guong-cau-loi-dep","12":"product_tag-guong-cau-loi-gan-guong-chieu-hau-khong-vien","13":"product_tag-guong-cau-loi-gan-guong-hau","14":"product_tag-guong-cau-loi-gan-guong-hau-xe-4-cho","15":"product_tag-guong-cau-loi-ho-tro-quan-sat-banh-sau","16":"product_tag-guong-cau-loi-khong-vien","17":"product_tag-guong-cau-loi-khong-vien-v2-cho-o-to","18":"product_tag-guong-cau-loi-mini","19":"product_tag-guong-cau-loi-nho-xoay","20":"product_tag-guong-cau-loi-o-to-khong-vien","21":"product_tag-guong-cau-loi-phu-xoay-360-do-khong-vien","22":"product_tag-guong-chieu-hau-mo-rong-goc-nhin-xe-hoi","23":"product_tag-guong-chieu-hau-phu","24":"product_tag-guong-chieu-hau-phu-de-lap-dat","25":"product_tag-guong-chieu-hau-them","26":"product_tag-guong-chong-diem-mu","27":"product_tag-guong-chong-diem-mu-thiet-ke-moi-v2","28":"product_tag-guong-le-xe-o-to","29":"product_tag-guong-mo-rong-quan-sat-le-duong-o-to","30":"product_tag-guong-mo-rong-tam-nhin","31":"product_tag-guong-phu-dan-3m","32":"product_tag-guong-phu-gan-xe-dich-vu-tien-loi","33":"product_tag-guong-phu-khong-vien-chong-diem-mu","34":"product_tag-guong-phu-khong-vien-phan-xa-ro-net","35":"product_tag-guong-phu-o-to","36":"product_tag-guong-phu-suv","37":"product_tag-guong-phu-xe-hoi","38":"product_tag-guong-phu-xe-hoi-gan-ngoai-chong-va-cham","39":"product_tag-guong-quan-sat-banh-sau","40":"product_tag-guong-xoay-360-do","42":"first","43":"instock","44":"shipping-taxable","45":"purchasable","46":"product-type-variable"},"_links":{"self":[{"href":"https:\/\/chuyendo.vn\/oto\/wp-json\/wp\/v2\/product\/10230","targetHints":{"allow":["GET"]}}],"collection":[{"href":"https:\/\/chuyendo.vn\/oto\/wp-json\/wp\/v2\/product"}],"about":[{"href":"https:\/\/chuyendo.vn\/oto\/wp-json\/wp\/v2\/types\/product"}],"replies":[{"embeddable":true,"href":"https:\/\/chuyendo.vn\/oto\/wp-json\/wp\/v2\/comments?post=10230"}],"wp:featuredmedia":[{"embeddable":true,"href":"https:\/\/chuyendo.vn\/oto\/wp-json\/wp\/v2\/media\/10231"}],"wp:attachment":[{"href":"https:\/\/chuyendo.vn\/oto\/wp-json\/wp\/v2\/media?parent=10230"}],"wp:term":[{"taxonomy":"product_cat","embeddable":true,"href":"https:\/\/chuyendo.vn\/oto\/wp-json\/wp\/v2\/product_cat?post=10230"},{"taxonomy":"product_tag","embeddable":true,"href":"https:\/\/chuyendo.vn\/oto\/wp-json\/wp\/v2\/product_tag?post=10230"}],"curies":[{"name":"wp","href":"https:\/\/api.w.org\/{rel}","templated":true}]}}