{"id":10316,"date":"2025-06-09T09:39:19","date_gmt":"2025-06-09T09:39:19","guid":{"rendered":"https:\/\/chuyendo.vn\/oto\/?post_type=product&#038;p=10316"},"modified":"2025-06-09T09:56:38","modified_gmt":"2025-06-09T09:56:38","slug":"tem-nap-capo-amg-style","status":"publish","type":"product","link":"https:\/\/chuyendo.vn\/oto\/product\/tem-nap-capo-amg-style\/","title":{"rendered":"DECAL, TEM D\u00c1N N\u1eaeP CAPO \u00d4 T\u00d4-THI\u1ebeT K\u1ebe AMG"},"content":{"rendered":"<h2 data-start=\"226\" data-end=\"252\"><strong data-start=\"226\" data-end=\"252\">Tem n\u1eafp capo AMG style<\/strong><strong data-start=\"373\" data-end=\"449\">\u2013 Thi\u1ebft k\u1ebf AMG m\u1ea1nh m\u1ebd, \u0111\u1eadm ch\u1ea5t xe th\u1ec3 thao \u0110\u1ee9c<\/strong><\/h2>\n<p data-start=\"451\" data-end=\"1049\">Tem d\u00e1n n\u1eafp capo \u00f4 t\u00f4 phong c\u00e1ch AMG gi\u00fap xe n\u1ed5i b\u1eadt, mang d\u00e1ng d\u1ea5p d\u00f2ng xe hi\u1ec7u su\u1ea5t cao.<br data-start=\"541\" data-end=\"544\" \/>Thi\u1ebft k\u1ebf \u0111\u1eb7c tr\u01b0ng v\u1edbi s\u1ecdc ch\u00e9o, ch\u1eef AMG s\u1eafc n\u00e9t, bi\u1ec3u t\u01b0\u1ee3ng t\u1ed1c \u0111\u1ed9 v\u00e0 \u0111\u1eb3ng c\u1ea5p.<br data-start=\"624\" data-end=\"627\" \/>Ch\u1ea5t li\u1ec7u decal PVC cao c\u1ea5p, ch\u1ecbu n\u1eafng, m\u01b0a, kh\u00f4ng phai m\u00e0u, kh\u00f4ng bong tr\u00f3c.<br data-start=\"704\" data-end=\"707\" \/>D\u1ec5 d\u00e1n l\u00ean m\u1ecdi lo\u1ea1i n\u1eafp capo: sedan, SUV, hatchback, b\u00e1n t\u1ea3i \u2013 kh\u00f4ng c\u1ea7n th\u00e1o l\u1eafp ph\u1ee9c t\u1ea1p.<br data-start=\"798\" data-end=\"801\" \/>S\u1ea3n ph\u1ea9m c\u00f3 s\u1eb5n nhi\u1ec1u k\u00edch th\u01b0\u1edbc chu\u1ea9n xe 4\u20137 ch\u1ed7, d\u1ec5 t\u00f9y ch\u1ec9nh n\u1ebfu c\u1ea7n.<br data-start=\"873\" data-end=\"876\" \/>Decal b\u00e1m ch\u1eafc, kh\u00f4ng \u0111\u1ec3 l\u1ea1i keo khi g\u1ee1, kh\u00f4ng \u1ea3nh h\u01b0\u1edfng \u0111\u1ebfn l\u1edbp s\u01a1n zin c\u1ee7a xe.<br data-start=\"956\" data-end=\"959\" \/>Chuy\u00ean \u0110\u1ed9 cung c\u1ea5p tem n\u1eafp capo AMG \u2013 \u0111\u00fang chu\u1ea9n \u0111\u1eb3ng c\u1ea5p th\u1ec3 thao \u0110\u1ee9c, c\u00e1 t\u00ednh v\u01b0\u1ee3t tr\u1ed9i.<\/p>\n<h3 data-start=\"1051\" data-end=\"1116\"><strong data-start=\"1051\" data-end=\"1116\">V\u00ec sao <\/strong><strong data-start=\"226\" data-end=\"252\">Tem n\u1eafp capo AMG style <\/strong><strong data-start=\"1051\" data-end=\"1116\">\u0111\u01b0\u1ee3c \u01b0a chu\u1ed9ng tr\u00ean th\u1ecb tr\u01b0\u1eddng \u00f4 t\u00f4 \u0111\u1ed9 c\u00e1 t\u00ednh<\/strong><\/h3>\n<p data-start=\"1118\" data-end=\"1446\">T\u0103ng ch\u1ea5t th\u1ec3 thao, c\u00e1 t\u00ednh cho xe m\u00e0 kh\u00f4ng c\u1ea7n thay \u0111\u1ed5i k\u1ebft c\u1ea5u hay body kit.<br data-start=\"1196\" data-end=\"1199\" \/>Th\u1ec3 hi\u1ec7n phong c\u00e1ch y\u00eau t\u1ed1c \u0111\u1ed9, t\u00f4n l\u00ean ch\u1ea5t xe h\u1ea7m h\u1ed1 nh\u01b0 d\u00f2ng AMG th\u1eadt.<br data-start=\"1272\" data-end=\"1275\" \/>Th\u00edch h\u1ee3p cho c\u00e1c ch\u1ee7 xe th\u00edch \u201cl\u00ean \u0111\u1ed3 nh\u1eb9\u201d m\u00e0 v\u1eabn thu h\u00fat, kh\u00e1c bi\u1ec7t khi l\u0103n b\u00e1nh.<br data-start=\"1358\" data-end=\"1361\" \/>Ph\u1ed1i h\u1ee3p d\u1ec5 d\u00e0ng v\u1edbi tem s\u01b0\u1eddn, tem n\u1eafp capo ph\u1ee5, m\u00e2m th\u1ec3 thao ho\u1eb7c l\u01b0\u1edbi t\u1ea3n nhi\u1ec7t \u0111\u1ed9.<\/p>\n<p data-start=\"1448\" data-end=\"1536\"><strong data-start=\"1448\" data-end=\"1536\">Mua <\/strong><strong data-start=\"226\" data-end=\"252\">Tem n\u1eafp capo AMG style <\/strong><strong data-start=\"1448\" data-end=\"1536\">t\u1ea1i Chuy\u00ean \u0110\u1ed9 \u2013 C\u00e1 t\u00ednh \u0111\u1eadm ch\u1ea5t \u0110\u1ee9c, decal c\u1ef1c b\u1ec1n, gi\u00e1 h\u1ee3p l\u00fd<\/strong><\/p>\n<p data-start=\"1538\" data-end=\"1802\">T\u00ecm \u201ctem n\u1eafp capo AMG style\u201d tr\u00ean Google ho\u1eb7c \u0111\u1eb7t h\u00e0ng t\u1ea1i website ch\u00ednh th\u1ee9c Chuy\u00ean \u0110\u1ed9.<br data-start=\"1626\" data-end=\"1629\" \/>Nhi\u1ec1u l\u1ef1a ch\u1ecdn m\u00e0u s\u1eafc: \u0111en, tr\u1eafng, b\u1ea1c, \u0111\u1ecf&#8230; ph\u1ed1i h\u1ee3p n\u1ed9i \u2013 ngo\u1ea1i th\u1ea5t c\u1ef1c chu\u1ea9n.<br data-start=\"1712\" data-end=\"1715\" \/>Chuy\u00ean \u0110\u1ed9 \u2013 chuy\u00ean tem th\u1ec3 thao \u00f4 t\u00f4, decal trang tr\u00ed ch\u00ednh h\u00e3ng, giao nhanh to\u00e0n qu\u1ed1c.<\/p>\n<hr \/>\n<p>&nbsp;<\/p>\n<p><a href=\"https:\/\/chuyendo.vn\/oto\/\"><strong>Chuy\u00ean \u0110\u1ed9<\/strong><\/a> l\u00e0 s\u00e0n th\u01b0\u01a1ng m\u1ea1i \u0111i\u1ec7n t\u1eed h\u00e0ng \u0111\u1ea7u t\u1ea1i Vi\u1ec7t Nam d\u00e0nh cho ng\u01b0\u1eddi y\u00eau xe, chuy\u00ean cung c\u1ea5p ph\u1ee5 ki\u1ec7n \u0111\u1ed9, n\u00e2ng c\u1ea5p, l\u00e0m m\u1edbi, trang tr\u00ed, \u0111\u1ed3 ch\u01a1i xe m\u00e1y v\u00e0 xe \u0111i\u1ec7n. T\u1eebng s\u1ea3n ph\u1ea9m \u0111\u01b0\u1ee3c thi\u1ebft k\u1ebf \u0111\u1ec3 t\u1ed1i \u01b0u t\u00ednh t\u01b0\u01a1ng th\u00edch, hi\u1ec7u su\u1ea5t ho\u1ea1t \u0111\u1ed9ng v\u00e0 ti\u1ec7n l\u1ee3i, d\u1ec5 d\u00e0ng c\u00f3 th\u1ec3 t\u1ef1 l\u1eafp \u0111\u1eb7t. \u0110\u1ed9i ng\u0169 t\u01b0 v\u1ea5n vi\u00ean chuy\u00ean nghi\u1ec7p, s\u1eb5n s\u00e0ng h\u1ed7 tr\u1ee3 kh\u00e1ch h\u00e0ng l\u1ef1a ch\u1ecdn s\u1ea3n ph\u1ea9m ph\u00f9 h\u1ee3p nh\u1ea5t v\u1edbi nhu c\u1ea7u s\u1eed d\u1ee5ng. <a href=\"https:\/\/www.facebook.com\/profile.php?id=61566794691477\" target=\"_blank\" rel=\"noopener\"><strong>Chuy\u00ean \u0110\u1ed9<\/strong><\/a> \u0111\u01b0\u1ee3c x\u00e2y d\u1ef1ng v\u1edbi m\u1ee5c ti\u00eau n\u00e2ng cao an to\u00e0n, n\u00e2ng t\u1ea7m tr\u1ea3i nghi\u1ec7m khi l\u00e1i xe v\u1edbi phong c\u00e1ch ri\u00eang c\u1ee7a t\u1eebng kh\u00e1ch h\u00e0ng.<\/p>\n<p>&nbsp;<\/p>\n<p><strong><a href=\"https:\/\/chuyendo.vn\/oto\/shop\/\"><em>C\u00e1c s\u1ea3n ph\u1ea9m m\u1edbi t\u1ed1i \u01b0u nh\u1ea5t cho xe c\u1ee7a b\u1ea1n.(Nh\u1ea5n \u0110\u1ec3 Xem Chi Ti\u1ebft)<\/em><\/a><\/strong><\/p>\n<div style=\"margin: 20px 0;\"><div class=\"qrcswholewtapper\" style=\"text-align:center;\"><div class=\"qrcprowrapper\"  id=\"qrcwraa2leds\"><div class=\"qrc_canvass\" id=\"qrc_cuttenpages_2\" style=\"display:inline-block\" data-text=\"https:\/\/chuyendo.vn\/oto\/product\/tem-nap-capo-amg-style\/\"><\/div><div><a download=\"DECAL, TEM D\u00c1N N\u1eaeP CAPO \u00d4 T\u00d4-THI\u1ebeT K\u1ebe AMG.png\" class=\"qrcdownloads\" id=\"worign\">\r\n           <button type=\"button\" style=\"min-width:200px;background:#ffffff;color:#dd9933;font-weight: 600;border: 1px solid #dd9933;border-radius:25px;font-size:12px;padding: 6px 0;\" class=\"uqr_code_btn\">Qu\u00e9t M\u00e3 \u0110\u1ec3 Truy C\u1eadp<\/button>\r\n           <\/a><\/div><\/div><\/div><\/div>","protected":false},"excerpt":{"rendered":"<p>Tem n\u1eafp capo AMG style\u2013 Thi\u1ebft k\u1ebf AMG m\u1ea1nh m\u1ebd, \u0111\u1eadm ch\u1ea5t xe th\u1ec3 thao \u0110\u1ee9c Tem d\u00e1n n\u1eafp capo \u00f4 t\u00f4 phong c\u00e1ch AMG gi\u00fap xe n\u1ed5i b\u1eadt, mang d\u00e1ng d\u1ea5p d\u00f2ng xe hi\u1ec7u su\u1ea5t cao.Thi\u1ebft k\u1ebf \u0111\u1eb7c tr\u01b0ng &hellip; <a href=\"https:\/\/chuyendo.vn\/oto\/product\/tem-nap-capo-amg-style\/\">Xem Chi Ti\u1ebft<\/a><\/p>\n","protected":false},"featured_media":10317,"comment_status":"open","ping_status":"closed","template":"","meta":[],"product_cat":[5344,19110],"product_tag":[19221,19216,19208,19200,19227,19197,19225,19226,19233,19232,19231,19198,19206,19210,19230,19228,19207,19234,19215,19203,19223,19218,19201,19224,19205,19217,19212,19229,19199,19220,19219,19213,19204,19214,19202,19196,19222,19211,19209],"class_list":{"0":"post-10316","1":"product","2":"type-product","3":"status-publish","4":"has-post-thumbnail","6":"product_cat-san-pham-moi","7":"product_cat-dan-nap-capo","8":"product_tag-decal-amg","9":"product_tag-decal-amg-capo","10":"product_tag-decal-amg-dau-xe-7-cho","11":"product_tag-decal-capo-kieu-amg-khong-bong-troc","12":"product_tag-decal-capo-soc-amg","13":"product_tag-decal-dan-capo-amg-the-thao","14":"product_tag-tem-amg-5-cho","15":"product_tag-tem-amg-7-cho","16":"product_tag-tem-amg-ca-tinh","17":"product_tag-tem-amg-cao-cap","18":"product_tag-tem-amg-chinh-hang","19":"product_tag-tem-amg-cho-nap-capo-xe-hoi","20":"product_tag-tem-amg-cho-xe-5-cho","21":"product_tag-tem-amg-de-dan-khong-can-thao","22":"product_tag-tem-amg-dep","23":"product_tag-tem-amg-do-den","24":"product_tag-tem-amg-kieu-duc-dep-ca-tinh","25":"product_tag-tem-amg-manh-me","26":"product_tag-tem-amg-o-to","27":"product_tag-tem-amg-phoi-mau-den-do-xe-hoi","28":"product_tag-tem-amg-sedan","29":"product_tag-tem-amg-style","30":"product_tag-tem-amg-style-bam-chac-khong-troc-keo","31":"product_tag-tem-amg-suv","32":"product_tag-tem-amg-xe-suv-manh-me","33":"product_tag-tem-capo-amg","34":"product_tag-tem-capo-amg-chinh-hang-chuyen-do","35":"product_tag-tem-capo-chuyen-do","36":"product_tag-tem-capo-phong-cach-amg-chinh-hang","37":"product_tag-tem-capo-phong-cach-duc","38":"product_tag-tem-capo-the-thao","39":"product_tag-tem-dan-amg-phoi-soc-the-thao","40":"product_tag-tem-dan-nap-capo-xe-sedan-the-thao","41":"product_tag-tem-nap-capo-amg-sieu-ben","42":"product_tag-tem-nap-capo-o-to-soc-amg","43":"product_tag-tem-nap-capo-o-to-thiet-ke-amg","44":"product_tag-tem-nap-capo-xe-amg","45":"product_tag-tem-o-to-kieu-amg-phong-cach-dua-xe","46":"product_tag-tem-xe-amg-cat-san-theo-capo","48":"first","49":"instock","50":"shipping-taxable","51":"purchasable","52":"product-type-variable"},"_links":{"self":[{"href":"https:\/\/chuyendo.vn\/oto\/wp-json\/wp\/v2\/product\/10316","targetHints":{"allow":["GET"]}}],"collection":[{"href":"https:\/\/chuyendo.vn\/oto\/wp-json\/wp\/v2\/product"}],"about":[{"href":"https:\/\/chuyendo.vn\/oto\/wp-json\/wp\/v2\/types\/product"}],"replies":[{"embeddable":true,"href":"https:\/\/chuyendo.vn\/oto\/wp-json\/wp\/v2\/comments?post=10316"}],"wp:featuredmedia":[{"embeddable":true,"href":"https:\/\/chuyendo.vn\/oto\/wp-json\/wp\/v2\/media\/10317"}],"wp:attachment":[{"href":"https:\/\/chuyendo.vn\/oto\/wp-json\/wp\/v2\/media?parent=10316"}],"wp:term":[{"taxonomy":"product_cat","embeddable":true,"href":"https:\/\/chuyendo.vn\/oto\/wp-json\/wp\/v2\/product_cat?post=10316"},{"taxonomy":"product_tag","embeddable":true,"href":"https:\/\/chuyendo.vn\/oto\/wp-json\/wp\/v2\/product_tag?post=10316"}],"curies":[{"name":"wp","href":"https:\/\/api.w.org\/{rel}","templated":true}]}}