{"id":10417,"date":"2025-06-12T13:17:22","date_gmt":"2025-06-12T13:17:22","guid":{"rendered":"https:\/\/chuyendo.vn\/oto\/?post_type=product&#038;p=10417"},"modified":"2025-06-12T13:32:04","modified_gmt":"2025-06-12T13:32:04","slug":"tem-suon-o-to-sport","status":"publish","type":"product","link":"https:\/\/chuyendo.vn\/oto\/product\/tem-suon-o-to-sport\/","title":{"rendered":"DECAL,TEM D\u00c1N S\u01af\u1edcN \u00d4 T\u00d4  THI\u1ebeT K\u1ebe SPORT"},"content":{"rendered":"<h2 data-start=\"226\" data-end=\"249\"><strong data-start=\"226\" data-end=\"249\">Tem s\u01b0\u1eddn \u00f4 t\u00f4 Sport<\/strong><strong data-start=\"370\" data-end=\"456\">\u2013 Thi\u1ebft k\u1ebf Sport, m\u1ea1nh m\u1ebd, th\u1ec3 thao, t\u0103ng v\u1ebb ngo\u00e0i c\u00e1 t\u00ednh<\/strong><\/h2>\n<p data-start=\"226\" data-end=\"249\"><strong data-start=\"226\" data-end=\"249\">Tem s\u01b0\u1eddn \u00f4 t\u00f4 Sport<\/strong>\u00a0thi\u1ebft k\u1ebf Sport t\u1ea1o \u0111i\u1ec3m nh\u1ea5n \u0111\u1eadm ch\u1ea5t th\u1ec3 thao, ph\u00f9 h\u1ee3p m\u1ecdi d\u00f2ng xe n\u0103ng \u0111\u1ed9ng.<br data-start=\"550\" data-end=\"553\" \/>H\u1ecda ti\u1ebft s\u1eafc n\u00e9t: speed line, racing stripe, t\u00ean \u0111\u1ed9i \u0111ua ho\u1eb7c s\u1ed1 hi\u1ec7u c\u00e1 nh\u00e2n h\u00f3a c\u1ef1c \u0111\u1eb9p.<br data-start=\"643\" data-end=\"646\" \/>Phong c\u00e1ch xe th\u1ec3 thao ch\u00e2u \u00c2u, Nh\u1eadt B\u1ea3n, M\u1ef9 \u2013 mang l\u1ea1i c\u1ea3m gi\u00e1c chuy\u00ean nghi\u1ec7p v\u00e0 m\u1ea1nh m\u1ebd.<br data-start=\"736\" data-end=\"739\" \/>Ch\u1ea5t li\u1ec7u decal cao c\u1ea5p \u2013 b\u1ec1n m\u00e0u, kh\u00f4ng bong, d\u00ednh ch\u1eafc, ch\u1ed1ng n\u01b0\u1edbc v\u00e0 ch\u1ecbu n\u1eafng.<br data-start=\"821\" data-end=\"824\" \/>M\u00e0u s\u1eafc ph\u1ed1i chu\u1ea9n: \u0111\u1ecf \u2013 \u0111en, tr\u1eafng \u2013 xanh, v\u00e0ng \u2013 x\u00e1m\u2026 d\u1ec5 ph\u1ed1i c\u00f9ng m\u00e0u xe nguy\u00ean b\u1ea3n.<br data-start=\"911\" data-end=\"914\" \/>Thi\u1ebft k\u1ebf theo form xe 4\u20137 ch\u1ed7: sedan, SUV, hatchback, b\u00e1n t\u1ea3i \u2013 d\u1ec5 d\u00e1n t\u1ea1i nh\u00e0.<br data-start=\"993\" data-end=\"996\" \/>Chuy\u00ean \u0110\u1ed9 cung c\u1ea5p tem s\u01b0\u1eddn Sport \u2013 decal ch\u1ea5t l\u01b0\u1ee3ng, chu\u1ea9n d\u00e1ng xe, m\u1eabu m\u00e3 \u0111a d\u1ea1ng.<\/p>\n<h3 data-start=\"1082\" data-end=\"1135\"><strong data-start=\"1082\" data-end=\"1135\">L\u00fd do b\u1ea1n n\u00ean ch\u1ecdn t<\/strong><strong data-start=\"226\" data-end=\"249\">em s\u01b0\u1eddn \u00f4 t\u00f4 Sport <\/strong><strong data-start=\"1082\" data-end=\"1135\">cho xe c\u1ee7a m\u00ecnh<\/strong><\/h3>\n<p data-start=\"1137\" data-end=\"1447\">T\u0103ng s\u1ef1 n\u1ed5i b\u1eadt, t\u1ea1o c\u1ea3m gi\u00e1c xe t\u1ed1c \u0111\u1ed9, chuy\u00ean nghi\u1ec7p nh\u01b0 xe \u0111ua th\u1ef1c th\u1ee5.<\/p>\n<p data-start=\"1137\" data-end=\"1447\"><strong data-start=\"226\" data-end=\"249\">Tem s\u01b0\u1eddn \u00f4 t\u00f4 Sport <\/strong>T\u1ea1o c\u00e1 t\u00ednh ri\u00eang m\u00e0 kh\u00f4ng c\u1ea7n \u0111\u1ed9 body kit hay thay \u0111\u1ed5i k\u1ebft c\u1ea5u xe.<br data-start=\"1282\" data-end=\"1285\" \/>D\u1ec5 ph\u1ed1i h\u1ee3p v\u1edbi tem capo, \u0111\u00e8n LED, m\u00e2m th\u1ec3 thao ho\u1eb7c p\u00f4 \u0111\u1ed9 \u0111\u1ec3 ho\u00e0n ch\u1ec9nh phong c\u00e1ch.<br data-start=\"1369\" data-end=\"1372\" \/>Ph\u00f9 h\u1ee3p ng\u01b0\u1eddi y\u00eau xe, th\u00edch s\u1ef1 n\u1ed5i b\u1eadt v\u00e0 phong c\u00e1ch xe th\u1ec3 thao \u0111\u01b0\u1eddng ph\u1ed1.<\/p>\n<p data-start=\"1449\" data-end=\"1540\"><strong data-start=\"1449\" data-end=\"1540\">Mua t<\/strong><strong data-start=\"226\" data-end=\"249\">em s\u01b0\u1eddn \u00f4 t\u00f4 Sport <\/strong><strong data-start=\"1449\" data-end=\"1540\">t\u1ea1i Chuy\u00ean \u0110\u1ed9 \u2013 C\u00e1 t\u00ednh \u0111\u1eadm, decal si\u00eau b\u1ec1n, form c\u1ef1c chu\u1ea9n<\/strong><\/p>\n<p data-start=\"1542\" data-end=\"1821\">T\u00ecm \u201ctem s\u01b0\u1eddn \u00f4 t\u00f4 Sport\u201d tr\u00ean Google ho\u1eb7c \u0111\u1eb7t ngay t\u1ea1i website ch\u00ednh th\u1ee9c c\u1ee7a Chuy\u00ean \u0110\u1ed9.<br data-start=\"1631\" data-end=\"1634\" \/>Nhi\u1ec1u m\u1eabu tem hot: Drift Edition, Turbo Racing, Racing Line, Fast Motion\u2026 c\u1eadp nh\u1eadt li\u00ean t\u1ee5c.<br data-start=\"1726\" data-end=\"1729\" \/>Chuy\u00ean \u0110\u1ed9 \u2013 chuy\u00ean tem decal trang tr\u00ed xe th\u1ec3 thao, giao h\u00e0ng to\u00e0n qu\u1ed1c, cam k\u1ebft ch\u00ednh h\u00e3ng.<\/p>\n<hr \/>\n<p>&nbsp;<\/p>\n<p><a href=\"https:\/\/chuyendo.vn\/oto\/\"><strong>Chuy\u00ean \u0110\u1ed9<\/strong><\/a> l\u00e0 s\u00e0n th\u01b0\u01a1ng m\u1ea1i \u0111i\u1ec7n t\u1eed h\u00e0ng \u0111\u1ea7u t\u1ea1i Vi\u1ec7t Nam d\u00e0nh cho ng\u01b0\u1eddi y\u00eau xe, chuy\u00ean cung c\u1ea5p ph\u1ee5 ki\u1ec7n \u0111\u1ed9, n\u00e2ng c\u1ea5p, l\u00e0m m\u1edbi, trang tr\u00ed, \u0111\u1ed3 ch\u01a1i xe m\u00e1y v\u00e0 xe \u0111i\u1ec7n. T\u1eebng s\u1ea3n ph\u1ea9m \u0111\u01b0\u1ee3c thi\u1ebft k\u1ebf \u0111\u1ec3 t\u1ed1i \u01b0u t\u00ednh t\u01b0\u01a1ng th\u00edch, hi\u1ec7u su\u1ea5t ho\u1ea1t \u0111\u1ed9ng v\u00e0 ti\u1ec7n l\u1ee3i, d\u1ec5 d\u00e0ng c\u00f3 th\u1ec3 t\u1ef1 l\u1eafp \u0111\u1eb7t. \u0110\u1ed9i ng\u0169 t\u01b0 v\u1ea5n vi\u00ean chuy\u00ean nghi\u1ec7p, s\u1eb5n s\u00e0ng h\u1ed7 tr\u1ee3 kh\u00e1ch h\u00e0ng l\u1ef1a ch\u1ecdn s\u1ea3n ph\u1ea9m ph\u00f9 h\u1ee3p nh\u1ea5t v\u1edbi nhu c\u1ea7u s\u1eed d\u1ee5ng. <a href=\"https:\/\/www.facebook.com\/profile.php?id=61566794691477\" target=\"_blank\" rel=\"noopener\"><strong>Chuy\u00ean \u0110\u1ed9<\/strong><\/a> \u0111\u01b0\u1ee3c x\u00e2y d\u1ef1ng v\u1edbi m\u1ee5c ti\u00eau n\u00e2ng cao an to\u00e0n, n\u00e2ng t\u1ea7m tr\u1ea3i nghi\u1ec7m khi l\u00e1i xe v\u1edbi phong c\u00e1ch ri\u00eang c\u1ee7a t\u1eebng kh\u00e1ch h\u00e0ng.<\/p>\n<p>&nbsp;<\/p>\n<p><strong><a href=\"https:\/\/chuyendo.vn\/oto\/shop\/\"><em>C\u00e1c s\u1ea3n ph\u1ea9m m\u1edbi t\u1ed1i \u01b0u nh\u1ea5t cho xe c\u1ee7a b\u1ea1n.(Nh\u1ea5n \u0110\u1ec3 Xem Chi Ti\u1ebft)<\/em><\/a><\/strong><\/p>\n<div style=\"margin: 20px 0;\"><div class=\"qrcswholewtapper\" style=\"text-align:center;\"><div class=\"qrcprowrapper\"  id=\"qrcwraa2leds\"><div class=\"qrc_canvass\" id=\"qrc_cuttenpages_2\" style=\"display:inline-block\" data-text=\"https:\/\/chuyendo.vn\/oto\/product\/tem-suon-o-to-sport\/\"><\/div><div><a download=\"DECAL,TEM D\u00c1N S\u01af\u1edcN \u00d4 T\u00d4  THI\u1ebeT K\u1ebe SPORT.png\" class=\"qrcdownloads\" id=\"worign\">\r\n           <button type=\"button\" style=\"min-width:200px;background:#ffffff;color:#dd9933;font-weight: 600;border: 1px solid #dd9933;border-radius:25px;font-size:12px;padding: 6px 0;\" class=\"uqr_code_btn\">Qu\u00e9t M\u00e3 \u0110\u1ec3 Truy C\u1eadp<\/button>\r\n           <\/a><\/div><\/div><\/div><\/div>","protected":false},"excerpt":{"rendered":"<p>Tem s\u01b0\u1eddn \u00f4 t\u00f4 Sport\u2013 Thi\u1ebft k\u1ebf Sport, m\u1ea1nh m\u1ebd, th\u1ec3 thao, t\u0103ng v\u1ebb ngo\u00e0i c\u00e1 t\u00ednh Tem s\u01b0\u1eddn \u00f4 t\u00f4 Sport\u00a0thi\u1ebft k\u1ebf Sport t\u1ea1o \u0111i\u1ec3m nh\u1ea5n \u0111\u1eadm ch\u1ea5t th\u1ec3 thao, ph\u00f9 h\u1ee3p m\u1ecdi d\u00f2ng xe n\u0103ng \u0111\u1ed9ng.H\u1ecda ti\u1ebft s\u1eafc &hellip; <a href=\"https:\/\/chuyendo.vn\/oto\/product\/tem-suon-o-to-sport\/\">Xem Chi Ti\u1ebft<\/a><\/p>\n","protected":false},"featured_media":10421,"comment_status":"open","ping_status":"closed","template":"","meta":[],"product_cat":[5344,19111],"product_tag":[19499,19522,19506,19496,19515,19503,19513,19528,19529,19512,19521,19520,19509,19514,19524,19532,19527,19507,19530,19523,19526,16635,16655,19500,19511,19504,19497,19495,19501,19518,19498,19519,19516,19502,19525,19510,19517,19505,19508,19531],"class_list":{"0":"post-10417","1":"product","2":"type-product","3":"status-publish","4":"has-post-thumbnail","6":"product_cat-san-pham-moi","7":"product_cat-dan-suon-xe","8":"product_tag-decal-dan-suon-xe-the-thao-suv","9":"product_tag-decal-sport-line","10":"product_tag-decal-suon-o-to-chong-nuoc-khong-bong","11":"product_tag-decal-suon-o-to-sport-racing","12":"product_tag-decal-suon-sport","13":"product_tag-decal-tem-suon-turbo-racing","14":"product_tag-decal-the-thao-dan-suon-xe-dep","15":"product_tag-tem-dan-suon-racing","16":"product_tag-tem-dan-suon-turbo","17":"product_tag-tem-dan-suon-xe-ca-tinh-nang-dong","18":"product_tag-tem-racing-o-to","19":"product_tag-tem-sport-o-to","20":"product_tag-tem-sport-suon-dan-xe-hatchback","21":"product_tag-tem-sport-suon-xe-o-to-decal-chinh-hang","22":"product_tag-tem-suon-ban-tai","23":"product_tag-tem-suon-ca-tinh","24":"product_tag-tem-suon-do-den","25":"product_tag-tem-suon-drift-edition-cho-xe-ban-tai","26":"product_tag-tem-suon-fast-motion","27":"product_tag-tem-suon-hatchback","28":"product_tag-tem-suon-ngau","29":"product_tag-tem-suon-o-to","30":"product_tag-tem-suon-o-to-dep","31":"product_tag-tem-suon-o-to-do-den-racing-line","32":"product_tag-tem-suon-o-to-phong-cach-dua-xe-that","33":"product_tag-tem-suon-o-to-phong-cach-nhat-ban","34":"product_tag-tem-suon-o-to-phong-cach-xe-dua","35":"product_tag-tem-suon-o-to-thiet-ke-the-thao-manh-me","36":"product_tag-tem-suon-phong-cach-speed-line","37":"product_tag-tem-suon-sedan","38":"product_tag-tem-suon-sport-cho-xe-sedan","39":"product_tag-tem-suon-suv","40":"product_tag-tem-suon-the-thao","41":"product_tag-tem-suon-the-thao-phoi-trang-den-dep","42":"product_tag-tem-suon-toc-do","43":"product_tag-tem-suon-toc-do-style-f1","44":"product_tag-tem-suon-xe-dua","45":"product_tag-tem-suon-xe-hoi-chat-the-thao","46":"product_tag-tem-the-thao-suon-o-to-chat-luong-cao","47":"product_tag-tem-xe-sport","49":"first","50":"instock","51":"shipping-taxable","52":"purchasable","53":"product-type-variable"},"_links":{"self":[{"href":"https:\/\/chuyendo.vn\/oto\/wp-json\/wp\/v2\/product\/10417","targetHints":{"allow":["GET"]}}],"collection":[{"href":"https:\/\/chuyendo.vn\/oto\/wp-json\/wp\/v2\/product"}],"about":[{"href":"https:\/\/chuyendo.vn\/oto\/wp-json\/wp\/v2\/types\/product"}],"replies":[{"embeddable":true,"href":"https:\/\/chuyendo.vn\/oto\/wp-json\/wp\/v2\/comments?post=10417"}],"wp:featuredmedia":[{"embeddable":true,"href":"https:\/\/chuyendo.vn\/oto\/wp-json\/wp\/v2\/media\/10421"}],"wp:attachment":[{"href":"https:\/\/chuyendo.vn\/oto\/wp-json\/wp\/v2\/media?parent=10417"}],"wp:term":[{"taxonomy":"product_cat","embeddable":true,"href":"https:\/\/chuyendo.vn\/oto\/wp-json\/wp\/v2\/product_cat?post=10417"},{"taxonomy":"product_tag","embeddable":true,"href":"https:\/\/chuyendo.vn\/oto\/wp-json\/wp\/v2\/product_tag?post=10417"}],"curies":[{"name":"wp","href":"https:\/\/api.w.org\/{rel}","templated":true}]}}