{"id":10438,"date":"2025-06-12T13:49:58","date_gmt":"2025-06-12T13:49:58","guid":{"rendered":"https:\/\/chuyendo.vn\/oto\/?post_type=product&#038;p=10438"},"modified":"2025-06-12T13:56:26","modified_gmt":"2025-06-12T13:56:26","slug":"tem-suon-o-to-nang-dong","status":"publish","type":"product","link":"https:\/\/chuyendo.vn\/oto\/product\/tem-suon-o-to-nang-dong\/","title":{"rendered":"DECAL,TEM D\u00c1N S\u01af\u1edcN \u00d4 T\u00d4  N\u0102NG \u0110\u1ed8NG"},"content":{"rendered":"<p data-start=\"374\" data-end=\"470\"><strong data-start=\"374\" data-end=\"470\">Tem s\u01b0\u1eddn \u00f4 t\u00f4 n\u0103ng \u0111\u1ed9ng\u00a0\u2013 Thi\u1ebft k\u1ebf n\u0103ng \u0111\u1ed9ng, tr\u1ebb trung, t\u1ea1o phong c\u00e1ch chuy\u1ec3n \u0111\u1ed9ng li\u00ean t\u1ee5c<\/strong><\/p>\n<p data-start=\"472\" data-end=\"1085\">Tem s\u01b0\u1eddn \u00f4 t\u00f4 n\u0103ng \u0111\u1ed9ng mang \u0111\u1ebfn di\u1ec7n m\u1ea1o m\u1edbi m\u1ebb, vui nh\u1ed9n, tr\u1ebb trung cho chi\u1ebfc xe c\u1ee7a b\u1ea1n.<br data-start=\"563\" data-end=\"566\" \/>Thi\u1ebft k\u1ebf s\u00e1ng t\u1ea1o v\u1edbi d\u1ea3i m\u00e0u ch\u1ea1y d\u00e0i, h\u1ecda ti\u1ebft chuy\u1ec3n \u0111\u1ed9ng ho\u1eb7c ch\u1eef c\u00e1ch \u0111i\u1ec7u hi\u1ec7n \u0111\u1ea1i.<br data-start=\"655\" data-end=\"658\" \/>Th\u00edch h\u1ee3p cho ch\u1ee7 xe tr\u1ebb, c\u00e1 t\u00ednh m\u1ea1nh, y\u00eau th\u00edch s\u1ef1 n\u1ed5i b\u1eadt v\u00e0 ph\u00e1 c\u00e1ch.<br data-start=\"731\" data-end=\"734\" \/>Phong c\u00e1ch ph\u00f9 h\u1ee3p c\u1ea3 xe gia \u0111\u00ecnh, xe c\u00e1 nh\u00e2n ho\u1eb7c xe d\u1ecbch v\u1ee5 mu\u1ed1n t\u1ea1o \u1ea5n t\u01b0\u1ee3ng t\u1ed1t.<br data-start=\"818\" data-end=\"821\" \/>Decal ch\u1ea5t l\u01b0\u1ee3ng cao, b\u00e1m ch\u1eafc tr\u00ean m\u1ecdi b\u1ec1 m\u1eb7t s\u01a1n, ch\u1ed1ng n\u01b0\u1edbc, kh\u00f4ng bong tr\u00f3c.<br data-start=\"901\" data-end=\"904\" \/>M\u00e0u s\u1eafc s\u1ed1ng \u0111\u1ed9ng: \u0111\u1ecf, xanh, cam, v\u00e0ng neon, t\u1ea1o hi\u1ec7u \u1ee9ng di chuy\u1ec3n li\u00ean t\u1ee5c khi xe ch\u1ea1y.<br data-start=\"993\" data-end=\"996\" \/>Chuy\u00ean \u0110\u1ed9 ph\u00e2n ph\u1ed1i tem s\u01b0\u1eddn n\u0103ng \u0111\u1ed9ng \u2013 decal d\u00e1n d\u1ec5, form chu\u1ea9n, m\u1eabu c\u1eadp nh\u1eadt li\u00ean t\u1ee5c.<\/p>\n<p data-start=\"1087\" data-end=\"1145\"><strong data-start=\"1087\" data-end=\"1145\">L\u00fd do n\u00ean ch\u1ecdnTem s\u01b0\u1eddn \u00f4 t\u00f4 n\u0103ng \u0111\u1ed9ng cho chi\u1ebfc xe c\u1ee7a b\u1ea1n<\/strong><\/p>\n<p data-start=\"1147\" data-end=\"1456\">Th\u1ec3 hi\u1ec7n s\u1ef1 nhi\u1ec7t huy\u1ebft, y\u00eau \u0111\u1eddi, \u0111am m\u00ea t\u1ed1c \u0111\u1ed9 v\u00e0 c\u1ea3m gi\u00e1c l\u00e1i linh ho\u1ea1t.<br data-start=\"1221\" data-end=\"1224\" \/>T\u1ea1o c\u1ea3m gi\u00e1c xe lu\u00f4n di chuy\u1ec3n, n\u0103ng l\u01b0\u1ee3ng t\u00edch c\u1ef1c v\u00e0 n\u1ed5i b\u1eadt m\u1ecdi l\u00fac m\u1ecdi n\u01a1i.<br data-start=\"1303\" data-end=\"1306\" \/>Ph\u00f9 h\u1ee3p k\u1ebft h\u1ee3p v\u1edbi tem capo, \u0111u\u00f4i xe, ho\u1eb7c decal n\u1eafp b\u00ecnh x\u0103ng phong c\u00e1ch tr\u1ebb.<br data-start=\"1385\" data-end=\"1388\" \/>Kh\u00f4ng c\u1ea7n \u0111\u1ed9 xe, ch\u1ec9 v\u1edbi tem s\u01b0\u1eddn l\u00e0 \u0111\u00e3 \u0111\u1ee7 kh\u00e1c bi\u1ec7t so v\u1edbi s\u1ed1 \u0111\u00f4ng.<\/p>\n<p data-start=\"1458\" data-end=\"1549\"><strong data-start=\"1458\" data-end=\"1549\">Mua Tem s\u01b0\u1eddn \u00f4 t\u00f4 n\u0103ng \u0111\u1ed9ng t\u1ea1i Chuy\u00ean \u0110\u1ed9 \u2013 M\u00e0u t\u01b0\u01a1i, decal b\u00e1m d\u00ednh t\u1ed1t, d\u00e1n c\u1ef1c nhanh<\/strong><\/p>\n<p data-start=\"1551\" data-end=\"1818\">T\u00ecm \u201ctem s\u01b0\u1eddn \u00f4 t\u00f4 n\u0103ng \u0111\u1ed9ng\u201d tr\u00ean Google ho\u1eb7c \u0111\u1eb7t tr\u1ef1c ti\u1ebfp t\u1ea1i website c\u1ee7a Chuy\u00ean \u0110\u1ed9.<br data-start=\"1638\" data-end=\"1641\" \/>Nhi\u1ec1u m\u1eabu c\u00e1 t\u00ednh: Speed Vibe, Color Motion, Urban Dash, Neon Line\u2026 li\u00ean t\u1ee5c c\u1eadp nh\u1eadt m\u1edbi.<br data-start=\"1731\" data-end=\"1734\" \/>Chuy\u00ean \u0110\u1ed9 \u2013 chuy\u00ean tem n\u0103ng \u0111\u1ed9ng cho ng\u01b0\u1eddi y\u00eau xe phong c\u00e1ch m\u1edbi, t\u01b0\u01a1i tr\u1ebb m\u1ed7i ng\u00e0y.<\/p>\n<hr \/>\n<p>&nbsp;<\/p>\n<p><a href=\"https:\/\/chuyendo.vn\/oto\/\"><strong>Chuy\u00ean \u0110\u1ed9<\/strong><\/a> l\u00e0 s\u00e0n th\u01b0\u01a1ng m\u1ea1i \u0111i\u1ec7n t\u1eed h\u00e0ng \u0111\u1ea7u t\u1ea1i Vi\u1ec7t Nam d\u00e0nh cho ng\u01b0\u1eddi y\u00eau xe, chuy\u00ean cung c\u1ea5p ph\u1ee5 ki\u1ec7n \u0111\u1ed9, n\u00e2ng c\u1ea5p, l\u00e0m m\u1edbi, trang tr\u00ed, \u0111\u1ed3 ch\u01a1i xe m\u00e1y v\u00e0 xe \u0111i\u1ec7n. T\u1eebng s\u1ea3n ph\u1ea9m \u0111\u01b0\u1ee3c thi\u1ebft k\u1ebf \u0111\u1ec3 t\u1ed1i \u01b0u t\u00ednh t\u01b0\u01a1ng th\u00edch, hi\u1ec7u su\u1ea5t ho\u1ea1t \u0111\u1ed9ng v\u00e0 ti\u1ec7n l\u1ee3i, d\u1ec5 d\u00e0ng c\u00f3 th\u1ec3 t\u1ef1 l\u1eafp \u0111\u1eb7t. \u0110\u1ed9i ng\u0169 t\u01b0 v\u1ea5n vi\u00ean chuy\u00ean nghi\u1ec7p, s\u1eb5n s\u00e0ng h\u1ed7 tr\u1ee3 kh\u00e1ch h\u00e0ng l\u1ef1a ch\u1ecdn s\u1ea3n ph\u1ea9m ph\u00f9 h\u1ee3p nh\u1ea5t v\u1edbi nhu c\u1ea7u s\u1eed d\u1ee5ng. <a href=\"https:\/\/www.facebook.com\/profile.php?id=61566794691477\" target=\"_blank\" rel=\"noopener\"><strong>Chuy\u00ean \u0110\u1ed9<\/strong><\/a> \u0111\u01b0\u1ee3c x\u00e2y d\u1ef1ng v\u1edbi m\u1ee5c ti\u00eau n\u00e2ng cao an to\u00e0n, n\u00e2ng t\u1ea7m tr\u1ea3i nghi\u1ec7m khi l\u00e1i xe v\u1edbi phong c\u00e1ch ri\u00eang c\u1ee7a t\u1eebng kh\u00e1ch h\u00e0ng.<\/p>\n<p>&nbsp;<\/p>\n<p><strong><a href=\"https:\/\/chuyendo.vn\/oto\/shop\/\"><em>C\u00e1c s\u1ea3n ph\u1ea9m m\u1edbi t\u1ed1i \u01b0u nh\u1ea5t cho xe c\u1ee7a b\u1ea1n.(Nh\u1ea5n \u0110\u1ec3 Xem Chi Ti\u1ebft)<\/em><\/a><\/strong><\/p>\n<div style=\"margin: 20px 0;\"><div class=\"qrcswholewtapper\" style=\"text-align:center;\"><div class=\"qrcprowrapper\"  id=\"qrcwraa2leds\"><div class=\"qrc_canvass\" id=\"qrc_cuttenpages_2\" style=\"display:inline-block\" data-text=\"https:\/\/chuyendo.vn\/oto\/product\/tem-suon-o-to-nang-dong\/\"><\/div><div><a download=\"DECAL,TEM D\u00c1N S\u01af\u1edcN \u00d4 T\u00d4  N\u0102NG \u0110\u1ed8NG.png\" class=\"qrcdownloads\" id=\"worign\">\r\n           <button type=\"button\" style=\"min-width:200px;background:#ffffff;color:#dd9933;font-weight: 600;border: 1px solid #dd9933;border-radius:25px;font-size:12px;padding: 6px 0;\" class=\"uqr_code_btn\">Qu\u00e9t M\u00e3 \u0110\u1ec3 Truy C\u1eadp<\/button>\r\n           <\/a><\/div><\/div><\/div><\/div>","protected":false},"excerpt":{"rendered":"<p>Tem s\u01b0\u1eddn \u00f4 t\u00f4 n\u0103ng \u0111\u1ed9ng\u00a0\u2013 Thi\u1ebft k\u1ebf n\u0103ng \u0111\u1ed9ng, tr\u1ebb trung, t\u1ea1o phong c\u00e1ch chuy\u1ec3n \u0111\u1ed9ng li\u00ean t\u1ee5c Tem s\u01b0\u1eddn \u00f4 t\u00f4 n\u0103ng \u0111\u1ed9ng mang \u0111\u1ebfn di\u1ec7n m\u1ea1o m\u1edbi m\u1ebb, vui nh\u1ed9n, tr\u1ebb trung cho chi\u1ebfc xe c\u1ee7a b\u1ea1n.Thi\u1ebft &hellip; <a href=\"https:\/\/chuyendo.vn\/oto\/product\/tem-suon-o-to-nang-dong\/\">Xem Chi Ti\u1ebft<\/a><\/p>\n","protected":false},"featured_media":10439,"comment_status":"open","ping_status":"closed","template":"","meta":[],"product_cat":[5344],"product_tag":[19570,19582,19590,19588,19597,19578,19591,19574,19585,19584,19532,19586,19572,19583,19599,19605,19603,19593,19523,19592,19600,19589,19575,19594,16635,19581,19569,19577,19576,19595,19604,19571,19598,19601,19573,19587,19602,19580,19596,19579],"class_list":{"0":"post-10438","1":"product","2":"type-product","3":"status-publish","4":"has-post-thumbnail","6":"product_cat-san-pham-moi","7":"product_tag-decal-suon-o-to-mau-sac-song-dong","8":"product_tag-decal-suon-phong-cach-linh-hoat","9":"product_tag-decal-suon-tre-trung","10":"product_tag-decal-tem-suon-chuyen-do-phong-cach-tre","11":"product_tag-tem-chuyen-dong-xe","12":"product_tag-tem-dan-suon-ca-tinh-danh-cho-nguoi-tre","13":"product_tag-tem-dan-suon-xe","14":"product_tag-tem-dan-suon-xe-phoi-cam-vang-noi-bat","15":"product_tag-tem-o-to-suon-neon-noi-bat","16":"product_tag-tem-suon-bam-chac-khong-bong","17":"product_tag-tem-suon-ca-tinh","18":"product_tag-tem-suon-chay-mau-3d-cho-xe","19":"product_tag-tem-suon-chuyen-dong-dep-cho-xe-hoi","20":"product_tag-tem-suon-chuyen-dong-hinh-hoc-dep-mat","21":"product_tag-tem-suon-da-mau","22":"product_tag-tem-suon-dan-cuc-nhanh","23":"product_tag-tem-suon-dep-de-dan","24":"product_tag-tem-suon-do-vang","25":"product_tag-tem-suon-hatchback","26":"product_tag-tem-suon-mau-cam","27":"product_tag-tem-suon-modern-dash","28":"product_tag-tem-suon-nang-dong","29":"product_tag-tem-suon-neon-cho-o-to-nang-luong","30":"product_tag-tem-suon-neon-dep","31":"product_tag-tem-suon-o-to","32":"product_tag-tem-suon-o-to-hieu-ung-anh-sang-dep","33":"product_tag-tem-suon-o-to-thiet-ke-nang-dong-tre-trung","34":"product_tag-tem-suon-phoi-nhieu-mau-sac-cho-xe-dich-vu","35":"product_tag-tem-suon-phong-cach-tre-trung-dan-de","36":"product_tag-tem-suon-phong-cach-tuoi","37":"product_tag-tem-suon-phong-cach-vui","38":"product_tag-tem-suon-phong-cach-vui-tuoi-hien-dai","39":"product_tag-tem-suon-song-dong","40":"product_tag-tem-suon-speed-line","41":"product_tag-tem-suon-the-hien-ca-tinh-vui-ve","42":"product_tag-tem-suon-toc-do-phoi-mau-hien-dai","43":"product_tag-tem-suon-tre-ca-tinh","44":"product_tag-tem-suon-xe-hatchback-phong-cach-chuyen-dong","45":"product_tag-tem-suon-xe-sedan","46":"product_tag-tem-suon-xe-sedan-nang-dong-noi-bat","48":"first","49":"instock","50":"shipping-taxable","51":"purchasable","52":"product-type-variable"},"_links":{"self":[{"href":"https:\/\/chuyendo.vn\/oto\/wp-json\/wp\/v2\/product\/10438","targetHints":{"allow":["GET"]}}],"collection":[{"href":"https:\/\/chuyendo.vn\/oto\/wp-json\/wp\/v2\/product"}],"about":[{"href":"https:\/\/chuyendo.vn\/oto\/wp-json\/wp\/v2\/types\/product"}],"replies":[{"embeddable":true,"href":"https:\/\/chuyendo.vn\/oto\/wp-json\/wp\/v2\/comments?post=10438"}],"wp:featuredmedia":[{"embeddable":true,"href":"https:\/\/chuyendo.vn\/oto\/wp-json\/wp\/v2\/media\/10439"}],"wp:attachment":[{"href":"https:\/\/chuyendo.vn\/oto\/wp-json\/wp\/v2\/media?parent=10438"}],"wp:term":[{"taxonomy":"product_cat","embeddable":true,"href":"https:\/\/chuyendo.vn\/oto\/wp-json\/wp\/v2\/product_cat?post=10438"},{"taxonomy":"product_tag","embeddable":true,"href":"https:\/\/chuyendo.vn\/oto\/wp-json\/wp\/v2\/product_tag?post=10438"}],"curies":[{"name":"wp","href":"https:\/\/api.w.org\/{rel}","templated":true}]}}