{"id":10987,"date":"2025-06-15T11:06:30","date_gmt":"2025-06-15T11:06:30","guid":{"rendered":"https:\/\/chuyendo.vn\/oto\/?post_type=product&#038;p=10987"},"modified":"2025-07-06T06:53:28","modified_gmt":"2025-07-06T06:53:28","slug":"dai-bat-bien-o-to","status":"publish","type":"product","link":"https:\/\/chuyendo.vn\/oto\/product\/dai-bat-bien-o-to\/","title":{"rendered":"\u0110AI B\u1eaeT BI\u1ec2N \u00d4 T\u00d4"},"content":{"rendered":"<p data-start=\"368\" data-end=\"450\"><strong data-start=\"368\" data-end=\"450\">\u0110ai b\u1eaft bi\u1ec3n \u00f4 t\u00f4\u00a0\u2013 Gi\u1eef ch\u1eafc bi\u1ec3n, l\u1eafp d\u1ec5 d\u00e0ng, kh\u00f4ng rung l\u1eafc, th\u1ea9m m\u1ef9 cao<\/strong><\/p>\n<p data-start=\"452\" data-end=\"1064\">\u0110ai b\u1eaft bi\u1ec3n \u00f4 t\u00f4 l\u00e0 ph\u1ee5 ki\u1ec7n gi\u00fap c\u1ed1 \u0111\u1ecbnh bi\u1ec3n s\u1ed1 xe ch\u1eafc ch\u1eafn, \u0111\u00fang v\u1ecb tr\u00ed quy \u0111\u1ecbnh.<br data-start=\"538\" data-end=\"541\" \/>Thi\u1ebft k\u1ebf b\u1eb1ng kim lo\u1ea1i c\u1ee9ng, b\u1ec1n, ch\u1ecbu l\u1ef1c t\u1ed1t v\u00e0 kh\u00f4ng g\u1ec9 khi g\u1eb7p n\u01b0\u1edbc ho\u1eb7c b\u00f9n \u0111\u1ea5t.<br data-start=\"626\" data-end=\"629\" \/>Ph\u00f9 h\u1ee3p cho m\u1ecdi d\u00f2ng xe, \u0111\u1eb7c bi\u1ec7t v\u1edbi xe m\u1edbi c\u1ea7n l\u1eafp bi\u1ec3n ch\u1eafc m\u00e0 kh\u00f4ng khoan th\u00e2n v\u1ecf.<br data-start=\"715\" data-end=\"718\" \/>D\u1ec5 l\u1eafp \u0111\u1eb7t, kh\u00f4ng c\u1ea7n d\u1ee5ng c\u1ee5 ph\u1ee9c t\u1ea1p, kh\u00f4ng l\u00e0m tr\u1ea7y ho\u1eb7c \u1ea3nh h\u01b0\u1edfng b\u1ec1 m\u1eb7t s\u01a1n xe.<br data-start=\"802\" data-end=\"805\" \/>Gi\u00fap bi\u1ec3n kh\u00f4ng b\u1ecb rung l\u1eafc, k\u00eau khi xe di chuy\u1ec3n t\u1ed1c \u0111\u1ed9 cao ho\u1eb7c \u0111i qua \u0111\u01b0\u1eddng x\u1ea5u.<br data-start=\"888\" data-end=\"891\" \/>\u0110ai b\u1eaft bi\u1ec3n gi\u00fap xe gi\u1eef \u0111\u01b0\u1ee3c th\u1ea9m m\u1ef9 nguy\u00ean b\u1ea3n, kh\u00f4ng l\u1ed9 v\u00edt hay d\u1ea5u khoan th\u00f4.<br data-start=\"972\" data-end=\"975\" \/>Chuy\u00ean \u0110\u1ed9 cung c\u1ea5p \u0111ai b\u1eaft bi\u1ec3n ch\u00ednh h\u00e3ng \u2013 chu\u1ea9n form, d\u1ec5 l\u1eafp, \u0111\u1ee7 m\u00e0u cho t\u1eebng d\u00f2ng xe.<\/p>\n<p data-start=\"1066\" data-end=\"1124\"><strong data-start=\"1066\" data-end=\"1124\">\u01afu \u0111i\u1ec3m n\u1ed5i b\u1eadt c\u1ee7a \u0111ai b\u1eaft bi\u1ec3n \u00f4 t\u00f4 t\u1ea1i Chuy\u00ean \u0110\u1ed9<\/strong><\/p>\n<p data-start=\"1126\" data-end=\"1398\">Thi\u1ebft k\u1ebf g\u1ecdn g\u00e0ng, s\u00e1t khung xe, kh\u00f4ng l\u1ecfng l\u1ebbo hay nh\u00f4 ra ngo\u00e0i.<br data-start=\"1191\" data-end=\"1194\" \/>B\u1eaft ch\u1eafc c\u1ea3 2 \u0111\u1ea7u bi\u1ec3n, \u0111\u1ea3m b\u1ea3o kh\u00f4ng r\u01a1i r\u1edbt khi \u0111i \u0111\u01b0\u1eddng d\u00e0i.<br data-start=\"1257\" data-end=\"1260\" \/>Ch\u1ecbu nhi\u1ec7t, ch\u1ed1ng g\u1ec9 \u2013 d\u00f9ng l\u00e2u v\u1eabn nh\u01b0 m\u1edbi, kh\u00f4ng \u1ea3nh h\u01b0\u1edfng th\u1ea9m m\u1ef9 xe.<br data-start=\"1332\" data-end=\"1335\" \/>L\u00fd t\u01b0\u1edfng cho xe \u0111\u1ed9, xe m\u1edbi ho\u1eb7c xe kh\u00f4ng mu\u1ed1n khoan l\u1ed7 c\u1ed1 \u0111\u1ecbnh.<\/p>\n<p data-start=\"1400\" data-end=\"1487\"><strong data-start=\"1400\" data-end=\"1487\">Mua \u0111ai b\u1eaft bi\u1ec3n \u00f4 t\u00f4 t\u1ea1i Chuy\u00ean \u0110\u1ed9 \u2013 Gi\u1ea3i ph\u00e1p l\u1eafp bi\u1ec3n ch\u1eafc ch\u1eafn, \u0111\u1eb9p v\u00e0 ti\u1ec7n l\u1ee3i<\/strong><\/p>\n<p data-start=\"1489\" data-end=\"1722\">T\u00ecm \u201c\u0111ai b\u1eaft bi\u1ec3n \u00f4 t\u00f4\u201d tr\u00ean Google ho\u1eb7c mua tr\u1ef1c ti\u1ebfp t\u1ea1i website Chuy\u00ean \u0110\u1ed9.<br data-start=\"1566\" data-end=\"1569\" \/>S\u1ea3n ph\u1ea9m \u0111\u00f3ng g\u00f3i \u0111\u1ea7y \u0111\u1ee7 b\u1ed9 v\u00edt, h\u01b0\u1edbng d\u1eabn v\u00e0 ph\u1ee5 ki\u1ec7n \u0111i k\u00e8m ti\u1ec7n l\u1ee3i.<br data-start=\"1640\" data-end=\"1643\" \/>Chuy\u00ean \u0110\u1ed9 \u2013 n\u01a1i b\u1ea1n t\u00ecm th\u1ea5y m\u1ecdi ph\u1ee5 ki\u1ec7n xe h\u01a1i h\u1eefu \u00edch, ch\u00ednh x\u00e1c v\u00e0 an to\u00e0n.<\/p>\n<hr \/>\n<p>&nbsp;<\/p>\n<p><a href=\"https:\/\/chuyendo.vn\/oto\/\"><strong>Chuy\u00ean \u0110\u1ed9<\/strong><\/a> l\u00e0 s\u00e0n th\u01b0\u01a1ng m\u1ea1i \u0111i\u1ec7n t\u1eed h\u00e0ng \u0111\u1ea7u t\u1ea1i Vi\u1ec7t Nam d\u00e0nh cho ng\u01b0\u1eddi y\u00eau xe, chuy\u00ean cung c\u1ea5p ph\u1ee5 ki\u1ec7n \u0111\u1ed9, n\u00e2ng c\u1ea5p, l\u00e0m m\u1edbi, trang tr\u00ed, \u0111\u1ed3 ch\u01a1i xe m\u00e1y v\u00e0 xe \u0111i\u1ec7n. T\u1eebng s\u1ea3n ph\u1ea9m \u0111\u01b0\u1ee3c thi\u1ebft k\u1ebf \u0111\u1ec3 t\u1ed1i \u01b0u t\u00ednh t\u01b0\u01a1ng th\u00edch, hi\u1ec7u su\u1ea5t ho\u1ea1t \u0111\u1ed9ng v\u00e0 ti\u1ec7n l\u1ee3i, d\u1ec5 d\u00e0ng c\u00f3 th\u1ec3 t\u1ef1 l\u1eafp \u0111\u1eb7t. \u0110\u1ed9i ng\u0169 t\u01b0 v\u1ea5n vi\u00ean chuy\u00ean nghi\u1ec7p, s\u1eb5n s\u00e0ng h\u1ed7 tr\u1ee3 kh\u00e1ch h\u00e0ng l\u1ef1a ch\u1ecdn s\u1ea3n ph\u1ea9m ph\u00f9 h\u1ee3p nh\u1ea5t v\u1edbi nhu c\u1ea7u s\u1eed d\u1ee5ng. <a href=\"https:\/\/www.facebook.com\/profile.php?id=61566794691477\" target=\"_blank\" rel=\"noopener\"><strong>Chuy\u00ean \u0110\u1ed9<\/strong><\/a> \u0111\u01b0\u1ee3c x\u00e2y d\u1ef1ng v\u1edbi m\u1ee5c ti\u00eau n\u00e2ng cao an to\u00e0n, n\u00e2ng t\u1ea7m tr\u1ea3i nghi\u1ec7m khi l\u00e1i xe v\u1edbi phong c\u00e1ch ri\u00eang c\u1ee7a t\u1eebng kh\u00e1ch h\u00e0ng.<\/p>\n<p>&nbsp;<\/p>\n<p><strong><a href=\"https:\/\/chuyendo.vn\/oto\/shop\/\"><em>C\u00e1c s\u1ea3n ph\u1ea9m m\u1edbi t\u1ed1i \u01b0u nh\u1ea5t cho xe c\u1ee7a b\u1ea1n.(Nh\u1ea5n \u0110\u1ec3 Xem Chi Ti\u1ebft)<\/em><\/a><\/strong><\/p>\n<div style=\"margin: 20px 0;\"><div class=\"qrcswholewtapper\" style=\"text-align:center;\"><div class=\"qrcprowrapper\"  id=\"qrcwraa2leds\"><div class=\"qrc_canvass\" id=\"qrc_cuttenpages_2\" style=\"display:inline-block\" data-text=\"https:\/\/chuyendo.vn\/oto\/product\/dai-bat-bien-o-to\/\"><\/div><div><a download=\"\u0110AI B\u1eaeT BI\u1ec2N \u00d4 T\u00d4.png\" class=\"qrcdownloads\" id=\"worign\">\r\n           <button type=\"button\" style=\"min-width:200px;background:#ffffff;color:#dd9933;font-weight: 600;border: 1px solid #dd9933;border-radius:25px;font-size:12px;padding: 6px 0;\" class=\"uqr_code_btn\">Qu\u00e9t M\u00e3 \u0110\u1ec3 Truy C\u1eadp<\/button>\r\n           <\/a><\/div><\/div><\/div><\/div>","protected":false},"excerpt":{"rendered":"<p>\u0110ai b\u1eaft bi\u1ec3n \u00f4 t\u00f4\u00a0\u2013 Gi\u1eef ch\u1eafc bi\u1ec3n, l\u1eafp d\u1ec5 d\u00e0ng, kh\u00f4ng rung l\u1eafc, th\u1ea9m m\u1ef9 cao \u0110ai b\u1eaft bi\u1ec3n \u00f4 t\u00f4 l\u00e0 ph\u1ee5 ki\u1ec7n gi\u00fap c\u1ed1 \u0111\u1ecbnh bi\u1ec3n s\u1ed1 xe ch\u1eafc ch\u1eafn, \u0111\u00fang v\u1ecb tr\u00ed quy \u0111\u1ecbnh.Thi\u1ebft k\u1ebf b\u1eb1ng &hellip; <a href=\"https:\/\/chuyendo.vn\/oto\/product\/dai-bat-bien-o-to\/\">Xem Chi Ti\u1ebft<\/a><\/p>\n","protected":false},"featured_media":10988,"comment_status":"open","ping_status":"closed","template":"","meta":[],"product_cat":[5344,19616],"product_tag":[21285,21290,21278,21264,21271,21276,21280,21260,21263,21273,21297,21269,21292,21288,21296,21299,21289,21282,21266,21287,21262,21286,21275,21267,21270,21277,21261,21293,21284,21298,21295,21283,21294,21272,21279,21265,21291,21281,21268,21274],"class_list":{"0":"post-10987","1":"product","2":"type-product","3":"status-publish","4":"has-post-thumbnail","6":"product_cat-san-pham-moi","7":"product_cat-ngoai-xe","8":"product_tag-bat-bien-khong-khoan","9":"product_tag-bat-bien-tham-my","10":"product_tag-bo-dai-bat-bien-tien-loi","11":"product_tag-cach-bat-bien-so-xe-khong-can-khoan","12":"product_tag-cach-gan-bien-so-xe-khong-vit","13":"product_tag-cach-lap-bien-o-to-khong-gay-hu-xe","14":"product_tag-dai-bat-bien-o-to","15":"product_tag-dai-bat-bien-o-to-khong-khoan","16":"product_tag-dai-bat-bien-phu-hop-xe-moi","17":"product_tag-dai-bat-bien-sieu-mong-sat-than-xe","18":"product_tag-dai-bat-bien-xe-dep","19":"product_tag-dai-bat-bien-xe-do-khong-rung-lac","20":"product_tag-dai-bien-ben-dep","21":"product_tag-dai-bien-chac-chan","22":"product_tag-dai-bien-chong-roi","23":"product_tag-dai-bien-chong-rung","24":"product_tag-dai-bien-khong-rung","25":"product_tag-dai-bien-so-xe","26":"product_tag-dai-bien-so-xe-khong-gi-set","27":"product_tag-dai-co-dinh-bien","28":"product_tag-dai-co-dinh-bien-so-khong-rung","29":"product_tag-dai-gan-bien-so","30":"product_tag-dai-gan-bien-so-khong-anh-huong-son","31":"product_tag-dai-gan-bien-so-tham-my-cao","32":"product_tag-dai-giu-bien-cho-xe-hoi-an-toan","33":"product_tag-dai-giu-bien-dung-duoc-cho-xe-tai-nho","34":"product_tag-dai-giu-bien-so-xe-chac-chan","35":"product_tag-dai-khong-gi","36":"product_tag-dai-lap-bien-xe","37":"product_tag-dai-lap-bien-xe-hoi","38":"product_tag-dai-o-to-chac-chan","39":"product_tag-do-bien-so-o-to","40":"product_tag-khung-bat-bien-so","41":"product_tag-khung-do-bien-o-to-khong-khoan","42":"product_tag-phu-kien-bat-bien-chinh-hang-chuyen-do","43":"product_tag-phu-kien-bat-bien-so-chac-chan-cho-o-to","44":"product_tag-phu-kien-bien-o-to","45":"product_tag-phu-kien-gan-bien","46":"product_tag-phu-kien-giu-bien-o-to-chuyen-dung","47":"product_tag-phu-kien-lap-bien-so-xe-dep","49":"first","50":"instock","51":"shipping-taxable","52":"purchasable","53":"product-type-simple"},"_links":{"self":[{"href":"https:\/\/chuyendo.vn\/oto\/wp-json\/wp\/v2\/product\/10987","targetHints":{"allow":["GET"]}}],"collection":[{"href":"https:\/\/chuyendo.vn\/oto\/wp-json\/wp\/v2\/product"}],"about":[{"href":"https:\/\/chuyendo.vn\/oto\/wp-json\/wp\/v2\/types\/product"}],"replies":[{"embeddable":true,"href":"https:\/\/chuyendo.vn\/oto\/wp-json\/wp\/v2\/comments?post=10987"}],"wp:featuredmedia":[{"embeddable":true,"href":"https:\/\/chuyendo.vn\/oto\/wp-json\/wp\/v2\/media\/10988"}],"wp:attachment":[{"href":"https:\/\/chuyendo.vn\/oto\/wp-json\/wp\/v2\/media?parent=10987"}],"wp:term":[{"taxonomy":"product_cat","embeddable":true,"href":"https:\/\/chuyendo.vn\/oto\/wp-json\/wp\/v2\/product_cat?post=10987"},{"taxonomy":"product_tag","embeddable":true,"href":"https:\/\/chuyendo.vn\/oto\/wp-json\/wp\/v2\/product_tag?post=10987"}],"curies":[{"name":"wp","href":"https:\/\/api.w.org\/{rel}","templated":true}]}}