{"id":11107,"date":"2025-06-17T02:09:45","date_gmt":"2025-06-17T02:09:45","guid":{"rendered":"https:\/\/chuyendo.vn\/oto\/?post_type=product&#038;p=11107"},"modified":"2025-06-17T02:24:46","modified_gmt":"2025-06-17T02:24:46","slug":"tem-tay-nam-amg","status":"publish","type":"product","link":"https:\/\/chuyendo.vn\/oto\/product\/tem-tay-nam-amg\/","title":{"rendered":"DECAL,TEM D\u00c1N TAY N\u1eaeM C\u1eecA  AMG"},"content":{"rendered":"<p data-start=\"366\" data-end=\"450\"><strong data-start=\"366\" data-end=\"450\">Tem tay n\u1eafm AMG\u00a0\u2013 Ph\u1ee5 ki\u1ec7n nh\u1ecf, \u0111\u1eadm ch\u1ea5t hi\u1ec7u su\u1ea5t cao c\u1ee7a Mercedes-Benz<\/strong><\/p>\n<p data-start=\"452\" data-end=\"1051\">Tem tay n\u1eafm AMG l\u00e0 l\u1ef1a ch\u1ecdn ho\u00e0n h\u1ea3o cho ch\u1ee7 xe Mercedes y\u00eau phong c\u00e1ch th\u1ec3 thao v\u00e0 tinh t\u1ebf.<br data-start=\"544\" data-end=\"547\" \/>Thi\u1ebft k\u1ebf t\u1ed1i gi\u1ea3n, logo AMG \u0111\u1eb7c tr\u01b0ng v\u1edbi c\u00e1c \u0111\u01b0\u1eddng k\u1ebb ch\u00e9o m\u1ea1nh m\u1ebd, \u0111\u1eadm d\u1ea5u \u1ea5n xe \u0110\u1ee9c.<br data-start=\"634\" data-end=\"637\" \/>Ch\u1ea5t li\u1ec7u decal PVC ph\u1ee7 b\u00f3ng ho\u1eb7c carbon, b\u1ec1n m\u00e0u, kh\u00f4ng bong tr\u00f3c, ch\u1ed1ng tr\u1ea7y hi\u1ec7u qu\u1ea3.<br data-start=\"725\" data-end=\"728\" \/>D\u00e1n tr\u1ef1c ti\u1ebfp v\u00e0o h\u00f5m tay n\u1eafm c\u1eeda \u2013 b\u1ea3o v\u1ec7 kh\u1ecfi m\u00f3ng tay, va ch\u1ea1m nh\u1eb9 v\u00e0 ch\u00eca kh\u00f3a.<br data-start=\"811\" data-end=\"814\" \/>Tem \u00f4m kh\u00edt form h\u00f5m tay n\u1eafm \u2013 kh\u00f4ng c\u1ea5n g\u00f3c, kh\u00f4ng h\u1edf vi\u1ec1n, d\u1ec5 c\u0103n ch\u1ec9nh t\u1ea1i nh\u00e0.<br data-start=\"896\" data-end=\"899\" \/>Keo 3M cao c\u1ea5p t\u00edch h\u1ee3p s\u1eb5n \u2013 b\u00e1m ch\u1eafc, kh\u00f4ng \u0111\u1ec3 l\u1ea1i v\u1ebft keo khi th\u00e1o.<br data-start=\"969\" data-end=\"972\" \/>Ph\u00f9 h\u1ee3p c\u00e1c d\u00f2ng Mercedes: C-Class, E-Class, GLC, GLE, CLA, A-Class, S-Class&#8230;<\/p>\n<p data-start=\"1053\" data-end=\"1106\"><strong data-start=\"1053\" data-end=\"1106\">L\u1ee3i \u00edch khi s\u1eed d\u1ee5ng tem tay n\u1eafm AMG t\u1ea1i Chuy\u00ean \u0110\u1ed9<\/strong><\/p>\n<p data-start=\"1108\" data-end=\"1409\">N\u00e2ng c\u1ea5p phong c\u00e1ch th\u1ec3 thao, c\u00e1 t\u00ednh ch\u1ec9 trong 1 ph\u00fat thao t\u00e1c \u0111\u01a1n gi\u1ea3n.<br data-start=\"1181\" data-end=\"1184\" \/>Ch\u1ed1ng tr\u1ea7y khu v\u1ef1c tay n\u1eafm \u2013 v\u00f9ng d\u1ec5 h\u01b0 h\u1ecfng nh\u1ea5t do s\u1eed d\u1ee5ng th\u01b0\u1eddng xuy\u00ean.<br data-start=\"1258\" data-end=\"1261\" \/>Kh\u00f4ng c\u1ea7n th\u00e1o tay n\u1eafm \u2013 d\u00e1n tr\u1ef1c ti\u1ebfp, kh\u00f4ng \u1ea3nh h\u01b0\u1edfng s\u01a1n zin xe.<br data-start=\"1328\" data-end=\"1331\" \/>T\u0103ng nh\u1eadn di\u1ec7n th\u01b0\u01a1ng hi\u1ec7u c\u00e1 nh\u00e2n \u2013 th\u1ec3 hi\u1ec7n ch\u1ea5t ri\u00eang v\u1edbi logo AMG m\u1ea1nh m\u1ebd.<\/p>\n<p data-start=\"1411\" data-end=\"1489\"><strong data-start=\"1411\" data-end=\"1489\">Mua tem tay n\u1eafm AMG t\u1ea1i Chuy\u00ean \u0110\u1ed9 \u2013 D\u1ec5 d\u00e1n, c\u1ef1c b\u1ec1n, chu\u1ea9n \u0111\u1eb3ng c\u1ea5p xe \u0110\u1ee9c<\/strong><\/p>\n<p data-start=\"1491\" data-end=\"1740\">T\u00ecm \u201ctem tay n\u1eafm AMG\u201d tr\u00ean Google ho\u1eb7c v\u00e0o website Chuy\u00ean \u0110\u1ed9 \u0111\u1ec3 \u0111\u1eb7t h\u00e0ng nhanh ch\u00f3ng.<br data-start=\"1576\" data-end=\"1579\" \/>Giao to\u00e0n qu\u1ed1c, h\u1ed7 tr\u1ee3 ch\u1ecdn m\u1eabu theo d\u00f2ng xe Mercedes, b\u1ea3o h\u00e0nh keo d\u00e1n 7 ng\u00e0y.<br data-start=\"1658\" data-end=\"1661\" \/>Chuy\u00ean \u0110\u1ed9 \u2013 n\u01a1i chuy\u00ean tem ph\u1ee5 ki\u1ec7n AMG ch\u1ea5t, \u0111\u1eb9p, ch\u00ednh x\u00e1c \u0111\u1ebfn t\u1eebng chi ti\u1ebft.<\/p>\n<hr \/>\n<p>&nbsp;<\/p>\n<p><a href=\"https:\/\/chuyendo.vn\/oto\/\"><strong>Chuy\u00ean \u0110\u1ed9<\/strong><\/a> l\u00e0 s\u00e0n th\u01b0\u01a1ng m\u1ea1i \u0111i\u1ec7n t\u1eed h\u00e0ng \u0111\u1ea7u t\u1ea1i Vi\u1ec7t Nam d\u00e0nh cho ng\u01b0\u1eddi y\u00eau xe, chuy\u00ean cung c\u1ea5p ph\u1ee5 ki\u1ec7n \u0111\u1ed9, n\u00e2ng c\u1ea5p, l\u00e0m m\u1edbi, trang tr\u00ed, \u0111\u1ed3 ch\u01a1i xe m\u00e1y v\u00e0 xe \u0111i\u1ec7n. T\u1eebng s\u1ea3n ph\u1ea9m \u0111\u01b0\u1ee3c thi\u1ebft k\u1ebf \u0111\u1ec3 t\u1ed1i \u01b0u t\u00ednh t\u01b0\u01a1ng th\u00edch, hi\u1ec7u su\u1ea5t ho\u1ea1t \u0111\u1ed9ng v\u00e0 ti\u1ec7n l\u1ee3i, d\u1ec5 d\u00e0ng c\u00f3 th\u1ec3 t\u1ef1 l\u1eafp \u0111\u1eb7t. \u0110\u1ed9i ng\u0169 t\u01b0 v\u1ea5n vi\u00ean chuy\u00ean nghi\u1ec7p, s\u1eb5n s\u00e0ng h\u1ed7 tr\u1ee3 kh\u00e1ch h\u00e0ng l\u1ef1a ch\u1ecdn s\u1ea3n ph\u1ea9m ph\u00f9 h\u1ee3p nh\u1ea5t v\u1edbi nhu c\u1ea7u s\u1eed d\u1ee5ng. <a href=\"https:\/\/www.facebook.com\/profile.php?id=61566794691477\" target=\"_blank\" rel=\"noopener\"><strong>Chuy\u00ean \u0110\u1ed9<\/strong><\/a> \u0111\u01b0\u1ee3c x\u00e2y d\u1ef1ng v\u1edbi m\u1ee5c ti\u00eau n\u00e2ng cao an to\u00e0n, n\u00e2ng t\u1ea7m tr\u1ea3i nghi\u1ec7m khi l\u00e1i xe v\u1edbi phong c\u00e1ch ri\u00eang c\u1ee7a t\u1eebng kh\u00e1ch h\u00e0ng.<\/p>\n<p>&nbsp;<\/p>\n<p><strong><a href=\"https:\/\/chuyendo.vn\/oto\/shop\/\"><em>C\u00e1c s\u1ea3n ph\u1ea9m m\u1edbi t\u1ed1i \u01b0u nh\u1ea5t cho xe c\u1ee7a b\u1ea1n.(Nh\u1ea5n \u0110\u1ec3 Xem Chi Ti\u1ebft)<\/em><\/a><\/strong><\/p>\n<div style=\"margin: 20px 0;\"><div class=\"qrcswholewtapper\" style=\"text-align:center;\"><div class=\"qrcprowrapper\"  id=\"qrcwraa2leds\"><div class=\"qrc_canvass\" id=\"qrc_cuttenpages_2\" style=\"display:inline-block\" data-text=\"https:\/\/chuyendo.vn\/oto\/product\/tem-tay-nam-amg\/\"><\/div><div><a download=\"DECAL,TEM D\u00c1N TAY N\u1eaeM C\u1eecA  AMG.png\" class=\"qrcdownloads\" id=\"worign\">\r\n           <button type=\"button\" style=\"min-width:200px;background:#ffffff;color:#dd9933;font-weight: 600;border: 1px solid #dd9933;border-radius:25px;font-size:12px;padding: 6px 0;\" class=\"uqr_code_btn\">Qu\u00e9t M\u00e3 \u0110\u1ec3 Truy C\u1eadp<\/button>\r\n           <\/a><\/div><\/div><\/div><\/div>","protected":false},"excerpt":{"rendered":"<p>Tem tay n\u1eafm AMG\u00a0\u2013 Ph\u1ee5 ki\u1ec7n nh\u1ecf, \u0111\u1eadm ch\u1ea5t hi\u1ec7u su\u1ea5t cao c\u1ee7a Mercedes-Benz Tem tay n\u1eafm AMG l\u00e0 l\u1ef1a ch\u1ecdn ho\u00e0n h\u1ea3o cho ch\u1ee7 xe Mercedes y\u00eau phong c\u00e1ch th\u1ec3 thao v\u00e0 tinh t\u1ebf.Thi\u1ebft k\u1ebf t\u1ed1i gi\u1ea3n, logo AMG &hellip; <a href=\"https:\/\/chuyendo.vn\/oto\/product\/tem-tay-nam-amg\/\">Xem Chi Ti\u1ebft<\/a><\/p>\n","protected":false},"featured_media":11116,"comment_status":"open","ping_status":"closed","template":"","meta":[],"product_cat":[19114],"product_tag":[19221,21902,21908,21915,21899,21919,21923,21903,21921,21918,21901,21905,21920,21895,21362,21906,19230,21925,21922,21924,19761,21910,21898,21916,21927,21917,21896,21911,21900,21912,21926,21914,21907,21897,21894,20090,21909,21913,21893,21904],"class_list":{"0":"post-11107","1":"product","2":"type-product","3":"status-publish","4":"has-post-thumbnail","6":"product_cat-tay-nam-cua","7":"product_tag-decal-amg","8":"product_tag-decal-amg-chinh-hang-dan-tay-nam-cua","9":"product_tag-decal-amg-cho-noi-that-mercedes","10":"product_tag-mieng-dan-amg","11":"product_tag-mieng-dan-amg-khong-bong-troc","12":"product_tag-tem-amg-3m","13":"product_tag-tem-amg-a-class","14":"product_tag-tem-amg-bam-chac-keo-3m","15":"product_tag-tem-amg-c-class","16":"product_tag-tem-amg-carbon","17":"product_tag-tem-amg-cho-e-class-chong-xuoc","18":"product_tag-tem-amg-cho-xe-do-kieu-the-thao","19":"product_tag-tem-amg-chong-nuoc","20":"product_tag-tem-amg-chong-tray-cua-xe-mercedes","21":"product_tag-tem-amg-cua-xe","22":"product_tag-tem-amg-de-dan-khong-de-lai-keo","23":"product_tag-tem-amg-dep","24":"product_tag-tem-amg-e-class","25":"product_tag-tem-amg-glc","26":"product_tag-tem-amg-gle","27":"product_tag-tem-amg-khong-bong","28":"product_tag-tem-amg-khong-phai-mau-ngoai-troi","29":"product_tag-tem-amg-logo-ro-sac-net","30":"product_tag-tem-amg-mercedes","31":"product_tag-tem-amg-phong-cach","32":"product_tag-tem-amg-phu-bong","33":"product_tag-tem-amg-phu-bong-logo-dep","34":"product_tag-tem-amg-phu-hop-moi-mau-xe-mercedes","35":"product_tag-tem-amg-tay-nam-xe-a-class","36":"product_tag-tem-amg-thiet-ke-tinh-te-sang-trong","37":"product_tag-tem-amg-xe-do","38":"product_tag-tem-chong-tray-amg","39":"product_tag-tem-cua-amg-om-khit-khong-lech","40":"product_tag-tem-cua-xe-amg-cho-gle","41":"product_tag-tem-dan-amg-cho-tay-nam-glc","42":"product_tag-tem-logo-amg","43":"product_tag-tem-logo-amg-phoi-trang-den-sang-trong","44":"product_tag-tem-tay-nam-amg","45":"product_tag-tem-tay-nam-amg-cho-mercedes-c-class","46":"product_tag-tem-tay-nam-amg-chong-tia-uv","48":"first","49":"instock","50":"shipping-taxable","51":"purchasable","52":"product-type-variable"},"_links":{"self":[{"href":"https:\/\/chuyendo.vn\/oto\/wp-json\/wp\/v2\/product\/11107","targetHints":{"allow":["GET"]}}],"collection":[{"href":"https:\/\/chuyendo.vn\/oto\/wp-json\/wp\/v2\/product"}],"about":[{"href":"https:\/\/chuyendo.vn\/oto\/wp-json\/wp\/v2\/types\/product"}],"replies":[{"embeddable":true,"href":"https:\/\/chuyendo.vn\/oto\/wp-json\/wp\/v2\/comments?post=11107"}],"wp:featuredmedia":[{"embeddable":true,"href":"https:\/\/chuyendo.vn\/oto\/wp-json\/wp\/v2\/media\/11116"}],"wp:attachment":[{"href":"https:\/\/chuyendo.vn\/oto\/wp-json\/wp\/v2\/media?parent=11107"}],"wp:term":[{"taxonomy":"product_cat","embeddable":true,"href":"https:\/\/chuyendo.vn\/oto\/wp-json\/wp\/v2\/product_cat?post=11107"},{"taxonomy":"product_tag","embeddable":true,"href":"https:\/\/chuyendo.vn\/oto\/wp-json\/wp\/v2\/product_tag?post=11107"}],"curies":[{"name":"wp","href":"https:\/\/api.w.org\/{rel}","templated":true}]}}