{"id":11321,"date":"2025-06-20T01:06:11","date_gmt":"2025-06-20T01:06:11","guid":{"rendered":"https:\/\/chuyendo.vn\/oto\/?post_type=product&#038;p=11321"},"modified":"2025-06-20T01:14:33","modified_gmt":"2025-06-20T01:14:33","slug":"tem-do-xe-sedan-sedan-2","status":"publish","type":"product","link":"https:\/\/chuyendo.vn\/oto\/product\/tem-do-xe-sedan-sedan-2\/","title":{"rendered":"DECAL, TEM \u0110\u1ed8 XE SEDAN  SEDAN-2"},"content":{"rendered":"<p data-start=\"226\" data-end=\"253\"><strong data-start=\"226\" data-end=\"253\">Tem \u0111\u1ed9 xe sedan SEDAN-2<\/strong><strong data-start=\"372\" data-end=\"458\">\u2013 T\u1ed1i gi\u1ea3n nh\u01b0ng n\u1ed5i b\u1eadt, c\u00e1 t\u00ednh chu\u1ea9n xe th\u1ec3 thao<\/strong><\/p>\n<p data-start=\"460\" data-end=\"1132\"><strong data-start=\"226\" data-end=\"253\">Tem \u0111\u1ed9 xe sedan SEDAN-2 <\/strong>ph\u00f9 h\u1ee3p v\u1edbi ng\u01b0\u1eddi d\u00f9ng y\u00eau phong c\u00e1ch g\u1ecdn g\u00e0ng, kh\u1ecfe kho\u1eafn v\u00e0 tinh t\u1ebf.<br data-start=\"551\" data-end=\"554\" \/>M\u1eabu thi\u1ebft k\u1ebf ch\u1ee7 \u0111\u1ea1o l\u00e0 \u0111\u01b0\u1eddng k\u1ebb k\u00e9p k\u1ebft h\u1ee3p logo th\u1ec3 thao t\u1ea1o \u0111i\u1ec3m nh\u1ea5n th\u00e2n xe.<br data-start=\"635\" data-end=\"638\" \/>Ki\u1ec3u d\u00e1ng thanh m\u1ea3nh \u2013 ch\u1ea1y d\u1ecdc t\u1eeb h\u00f4ng c\u1eeda \u0111\u1ebfn \u0111u\u00f4i xe, t\u0103ng c\u1ea3m gi\u00e1c li\u1ec1n m\u1ea1ch v\u00e0 t\u1ed1c \u0111\u1ed9.<br data-start=\"729\" data-end=\"732\" \/>T\u00f4ng m\u00e0u ph\u1ed5 bi\u1ebfn: tr\u1eafng \u2013 \u0111en, b\u1ea1c \u2013 \u0111\u1ecf ho\u1eb7c x\u00e1m \u2013 cam, ph\u1ed1i t\u1ed1t v\u1edbi m\u1ecdi m\u00e0u s\u01a1n.<br data-start=\"814\" data-end=\"817\" \/>Ch\u1ea5t li\u1ec7u decal PVC ph\u1ee7 b\u00f3ng cao c\u1ea5p \u2013 ch\u1ecbu nhi\u1ec7t, ch\u1ed1ng th\u1ea5m n\u01b0\u1edbc, b\u00e1m d\u00ednh cao.<br data-start=\"898\" data-end=\"901\" \/>Tem \u0111\u01b0\u1ee3c c\u1eaft s\u1eb5n \u0111\u00fang form sedan \u2013 \u0111\u1ea3m b\u1ea3o c\u00e2n \u0111\u1ed1i khi d\u00e1n l\u00ean th\u00e2n xe.<br data-start=\"972\" data-end=\"975\" \/>Keo 3M ch\u00ednh h\u00e3ng \u2013 d\u00e1n ch\u1eafc, kh\u00f4ng bong m\u00e9p, d\u1ec5 th\u00e1o m\u00e0 kh\u00f4ng \u0111\u1ec3 l\u1ea1i v\u1ebft.<br data-start=\"1049\" data-end=\"1052\" \/>Thi\u1ebft k\u1ebf \u0111\u01a1n gi\u1ea3n, kh\u00f4ng r\u1ed1i m\u1eaft \u2013 ph\u00f9 h\u1ee3p c\u1ea3 v\u1edbi xe gia \u0111\u00ecnh ho\u1eb7c xe c\u00f4ng ngh\u1ec7.<\/p>\n<p data-start=\"1134\" data-end=\"1180\"><strong data-start=\"1134\" data-end=\"1180\">\u01afu \u0111i\u1ec3m Tem \u0111\u1ed9 xe sedan SEDAN-2 t\u1ea1i Chuy\u00ean \u0110\u1ed9<\/strong><\/p>\n<p data-start=\"1182\" data-end=\"1447\">D\u1ec5 k\u1ebft h\u1ee3p v\u1edbi tem g\u01b0\u01a1ng, logo n\u1eafp capo ho\u1eb7c tem tay n\u1eafm \u0111\u1ed3ng b\u1ed9.<br data-start=\"1247\" data-end=\"1250\" \/>Mang l\u1ea1i v\u1ebb ngo\u00e0i sang tr\u1ecdng nh\u01b0ng v\u1eabn c\u00f3 ch\u1ea5t th\u1ec3 thao.<br data-start=\"1306\" data-end=\"1309\" \/>Thi\u1ebft k\u1ebf t\u1ed1i gi\u1ea3n gi\u00fap xe thanh tho\u00e1t h\u01a1n, ph\u00f9 h\u1ee3p nhi\u1ec1u l\u1ee9a tu\u1ed5i.<br data-start=\"1375\" data-end=\"1378\" \/>Gi\u00e1 h\u1ee3p l\u00fd, d\u00e1n d\u1ec5 t\u1ea1i nh\u00e0 \u2013 kh\u00f4ng c\u1ea7n ra gara v\u1eabn \u0111\u1eb9p chuy\u00ean nghi\u1ec7p.<\/p>\n<p data-start=\"1449\" data-end=\"1517\"><strong data-start=\"1449\" data-end=\"1517\">Mua Tem \u0111\u1ed9 xe sedan SEDAN-2 t\u1ea1i Chuy\u00ean \u0110\u1ed9 \u2013 \u0110\u01a1n gi\u1ea3n, hi\u1ec7u qu\u1ea3, kh\u00e1c bi\u1ec7t<\/strong><\/p>\n<p data-start=\"1519\" data-end=\"1678\">T\u00ecm \u201c<strong data-start=\"226\" data-end=\"253\">Tem \u0111\u1ed9 xe sedan SEDAN-2<\/strong>\u201d ho\u1eb7c gh\u00e9 Chuyendo.vn \u0111\u1ec3 xem m\u1eabu tr\u1ef1c ti\u1ebfp.<br data-start=\"1597\" data-end=\"1600\" \/>Chuy\u00ean \u0110\u1ed9 \u2013 ph\u1ee5 ki\u1ec7n tem d\u00e1n cao c\u1ea5p, giao h\u00e0ng nhanh, m\u1eabu m\u00e3 update li\u00ean t\u1ee5c.<\/p>\n<hr \/>\n<p>&nbsp;<\/p>\n<p><a href=\"https:\/\/chuyendo.vn\/oto\/\"><strong>Chuy\u00ean \u0110\u1ed9<\/strong><\/a> l\u00e0 s\u00e0n th\u01b0\u01a1ng m\u1ea1i \u0111i\u1ec7n t\u1eed h\u00e0ng \u0111\u1ea7u t\u1ea1i Vi\u1ec7t Nam d\u00e0nh cho ng\u01b0\u1eddi y\u00eau xe, chuy\u00ean cung c\u1ea5p ph\u1ee5 ki\u1ec7n \u0111\u1ed9, n\u00e2ng c\u1ea5p, l\u00e0m m\u1edbi, trang tr\u00ed, \u0111\u1ed3 ch\u01a1i xe m\u00e1y v\u00e0 xe \u0111i\u1ec7n. T\u1eebng s\u1ea3n ph\u1ea9m \u0111\u01b0\u1ee3c thi\u1ebft k\u1ebf \u0111\u1ec3 t\u1ed1i \u01b0u t\u00ednh t\u01b0\u01a1ng th\u00edch, hi\u1ec7u su\u1ea5t ho\u1ea1t \u0111\u1ed9ng v\u00e0 ti\u1ec7n l\u1ee3i, d\u1ec5 d\u00e0ng c\u00f3 th\u1ec3 t\u1ef1 l\u1eafp \u0111\u1eb7t. \u0110\u1ed9i ng\u0169 t\u01b0 v\u1ea5n vi\u00ean chuy\u00ean nghi\u1ec7p, s\u1eb5n s\u00e0ng h\u1ed7 tr\u1ee3 kh\u00e1ch h\u00e0ng l\u1ef1a ch\u1ecdn s\u1ea3n ph\u1ea9m ph\u00f9 h\u1ee3p nh\u1ea5t v\u1edbi nhu c\u1ea7u s\u1eed d\u1ee5ng. <a href=\"https:\/\/www.facebook.com\/profile.php?id=61566794691477\" target=\"_blank\" rel=\"noopener\"><strong>Chuy\u00ean \u0110\u1ed9<\/strong><\/a> \u0111\u01b0\u1ee3c x\u00e2y d\u1ef1ng v\u1edbi m\u1ee5c ti\u00eau n\u00e2ng cao an to\u00e0n, n\u00e2ng t\u1ea7m tr\u1ea3i nghi\u1ec7m khi l\u00e1i xe v\u1edbi phong c\u00e1ch ri\u00eang c\u1ee7a t\u1eebng kh\u00e1ch h\u00e0ng.<\/p>\n<p>&nbsp;<\/p>\n<p><strong><a href=\"https:\/\/chuyendo.vn\/oto\/shop\/\"><em>C\u00e1c s\u1ea3n ph\u1ea9m m\u1edbi t\u1ed1i \u01b0u nh\u1ea5t cho xe c\u1ee7a b\u1ea1n.(Nh\u1ea5n \u0110\u1ec3 Xem Chi Ti\u1ebft)<\/em><\/a><\/strong><\/p>\n<div style=\"margin: 20px 0;\"><div class=\"qrcswholewtapper\" style=\"text-align:center;\"><div class=\"qrcprowrapper\"  id=\"qrcwraa2leds\"><div class=\"qrc_canvass\" id=\"qrc_cuttenpages_2\" style=\"display:inline-block\" data-text=\"https:\/\/chuyendo.vn\/oto\/product\/tem-do-xe-sedan-sedan-2\/\"><\/div><div><a download=\"DECAL, TEM \u0110\u1ed8 XE SEDAN  SEDAN-2.png\" class=\"qrcdownloads\" id=\"worign\">\r\n           <button type=\"button\" style=\"min-width:200px;background:#ffffff;color:#dd9933;font-weight: 600;border: 1px solid #dd9933;border-radius:25px;font-size:12px;padding: 6px 0;\" class=\"uqr_code_btn\">Qu\u00e9t M\u00e3 \u0110\u1ec3 Truy C\u1eadp<\/button>\r\n           <\/a><\/div><\/div><\/div><\/div>","protected":false},"excerpt":{"rendered":"<p>Tem \u0111\u1ed9 xe sedan SEDAN-2\u2013 T\u1ed1i gi\u1ea3n nh\u01b0ng n\u1ed5i b\u1eadt, c\u00e1 t\u00ednh chu\u1ea9n xe th\u1ec3 thao Tem \u0111\u1ed9 xe sedan SEDAN-2 ph\u00f9 h\u1ee3p v\u1edbi ng\u01b0\u1eddi d\u00f9ng y\u00eau phong c\u00e1ch g\u1ecdn g\u00e0ng, kh\u1ecfe kho\u1eafn v\u00e0 tinh t\u1ebf.M\u1eabu thi\u1ebft k\u1ebf ch\u1ee7 \u0111\u1ea1o &hellip; <a href=\"https:\/\/chuyendo.vn\/oto\/product\/tem-do-xe-sedan-sedan-2\/\">Xem Chi Ti\u1ebft<\/a><\/p>\n","protected":false},"featured_media":11322,"comment_status":"open","ping_status":"closed","template":"","meta":[],"product_cat":[5344,19115],"product_tag":[22377,22359,22364,22380,22374,22346,22361,22387,22386,22383,22365,22354,22344,22384,22382,22326,22363,22381,22333,22378,22369,22372,22385,22373,22379,22368,22360,22371,22367,22366,22390,22392,22391,22389,22370,22376,22375,22358,22362,22388],"class_list":{"0":"post-11321","1":"product","2":"type-product","3":"status-publish","4":"has-post-thumbnail","6":"product_cat-san-pham-moi","7":"product_cat-sedan","8":"product_tag-decal-xe-sedan-dep","9":"product_tag-decal-xe-sedan-dep-de-dan","10":"product_tag-tem-decal-cho-sedan-phong-cach-tre","11":"product_tag-tem-decal-sedan","12":"product_tag-tem-decal-sedan-form-chuan","13":"product_tag-tem-hong-xe-sedan","14":"product_tag-tem-hong-xe-sedan-phong-cach","15":"product_tag-tem-sedan-3m","16":"product_tag-tem-sedan-bong","17":"product_tag-tem-sedan-ca-tinh","18":"product_tag-tem-sedan-ca-tinh-manh","19":"product_tag-tem-sedan-de-dan","20":"product_tag-tem-sedan-dep","21":"product_tag-tem-sedan-do-den","22":"product_tag-tem-sedan-don-gian","23":"product_tag-tem-sedan-phoi-mau-do-den","24":"product_tag-tem-sedan-phoi-soc-dep","25":"product_tag-tem-sedan-phong-cach","26":"product_tag-tem-sedan-phu-bong-cao-cap","27":"product_tag-tem-sedan-sedan-2","28":"product_tag-tem-sedan-the-thao-cat-san","29":"product_tag-tem-sedan-the-thao-phoi-tem-capo","30":"product_tag-tem-sedan-trang-den","31":"product_tag-tem-the-thao-cho-xe-gia-dinh","32":"product_tag-tem-the-thao-sedan","33":"product_tag-tem-the-thao-sedan-accent","34":"product_tag-tem-the-thao-sedan-don-gian","35":"product_tag-tem-the-thao-xe-chay-cong-nghe","36":"product_tag-tem-the-thao-xe-mazda-3","37":"product_tag-tem-the-thao-xe-vios","38":"product_tag-tem-xe-accent","39":"product_tag-tem-xe-chay-cong-nghe","40":"product_tag-tem-xe-k3","41":"product_tag-tem-xe-mazda-3","42":"product_tag-tem-xe-sedan-3m-chinh-hang","43":"product_tag-tem-xe-sedan-the-thao","44":"product_tag-tem-xe-sedan-the-thao-de-dan","45":"product_tag-tem-xe-sedan-the-thao-sedan-2","46":"product_tag-tem-xe-sedan-2-toi-gian","47":"product_tag-tem-xe-vios","49":"first","50":"instock","51":"shipping-taxable","52":"purchasable","53":"product-type-variable"},"_links":{"self":[{"href":"https:\/\/chuyendo.vn\/oto\/wp-json\/wp\/v2\/product\/11321","targetHints":{"allow":["GET"]}}],"collection":[{"href":"https:\/\/chuyendo.vn\/oto\/wp-json\/wp\/v2\/product"}],"about":[{"href":"https:\/\/chuyendo.vn\/oto\/wp-json\/wp\/v2\/types\/product"}],"replies":[{"embeddable":true,"href":"https:\/\/chuyendo.vn\/oto\/wp-json\/wp\/v2\/comments?post=11321"}],"wp:featuredmedia":[{"embeddable":true,"href":"https:\/\/chuyendo.vn\/oto\/wp-json\/wp\/v2\/media\/11322"}],"wp:attachment":[{"href":"https:\/\/chuyendo.vn\/oto\/wp-json\/wp\/v2\/media?parent=11321"}],"wp:term":[{"taxonomy":"product_cat","embeddable":true,"href":"https:\/\/chuyendo.vn\/oto\/wp-json\/wp\/v2\/product_cat?post=11321"},{"taxonomy":"product_tag","embeddable":true,"href":"https:\/\/chuyendo.vn\/oto\/wp-json\/wp\/v2\/product_tag?post=11321"}],"curies":[{"name":"wp","href":"https:\/\/api.w.org\/{rel}","templated":true}]}}