{"id":11412,"date":"2025-06-20T02:51:53","date_gmt":"2025-06-20T02:51:53","guid":{"rendered":"https:\/\/chuyendo.vn\/oto\/?post_type=product&#038;p=11412"},"modified":"2025-06-20T02:57:43","modified_gmt":"2025-06-20T02:57:43","slug":"tem-sedan-13","status":"publish","type":"product","link":"https:\/\/chuyendo.vn\/oto\/product\/tem-sedan-13\/","title":{"rendered":"DECAL, TEM \u0110\u1ed8 XE SEDAN  SEDAN-13"},"content":{"rendered":"<p data-start=\"372\" data-end=\"468\"><strong data-start=\"372\" data-end=\"468\">tem SEDAN-13 \u2013 \u0110\u1eadm ch\u1ea5t th\u1ec3 thao, thi\u1ebft k\u1ebf &#8220;Speed Curve&#8221; c\u00e1 t\u00ednh, d\u00e1n l\u00e0 n\u1ed5i b\u1eadt<\/strong><\/p>\n<p data-start=\"470\" data-end=\"1167\">M\u1eabu tem SEDAN-13 s\u1eed d\u1ee5ng \u0111\u01b0\u1eddng cong m\u1ea1nh, t\u1ea1o chuy\u1ec3n \u0111\u1ed9ng nh\u01b0 v\u1ec7t t\u1ed1c \u0111\u1ed9 khi xe l\u0103n b\u00e1nh.<br data-start=\"559\" data-end=\"562\" \/>Phong c\u00e1ch thi\u1ebft k\u1ebf \u201cSpeed Curve\u201d \u2013 ph\u1ed1i h\u1ecda ti\u1ebft s\u00f3ng l\u01b0\u1ee3n, k\u1ebft h\u1ee3p logo \u201cSport Mind\u201d.<br data-start=\"649\" data-end=\"652\" \/>Ph\u00f9 h\u1ee3p xe sedan mu\u1ed1n t\u1ea1o hi\u1ec7u \u1ee9ng kh\u00ed \u0111\u1ed9ng h\u1ecdc m\u00e0 kh\u00f4ng thay \u0111\u1ed5i form xe nguy\u00ean b\u1ea3n.<br data-start=\"737\" data-end=\"740\" \/>M\u00e0u s\u1eafc ch\u1ee7 \u0111\u1ea1o: \u0111en \u2013 \u0111\u1ecf, cam \u2013 b\u1ea1c, tr\u1eafng \u2013 x\u00e1m, n\u1ed5i b\u1eadt tr\u00ean m\u1ecdi m\u00e0u s\u01a1n ph\u1ed5 bi\u1ebfn.<br data-start=\"825\" data-end=\"828\" \/>Tem ch\u1ea1y d\u1ecdc th\u00e2n xe \u2013 t\u1eeb c\u1eeda tr\u01b0\u1edbc \u0111\u1ebfn sau b\u00e1nh sau, t\u1ea1o \u0111i\u1ec3m nh\u1ea5n r\u00f5 n\u00e9t cho body.<br data-start=\"912\" data-end=\"915\" \/>Ch\u1ea5t li\u1ec7u decal PVC ph\u1ee7 b\u00f3ng, c\u00f3 keo 3M b\u00e1m ch\u1eafc, kh\u00f4ng bong, kh\u00f4ng b\u1ea1c m\u00e0u.<br data-start=\"991\" data-end=\"994\" \/>C\u1eaft CNC s\u1eb5n theo form sedan: Mazda 3, Accent, Elantra, City, Vios, K3, Camry \u0111\u1ec1u ph\u00f9 h\u1ee3p.<br data-start=\"1083\" data-end=\"1086\" \/>D\u1ec5 d\u00e1n t\u1ea1i nh\u00e0 \u2013 c\u00f3 h\u01b0\u1edbng d\u1eabn chi ti\u1ebft, kh\u00f4ng c\u1ea7n \u0111\u1ebfn gara, d\u00e1n v\u1eabn chu\u1ea9n v\u00e0 \u0111\u1eb9p.<\/p>\n<p data-start=\"1169\" data-end=\"1224\"><strong data-start=\"1169\" data-end=\"1224\">\u01afu \u0111i\u1ec3m n\u1ed5i b\u1eadt khi ch\u1ecdn tem SEDAN-13 t\u1ea1i Chuy\u00ean \u0110\u1ed9<\/strong><\/p>\n<p data-start=\"1226\" data-end=\"1554\">Thi\u1ebft k\u1ebf tem c\u00f3 \u0111\u01b0\u1eddng cong \u2013 m\u1ec1m m\u1ea1i nh\u01b0ng v\u1eabn \u0111\u1eadm ch\u1ea5t th\u1ec3 thao c\u00e1 t\u00ednh.<br data-start=\"1299\" data-end=\"1302\" \/>K\u1ebft h\u1ee3p c\u00f9ng tem g\u01b0\u01a1ng, tem tay n\u1eafm ho\u1eb7c logo nh\u1ecf gi\u00fap xe \u0111\u1ed3ng b\u1ed9 v\u00e0 h\u00fat m\u1eaft h\u01a1n.<br data-start=\"1383\" data-end=\"1386\" \/>Ph\u00f9 h\u1ee3p m\u1ecdi \u0111\u1ed9 tu\u1ed5i \u2013 t\u1eeb ng\u01b0\u1eddi tr\u1ebb th\u00edch ph\u00e1 c\u00e1ch \u0111\u1ebfn kh\u00e1ch trung ni\u00ean y\u00eau s\u1ef1 l\u1ecbch l\u00e3m.<br data-start=\"1473\" data-end=\"1476\" \/>Gi\u00e1 h\u1ee3p l\u00fd \u2013 hi\u1ec7u qu\u1ea3 th\u1ea9m m\u1ef9 cao, gi\u00fap xe n\u1ed5i b\u1eadt gi\u1eefa ph\u1ed1 \u0111\u00f4ng xe c\u00f9ng d\u00f2ng.<\/p>\n<p data-start=\"1556\" data-end=\"1626\"><strong data-start=\"1556\" data-end=\"1626\">\u0110\u1eb7t tem SEDAN-13 ngay t\u1ea1i Chuy\u00ean \u0110\u1ed9 \u2013 D\u00e1n nh\u1eb9, l\u00ean phong c\u00e1ch m\u1ea1nh<\/strong><\/p>\n<p data-start=\"1628\" data-end=\"1792\">G\u00f5 \u201ctem SEDAN-13 \u201d tr\u00ean Google ho\u1eb7c v\u00e0o Chuyendo.vn \u0111\u1ec3 \u0111\u1eb7t m\u1eabu \u0111ang hot n\u00e0y.<br data-start=\"1712\" data-end=\"1715\" \/>Chuy\u00ean \u0110\u1ed9 \u2013 tem d\u00e1n kh\u00f4ng ch\u1ec9 \u0111\u1eb9p m\u00e0 c\u00f2n \u0111\u00fang c\u00e1 t\u00ednh ri\u00eang b\u1ea1n c\u1ea7n th\u1ec3 hi\u1ec7n.<\/p>\n<hr \/>\n<p>&nbsp;<\/p>\n<p><a href=\"https:\/\/chuyendo.vn\/oto\/\"><strong>Chuy\u00ean \u0110\u1ed9<\/strong><\/a> l\u00e0 s\u00e0n th\u01b0\u01a1ng m\u1ea1i \u0111i\u1ec7n t\u1eed h\u00e0ng \u0111\u1ea7u t\u1ea1i Vi\u1ec7t Nam d\u00e0nh cho ng\u01b0\u1eddi y\u00eau xe, chuy\u00ean cung c\u1ea5p ph\u1ee5 ki\u1ec7n \u0111\u1ed9, n\u00e2ng c\u1ea5p, l\u00e0m m\u1edbi, trang tr\u00ed, \u0111\u1ed3 ch\u01a1i xe m\u00e1y v\u00e0 xe \u0111i\u1ec7n. T\u1eebng s\u1ea3n ph\u1ea9m \u0111\u01b0\u1ee3c thi\u1ebft k\u1ebf \u0111\u1ec3 t\u1ed1i \u01b0u t\u00ednh t\u01b0\u01a1ng th\u00edch, hi\u1ec7u su\u1ea5t ho\u1ea1t \u0111\u1ed9ng v\u00e0 ti\u1ec7n l\u1ee3i, d\u1ec5 d\u00e0ng c\u00f3 th\u1ec3 t\u1ef1 l\u1eafp \u0111\u1eb7t. \u0110\u1ed9i ng\u0169 t\u01b0 v\u1ea5n vi\u00ean chuy\u00ean nghi\u1ec7p, s\u1eb5n s\u00e0ng h\u1ed7 tr\u1ee3 kh\u00e1ch h\u00e0ng l\u1ef1a ch\u1ecdn s\u1ea3n ph\u1ea9m ph\u00f9 h\u1ee3p nh\u1ea5t v\u1edbi nhu c\u1ea7u s\u1eed d\u1ee5ng. <a href=\"https:\/\/www.facebook.com\/profile.php?id=61566794691477\" target=\"_blank\" rel=\"noopener\"><strong>Chuy\u00ean \u0110\u1ed9<\/strong><\/a> \u0111\u01b0\u1ee3c x\u00e2y d\u1ef1ng v\u1edbi m\u1ee5c ti\u00eau n\u00e2ng cao an to\u00e0n, n\u00e2ng t\u1ea7m tr\u1ea3i nghi\u1ec7m khi l\u00e1i xe v\u1edbi phong c\u00e1ch ri\u00eang c\u1ee7a t\u1eebng kh\u00e1ch h\u00e0ng.<\/p>\n<p>&nbsp;<\/p>\n<p><strong><a href=\"https:\/\/chuyendo.vn\/oto\/shop\/\"><em>C\u00e1c s\u1ea3n ph\u1ea9m m\u1edbi t\u1ed1i \u01b0u nh\u1ea5t cho xe c\u1ee7a b\u1ea1n.(Nh\u1ea5n \u0110\u1ec3 Xem Chi Ti\u1ebft)<\/em><\/a><\/strong><\/p>\n<div style=\"margin: 20px 0;\"><div class=\"qrcswholewtapper\" style=\"text-align:center;\"><div class=\"qrcprowrapper\"  id=\"qrcwraa2leds\"><div class=\"qrc_canvass\" id=\"qrc_cuttenpages_2\" style=\"display:inline-block\" data-text=\"https:\/\/chuyendo.vn\/oto\/product\/tem-sedan-13\/\"><\/div><div><a download=\"DECAL, TEM \u0110\u1ed8 XE SEDAN  SEDAN-13.png\" class=\"qrcdownloads\" id=\"worign\">\r\n           <button type=\"button\" style=\"min-width:200px;background:#ffffff;color:#dd9933;font-weight: 600;border: 1px solid #dd9933;border-radius:25px;font-size:12px;padding: 6px 0;\" class=\"uqr_code_btn\">Qu\u00e9t M\u00e3 \u0110\u1ec3 Truy C\u1eadp<\/button>\r\n           <\/a><\/div><\/div><\/div><\/div>","protected":false},"excerpt":{"rendered":"<p>tem SEDAN-13 \u2013 \u0110\u1eadm ch\u1ea5t th\u1ec3 thao, thi\u1ebft k\u1ebf &#8220;Speed Curve&#8221; c\u00e1 t\u00ednh, d\u00e1n l\u00e0 n\u1ed5i b\u1eadt M\u1eabu tem SEDAN-13 s\u1eed d\u1ee5ng \u0111\u01b0\u1eddng cong m\u1ea1nh, t\u1ea1o chuy\u1ec3n \u0111\u1ed9ng nh\u01b0 v\u1ec7t t\u1ed1c \u0111\u1ed9 khi xe l\u0103n b\u00e1nh.Phong c\u00e1ch thi\u1ebft k\u1ebf \u201cSpeed &hellip; <a href=\"https:\/\/chuyendo.vn\/oto\/product\/tem-sedan-13\/\">Xem Chi Ti\u1ebft<\/a><\/p>\n","protected":false},"featured_media":11413,"comment_status":"open","ping_status":"closed","template":"","meta":[],"product_cat":[5344,19115],"product_tag":[22725,22736,22734,19835,22727,22728,22739,22717,22740,22731,16656,22738,22735,22705,22351,22712,22538,22384,22714,22721,22713,22729,22709,22720,22722,22718,22730,22723,20805,22711,22733,22737,22719,22724,22716,22732,22726,22715,22420,22710],"class_list":{"0":"post-11412","1":"product","2":"type-product","3":"status-publish","4":"has-post-thumbnail","6":"product_cat-san-pham-moi","7":"product_cat-sedan","8":"product_tag-tem-cho-k3-elantra-the-thao","9":"product_tag-tem-city","10":"product_tag-tem-cong-than-xe","11":"product_tag-tem-dan-nhanh","12":"product_tag-tem-dan-nhanh-khong-bong","13":"product_tag-tem-decal-ben-mau-phu-bong","14":"product_tag-tem-elantra","15":"product_tag-tem-elantra-phoi-tem-cong","16":"product_tag-tem-k3","17":"product_tag-tem-khi-dong-hoc","18":"product_tag-tem-khong-bong","19":"product_tag-tem-mazda-3","20":"product_tag-tem-mem-mai-ca-tinh","21":"product_tag-tem-phu-bong","22":"product_tag-tem-sedan-accent","23":"product_tag-tem-sedan-dam-chat-sport-mind","24":"product_tag-tem-sedan-dan-tai-nha","25":"product_tag-tem-sedan-do-den","26":"product_tag-tem-sedan-phoi-logo-the-thao","27":"product_tag-tem-sedan-phong-cach-khi-dong-hoc","28":"product_tag-tem-sedan-phong-cach-song-luon","29":"product_tag-tem-sedan-the-thao-13","30":"product_tag-tem-sedan-the-thao-13-dep","31":"product_tag-tem-sedan-the-thao-uon-luon","32":"product_tag-tem-sedan-thiet-ke-khong-tho","33":"product_tag-tem-sedan-vios-dan-dep","34":"product_tag-tem-sedan-13","35":"product_tag-tem-sedan-13-cat-san-cnc","36":"product_tag-tem-sport-mind","37":"product_tag-tem-than-xe-the-thao-mem-mai","38":"product_tag-tem-trang-xam","39":"product_tag-tem-vios","40":"product_tag-tem-xe-accent-manh-me","41":"product_tag-tem-xe-dan-body-chuan","42":"product_tag-tem-xe-mazda-3-dep-mat","43":"product_tag-tem-xe-phong-cach","44":"product_tag-tem-xe-phu-hop-moi-do-tuoi","45":"product_tag-tem-xe-sedan-city-the-thao","46":"product_tag-tem-xe-sedan-dep","47":"product_tag-tem-xe-sedan-kieu-speed-curve","49":"first","50":"instock","51":"shipping-taxable","52":"purchasable","53":"product-type-variable"},"_links":{"self":[{"href":"https:\/\/chuyendo.vn\/oto\/wp-json\/wp\/v2\/product\/11412","targetHints":{"allow":["GET"]}}],"collection":[{"href":"https:\/\/chuyendo.vn\/oto\/wp-json\/wp\/v2\/product"}],"about":[{"href":"https:\/\/chuyendo.vn\/oto\/wp-json\/wp\/v2\/types\/product"}],"replies":[{"embeddable":true,"href":"https:\/\/chuyendo.vn\/oto\/wp-json\/wp\/v2\/comments?post=11412"}],"wp:featuredmedia":[{"embeddable":true,"href":"https:\/\/chuyendo.vn\/oto\/wp-json\/wp\/v2\/media\/11413"}],"wp:attachment":[{"href":"https:\/\/chuyendo.vn\/oto\/wp-json\/wp\/v2\/media?parent=11412"}],"wp:term":[{"taxonomy":"product_cat","embeddable":true,"href":"https:\/\/chuyendo.vn\/oto\/wp-json\/wp\/v2\/product_cat?post=11412"},{"taxonomy":"product_tag","embeddable":true,"href":"https:\/\/chuyendo.vn\/oto\/wp-json\/wp\/v2\/product_tag?post=11412"}],"curies":[{"name":"wp","href":"https:\/\/api.w.org\/{rel}","templated":true}]}}