{"id":11493,"date":"2025-06-20T07:49:43","date_gmt":"2025-06-20T07:49:43","guid":{"rendered":"https:\/\/chuyendo.vn\/oto\/?post_type=product&#038;p=11493"},"modified":"2025-06-20T07:55:21","modified_gmt":"2025-06-20T07:55:21","slug":"tem-xe-sedan-sedan-19","status":"publish","type":"product","link":"https:\/\/chuyendo.vn\/oto\/product\/tem-xe-sedan-sedan-19\/","title":{"rendered":"DECAL, TEM \u0110\u1ed8 XE SEDAN  SEDAN-19"},"content":{"rendered":"<p data-start=\"371\" data-end=\"465\"><strong data-start=\"371\" data-end=\"465\">Tem xe Sedan SEDAN-19 \u2013 C\u00e1 t\u00ednh m\u1ea1nh m\u1ebd, phong c\u00e1ch \u0111\u01b0\u1eddng ph\u1ed1 tr\u1ebb trung, \u0111\u1eadm ch\u1ea5t ri\u00eang<\/strong><\/p>\n<p data-start=\"467\" data-end=\"1138\"><strong data-start=\"371\" data-end=\"465\">Tem xe Sedan SEDAN-19<\/strong>\u00a0n\u1ed5i b\u1eadt v\u1edbi h\u1ecda ti\u1ebft \u201cripped edge\u201d \u2013 \u0111\u01b0\u1eddng x\u00e9 ch\u00e9o t\u1ea1o \u0111i\u1ec3m nh\u1ea5n c\u1ef1c \u0111\u1ed9c.<br data-start=\"557\" data-end=\"560\" \/>Thi\u1ebft k\u1ebf kh\u00f4ng \u0111\u1ed1i x\u1ee9ng t\u1ea1o n\u00ean s\u1ef1 ph\u00e1 c\u00e1ch, ph\u00f9 h\u1ee3p xe c\u00e1 nh\u00e2n h\u00f3a phong c\u00e1ch ri\u00eang.<br data-start=\"645\" data-end=\"648\" \/>Gam m\u00e0u ch\u1ee7 \u0111\u1ea1o: \u0111en \u2013 \u0111\u1ecf ch\u00e1y, b\u1ea1c \u2013 cam, tr\u1eafng \u2013 xanh d\u1ea1 quang c\u1ef1c k\u1ef3 \u1ea5n t\u01b0\u1ee3ng.<br data-start=\"729\" data-end=\"732\" \/>Logo \u201cStreet Identity\u201d \u2013 th\u1ec3 hi\u1ec7n c\u00e1 t\u00ednh ng\u01b0\u1eddi l\u00e1i, m\u1ea1nh m\u1ebd v\u00e0 kh\u00e1c bi\u1ec7t.<br data-start=\"806\" data-end=\"809\" \/>Tem ch\u1ea1y t\u1eeb m\u00e9p d\u01b0\u1edbi b\u00e1nh tr\u01b0\u1edbc \u0111\u1ebfn cu\u1ed1i th\u00e2n \u2013 kh\u00f4ng r\u01b0\u1eddm r\u00e0 nh\u01b0ng r\u1ea5t thu h\u00fat.<br data-start=\"889\" data-end=\"892\" \/>Ch\u1ea5t li\u1ec7u decal PVC ph\u1ee7 b\u00f3ng cao c\u1ea5p \u2013 ch\u1ed1ng n\u01b0\u1edbc, ch\u1ed1ng tr\u1ea7y, kh\u00f4ng phai m\u00e0u.<br data-start=\"970\" data-end=\"973\" \/>C\u1eaft s\u1eb5n CNC cho c\u00e1c d\u00f2ng sedan: City, Vios, K3, Mazda 3, Elantra, Camry, Lux A.<br data-start=\"1052\" data-end=\"1055\" \/>D\u00e1n t\u1ea1i nh\u00e0 \u0111\u01a1n gi\u1ea3n \u2013 kh\u00f4ng c\u1ea7n kinh nghi\u1ec7m, ch\u1ec9 c\u1ea7n l\u00e0m s\u1ea1ch v\u00e0 canh \u0111\u1ec1u l\u00e0 d\u00ednh.<\/p>\n<p data-start=\"1140\" data-end=\"1187\"><strong data-start=\"1140\" data-end=\"1187\">\u01afu \u0111i\u1ec3m khi ch\u1ecdn Tem xe Sedan SEDAN-19 t\u1ea1i Chuy\u00ean \u0110\u1ed9<\/strong><\/p>\n<p data-start=\"1189\" data-end=\"1480\">Phong c\u00e1ch c\u00e1 t\u00ednh nh\u01b0ng v\u1eabn ph\u00f9 h\u1ee3p ch\u1ea1y ph\u1ed1, \u0111i l\u00e0m hay d\u1ef1 s\u1ef1 ki\u1ec7n \u0111\u1ec1u n\u1ed5i b\u1eadt.<br data-start=\"1270\" data-end=\"1273\" \/>Ph\u1ed1i t\u1ed1t v\u1edbi c\u00e1c ph\u1ee5 ki\u1ec7n nh\u01b0 logo nh\u1ecf, tem g\u01b0\u01a1ng, ho\u1eb7c tay n\u1eafm carbon.<br data-start=\"1344\" data-end=\"1347\" \/>Kh\u00f4ng c\u1ea7n \u0111\u1ed9 m\u00e1y \u2013 ch\u1ec9 c\u1ea7n d\u00e1n tem l\u00e0 xe \u0111\u00e3 kh\u00e1c bi\u1ec7t r\u00f5 r\u1ec7t.<br data-start=\"1408\" data-end=\"1411\" \/>Th\u00edch h\u1ee3p kh\u00e1ch tr\u1ebb tu\u1ed5i, y\u00eau s\u00e1ng t\u1ea1o v\u00e0 th\u00edch s\u1ef1 n\u1ed5i lo\u1ea1n v\u1eeba ph\u1ea3i.<\/p>\n<p data-start=\"1482\" data-end=\"1550\"><strong data-start=\"1482\" data-end=\"1550\">T\u00ecm Tem xe Sedan SEDAN-19 t\u1ea1i Chuy\u00ean \u0110\u1ed9 \u2013 D\u00e1n c\u00e1 t\u00ednh, l\u00e1i t\u1ef1 tin<\/strong><\/p>\n<p data-start=\"1552\" data-end=\"1722\">G\u00f5 \u201c<strong data-start=\"371\" data-end=\"465\">Tem xe Sedan SEDAN-19<\/strong>\u201d ho\u1eb7c truy c\u1eadp ngay Chuyendo.vn \u0111\u1ec3 \u0111\u1eb7t m\u1eabu \u0111\u01b0\u1ee3c y\u00eau th\u00edch nh\u1ea5t.<br data-start=\"1640\" data-end=\"1643\" \/>Chuy\u00ean \u0110\u1ed9 \u2013 kho tem phong c\u00e1ch d\u00e0nh cho ng\u01b0\u1eddi th\u00edch t\u1ea1o d\u1ea5u \u1ea5n kh\u00f4ng tr\u00f9ng l\u1eb7p.<\/p>\n<hr \/>\n<p>&nbsp;<\/p>\n<p><a href=\"https:\/\/chuyendo.vn\/oto\/\"><strong>Chuy\u00ean \u0110\u1ed9<\/strong><\/a> l\u00e0 s\u00e0n th\u01b0\u01a1ng m\u1ea1i \u0111i\u1ec7n t\u1eed h\u00e0ng \u0111\u1ea7u t\u1ea1i Vi\u1ec7t Nam d\u00e0nh cho ng\u01b0\u1eddi y\u00eau xe, chuy\u00ean cung c\u1ea5p ph\u1ee5 ki\u1ec7n \u0111\u1ed9, n\u00e2ng c\u1ea5p, l\u00e0m m\u1edbi, trang tr\u00ed, \u0111\u1ed3 ch\u01a1i xe m\u00e1y v\u00e0 xe \u0111i\u1ec7n. T\u1eebng s\u1ea3n ph\u1ea9m \u0111\u01b0\u1ee3c thi\u1ebft k\u1ebf \u0111\u1ec3 t\u1ed1i \u01b0u t\u00ednh t\u01b0\u01a1ng th\u00edch, hi\u1ec7u su\u1ea5t ho\u1ea1t \u0111\u1ed9ng v\u00e0 ti\u1ec7n l\u1ee3i, d\u1ec5 d\u00e0ng c\u00f3 th\u1ec3 t\u1ef1 l\u1eafp \u0111\u1eb7t. \u0110\u1ed9i ng\u0169 t\u01b0 v\u1ea5n vi\u00ean chuy\u00ean nghi\u1ec7p, s\u1eb5n s\u00e0ng h\u1ed7 tr\u1ee3 kh\u00e1ch h\u00e0ng l\u1ef1a ch\u1ecdn s\u1ea3n ph\u1ea9m ph\u00f9 h\u1ee3p nh\u1ea5t v\u1edbi nhu c\u1ea7u s\u1eed d\u1ee5ng. <a href=\"https:\/\/www.facebook.com\/profile.php?id=61566794691477\" target=\"_blank\" rel=\"noopener\"><strong>Chuy\u00ean \u0110\u1ed9<\/strong><\/a> \u0111\u01b0\u1ee3c x\u00e2y d\u1ef1ng v\u1edbi m\u1ee5c ti\u00eau n\u00e2ng cao an to\u00e0n, n\u00e2ng t\u1ea7m tr\u1ea3i nghi\u1ec7m khi l\u00e1i xe v\u1edbi phong c\u00e1ch ri\u00eang c\u1ee7a t\u1eebng kh\u00e1ch h\u00e0ng.<\/p>\n<p>&nbsp;<\/p>\n<p><strong><a href=\"https:\/\/chuyendo.vn\/oto\/shop\/\"><em>C\u00e1c s\u1ea3n ph\u1ea9m m\u1edbi t\u1ed1i \u01b0u nh\u1ea5t cho xe c\u1ee7a b\u1ea1n.(Nh\u1ea5n \u0110\u1ec3 Xem Chi Ti\u1ebft)<\/em><\/a><\/strong><\/p>\n<div style=\"margin: 20px 0;\"><div class=\"qrcswholewtapper\" style=\"text-align:center;\"><div class=\"qrcprowrapper\"  id=\"qrcwraa2leds\"><div class=\"qrc_canvass\" id=\"qrc_cuttenpages_2\" style=\"display:inline-block\" data-text=\"https:\/\/chuyendo.vn\/oto\/product\/tem-xe-sedan-sedan-19\/\"><\/div><div><a download=\"DECAL, TEM \u0110\u1ed8 XE SEDAN  SEDAN-19.png\" class=\"qrcdownloads\" id=\"worign\">\r\n           <button type=\"button\" style=\"min-width:200px;background:#ffffff;color:#dd9933;font-weight: 600;border: 1px solid #dd9933;border-radius:25px;font-size:12px;padding: 6px 0;\" class=\"uqr_code_btn\">Qu\u00e9t M\u00e3 \u0110\u1ec3 Truy C\u1eadp<\/button>\r\n           <\/a><\/div><\/div><\/div><\/div>","protected":false},"excerpt":{"rendered":"<p>Tem xe Sedan SEDAN-19 \u2013 C\u00e1 t\u00ednh m\u1ea1nh m\u1ebd, phong c\u00e1ch \u0111\u01b0\u1eddng ph\u1ed1 tr\u1ebb trung, \u0111\u1eadm ch\u1ea5t ri\u00eang Tem xe Sedan SEDAN-19\u00a0n\u1ed5i b\u1eadt v\u1edbi h\u1ecda ti\u1ebft \u201cripped edge\u201d \u2013 \u0111\u01b0\u1eddng x\u00e9 ch\u00e9o t\u1ea1o \u0111i\u1ec3m nh\u1ea5n c\u1ef1c \u0111\u1ed9c.Thi\u1ebft k\u1ebf kh\u00f4ng \u0111\u1ed1i &hellip; <a href=\"https:\/\/chuyendo.vn\/oto\/product\/tem-xe-sedan-sedan-19\/\">Xem Chi Ti\u1ebft<\/a><\/p>\n","protected":false},"featured_media":11494,"comment_status":"open","ping_status":"closed","template":"","meta":[],"product_cat":[5344,19115],"product_tag":[22921,22898,22736,22911,16658,22917,22916,22739,22901,22740,22899,16656,20661,22738,22922,22705,22909,22919,22913,22895,22597,22384,22897,22907,22905,22902,22920,22908,22777,22914,22912,22906,22904,22896,22915,22737,22903,22918,22910,22900],"class_list":{"0":"post-11493","1":"product","2":"type-product","3":"status-publish","4":"has-post-thumbnail","6":"product_cat-san-pham-moi","7":"product_cat-sedan","8":"product_tag-tem-ca-nhan-hoa","9":"product_tag-tem-cho-sedan-city-phong-cach","10":"product_tag-tem-city","11":"product_tag-tem-dan-nhanh-khong-troc","12":"product_tag-tem-de-dan","13":"product_tag-tem-doc-la","14":"product_tag-tem-duong-pho","15":"product_tag-tem-elantra","16":"product_tag-tem-elantra-phong-cach-duong-pho","17":"product_tag-tem-k3","18":"product_tag-tem-k3-decal-ca-tinh","19":"product_tag-tem-khong-bong","20":"product_tag-tem-lux-a","21":"product_tag-tem-mazda-3","22":"product_tag-tem-pha-cach-dep","23":"product_tag-tem-phu-bong","24":"product_tag-tem-phu-bong-ben-dep","25":"product_tag-tem-sedan-bac-cam","26":"product_tag-tem-sedan-ca-tinh-19","27":"product_tag-tem-sedan-ca-tinh-19-pha-cach","28":"product_tag-tem-sedan-de-dan-tai-nha","29":"product_tag-tem-sedan-do-den","30":"product_tag-tem-sedan-duong-pho-ca-nhan-hoa","31":"product_tag-tem-sedan-gam-do-chay","32":"product_tag-tem-sedan-khong-loi-thoi","33":"product_tag-tem-sedan-phoi-tem-street-identity","34":"product_tag-tem-sedan-trang-xanh","35":"product_tag-tem-sedan-trang-xanh-la-mat","36":"product_tag-tem-sedan-vios-pha-cach","37":"product_tag-tem-sedan-19","38":"product_tag-tem-sedan-19-khong-trung-lap","39":"product_tag-tem-sedan-19-phoi-logo-nho","40":"product_tag-tem-sedan-19-phu-hop-nguoi-tre","41":"product_tag-tem-sedan-19-thiet-ke-duong-xe-cheo","42":"product_tag-tem-street-identity","43":"product_tag-tem-vios","44":"product_tag-tem-xe-ca-nhan-hoa-dep","45":"product_tag-tem-xe-cheo","46":"product_tag-tem-xe-khong-bong","47":"product_tag-tem-xe-mazda-3-dan-dep","49":"first","50":"instock","51":"shipping-taxable","52":"purchasable","53":"product-type-variable"},"_links":{"self":[{"href":"https:\/\/chuyendo.vn\/oto\/wp-json\/wp\/v2\/product\/11493","targetHints":{"allow":["GET"]}}],"collection":[{"href":"https:\/\/chuyendo.vn\/oto\/wp-json\/wp\/v2\/product"}],"about":[{"href":"https:\/\/chuyendo.vn\/oto\/wp-json\/wp\/v2\/types\/product"}],"replies":[{"embeddable":true,"href":"https:\/\/chuyendo.vn\/oto\/wp-json\/wp\/v2\/comments?post=11493"}],"wp:featuredmedia":[{"embeddable":true,"href":"https:\/\/chuyendo.vn\/oto\/wp-json\/wp\/v2\/media\/11494"}],"wp:attachment":[{"href":"https:\/\/chuyendo.vn\/oto\/wp-json\/wp\/v2\/media?parent=11493"}],"wp:term":[{"taxonomy":"product_cat","embeddable":true,"href":"https:\/\/chuyendo.vn\/oto\/wp-json\/wp\/v2\/product_cat?post=11493"},{"taxonomy":"product_tag","embeddable":true,"href":"https:\/\/chuyendo.vn\/oto\/wp-json\/wp\/v2\/product_tag?post=11493"}],"curies":[{"name":"wp","href":"https:\/\/api.w.org\/{rel}","templated":true}]}}