{"id":11605,"date":"2025-06-21T00:54:44","date_gmt":"2025-06-21T00:54:44","guid":{"rendered":"https:\/\/chuyendo.vn\/oto\/?post_type=product&#038;p=11605"},"modified":"2025-06-21T00:59:18","modified_gmt":"2025-06-21T00:59:18","slug":"tem-xe-suv-2","status":"publish","type":"product","link":"https:\/\/chuyendo.vn\/oto\/product\/tem-xe-suv-2\/","title":{"rendered":"DECAL, TEM \u0110\u1ed8 XE SUV SUV-2"},"content":{"rendered":"<p data-start=\"370\" data-end=\"455\"><strong data-start=\"370\" data-end=\"455\">Tem xe SUV-2 \u2013 D\u1ea3i s\u1ecdc th\u1ec3 thao t\u1ed1c \u0111\u1ed9, t\u0103ng v\u1ebb n\u0103ng \u0111\u1ed9ng cho SUV hi\u1ec7n \u0111\u1ea1i<\/strong><\/p>\n<p data-start=\"457\" data-end=\"1166\"><strong data-start=\"370\" data-end=\"455\">Tem xe SUV-2<\/strong>\u00a0l\u1ea5y c\u1ea3m h\u1ee9ng t\u1eeb xe \u0111ua Dakar \u2013 thi\u1ebft k\u1ebf d\u1ea3i s\u1ecdc k\u00e9p k\u00e9o d\u00e0i m\u1ea1nh m\u1ebd hai b\u00ean.<br data-start=\"539\" data-end=\"542\" \/>D\u1ea3i s\u1ecdc ch\u00e9o g\u00f3c 45 \u0111\u1ed9, \u00f4m th\u00e2n xe t\u1eeb b\u00e1nh tr\u01b0\u1edbc \u0111\u1ebfn sau, t\u1ea1o hi\u1ec7u \u1ee9ng chuy\u1ec3n \u0111\u1ed9ng m\u1ea1nh.<br data-start=\"630\" data-end=\"633\" \/>M\u00e0u ph\u1ed1i s\u1eafc n\u00e9t: \u0111\u1ecf \u0111en, b\u1ea1c xanh d\u01b0\u01a1ng, v\u00e0ng cam, d\u1ec5 k\u1ebft h\u1ee3p v\u1edbi m\u00e0u s\u01a1n xe ph\u1ed5 bi\u1ebfn.<br data-start=\"720\" data-end=\"723\" \/>Logo \u201cSpeedCross\u201d \u0111\u01b0\u1ee3c in d\u1ea1ng kh\u1ed1i l\u1ec7ch, \u0111\u1eadm ch\u1ea5t th\u1ec3 thao v\u00e0 kh\u00ed ch\u1ea5t v\u01b0\u1ee3t \u0111\u1ecba h\u00ecnh.<br data-start=\"809\" data-end=\"812\" \/>Tem thi\u1ebft k\u1ebf c\u00e2n \u0111\u1ed1i, kh\u00f4ng chi\u1ebfm nhi\u1ec1u di\u1ec7n t\u00edch nh\u01b0ng v\u1eabn n\u1ed5i b\u1eadt khi xe di chuy\u1ec3n.<br data-start=\"897\" data-end=\"900\" \/>Ch\u1ea5t li\u1ec7u decal PVC ph\u1ee7 b\u00f3ng cao c\u1ea5p \u2013 b\u00e1m s\u01a1n t\u1ed1t, ch\u1ed1ng x\u01b0\u1edbc, d\u1ec5 lau v\u00e0 ch\u1ecbu th\u1eddi ti\u1ebft.<br data-start=\"989\" data-end=\"992\" \/>Form chu\u1ea9n cho c\u00e1c d\u00f2ng SUV ph\u1ed5 th\u00f4ng nh\u01b0: Fortuner, Everest, Tucson, Santafe, Sorento&#8230;<br data-start=\"1081\" data-end=\"1084\" \/>Ng\u01b0\u1eddi d\u00f9ng c\u00f3 th\u1ec3 t\u1ef1 d\u00e1n v\u1edbi h\u01b0\u1edbng d\u1eabn k\u00e8m \u2013 d\u1ec5 canh line, kh\u00f4ng c\u1ea7n k\u1ef9 thu\u1eadt cao.<\/p>\n<p data-start=\"1168\" data-end=\"1217\"><strong data-start=\"1168\" data-end=\"1217\">V\u00ec sao Tem xe SUV-2 l\u00e0 l\u1ef1a ch\u1ecdn ho\u00e0n h\u1ea3o cho xe b\u1ea1n?<\/strong><\/p>\n<p data-start=\"1219\" data-end=\"1544\">T\u0103ng n\u00e9t kh\u1ecfe kho\u1eafn, tr\u1ebb trung, ph\u00f9 h\u1ee3p ch\u1ee7 xe c\u00e1 t\u00ednh, y\u00eau th\u00edch t\u1ed1c \u0111\u1ed9 v\u00e0 \u0111\u1ed9 xe.<br data-start=\"1301\" data-end=\"1304\" \/>Kh\u00f4ng c\u1ea7n thay \u0111\u1ed5i k\u1ebft c\u1ea5u \u2013 ch\u1ec9 d\u00e1n tem \u0111\u00e3 \u0111\u1ee7 khi\u1ebfn xe n\u1ed5i b\u1eadt gi\u1eefa \u0111\u00e1m \u0111\u00f4ng.<br data-start=\"1382\" data-end=\"1385\" \/>K\u1ebft h\u1ee3p t\u1ed1t v\u1edbi vi\u1ec1n g\u01b0\u01a1ng, \u1ed1p m\u00e2m th\u1ec3 thao, \u0111\u00e8n LED trang tr\u00ed v\u00e0 \u1ed1p tay n\u1eafm c\u1eeda.<br data-start=\"1466\" data-end=\"1469\" \/>D\u00f9ng \u0111\u01b0\u1ee3c cho c\u1ea3 xe \u0111i ph\u1ed1, xe gia \u0111\u00ecnh ho\u1eb7c xe tham gia caravan, h\u1ed9i nh\u00f3m.<\/p>\n<p data-start=\"1546\" data-end=\"1635\"><strong data-start=\"1546\" data-end=\"1635\">T\u00ecm Tem xe SUV-2 t\u1ea1i Chuy\u00ean \u0110\u1ed9 \u2013 T\u1ed1i gi\u1ea3n nh\u01b0ng kh\u00e1c bi\u1ec7t, th\u1ec3 thao v\u00e0 s\u1eafc n\u00e9t<\/strong><\/p>\n<p data-start=\"1637\" data-end=\"1814\">T\u00ecm \u201c<strong data-start=\"370\" data-end=\"455\">Tem xe SUV-2<\/strong>\u201d ho\u1eb7c gh\u00e9 ngay Chuyendo.vn \u0111\u1ec3 \u0111\u1eb7t m\u1eabu SUV m\u1ea1nh m\u1ebd \u2013 tr\u1ebb trung n\u00e0y.<br data-start=\"1728\" data-end=\"1731\" \/>Chuy\u00ean \u0110\u1ed9 \u2013 n\u01a1i xe b\u1ea1n th\u1ec3 hi\u1ec7n phong c\u00e1ch s\u1ed1ng v\u1edbi t\u1eebng chi ti\u1ebft decal ch\u1ea5t l\u01b0\u1ee3ng.<\/p>\n<hr \/>\n<p>&nbsp;<\/p>\n<p><a href=\"https:\/\/chuyendo.vn\/oto\/\"><strong>Chuy\u00ean \u0110\u1ed9<\/strong><\/a> l\u00e0 s\u00e0n th\u01b0\u01a1ng m\u1ea1i \u0111i\u1ec7n t\u1eed h\u00e0ng \u0111\u1ea7u t\u1ea1i Vi\u1ec7t Nam d\u00e0nh cho ng\u01b0\u1eddi y\u00eau xe, chuy\u00ean cung c\u1ea5p ph\u1ee5 ki\u1ec7n \u0111\u1ed9, n\u00e2ng c\u1ea5p, l\u00e0m m\u1edbi, trang tr\u00ed, \u0111\u1ed3 ch\u01a1i xe m\u00e1y v\u00e0 xe \u0111i\u1ec7n. T\u1eebng s\u1ea3n ph\u1ea9m \u0111\u01b0\u1ee3c thi\u1ebft k\u1ebf \u0111\u1ec3 t\u1ed1i \u01b0u t\u00ednh t\u01b0\u01a1ng th\u00edch, hi\u1ec7u su\u1ea5t ho\u1ea1t \u0111\u1ed9ng v\u00e0 ti\u1ec7n l\u1ee3i, d\u1ec5 d\u00e0ng c\u00f3 th\u1ec3 t\u1ef1 l\u1eafp \u0111\u1eb7t. \u0110\u1ed9i ng\u0169 t\u01b0 v\u1ea5n vi\u00ean chuy\u00ean nghi\u1ec7p, s\u1eb5n s\u00e0ng h\u1ed7 tr\u1ee3 kh\u00e1ch h\u00e0ng l\u1ef1a ch\u1ecdn s\u1ea3n ph\u1ea9m ph\u00f9 h\u1ee3p nh\u1ea5t v\u1edbi nhu c\u1ea7u s\u1eed d\u1ee5ng. <a href=\"https:\/\/www.facebook.com\/profile.php?id=61566794691477\" target=\"_blank\" rel=\"noopener\"><strong>Chuy\u00ean \u0110\u1ed9<\/strong><\/a> \u0111\u01b0\u1ee3c x\u00e2y d\u1ef1ng v\u1edbi m\u1ee5c ti\u00eau n\u00e2ng cao an to\u00e0n, n\u00e2ng t\u1ea7m tr\u1ea3i nghi\u1ec7m khi l\u00e1i xe v\u1edbi phong c\u00e1ch ri\u00eang c\u1ee7a t\u1eebng kh\u00e1ch h\u00e0ng.<\/p>\n<p>&nbsp;<\/p>\n<p><strong><a href=\"https:\/\/chuyendo.vn\/oto\/shop\/\"><em>C\u00e1c s\u1ea3n ph\u1ea9m m\u1edbi t\u1ed1i \u01b0u nh\u1ea5t cho xe c\u1ee7a b\u1ea1n.(Nh\u1ea5n \u0110\u1ec3 Xem Chi Ti\u1ebft)<\/em><\/a><\/strong><\/p>\n<div style=\"margin: 20px 0;\"><div class=\"qrcswholewtapper\" style=\"text-align:center;\"><div class=\"qrcprowrapper\"  id=\"qrcwraa2leds\"><div class=\"qrc_canvass\" id=\"qrc_cuttenpages_2\" style=\"display:inline-block\" data-text=\"https:\/\/chuyendo.vn\/oto\/product\/tem-xe-suv-2\/\"><\/div><div><a download=\"DECAL, TEM \u0110\u1ed8 XE SUV SUV-2.png\" class=\"qrcdownloads\" id=\"worign\">\r\n           <button type=\"button\" style=\"min-width:200px;background:#ffffff;color:#dd9933;font-weight: 600;border: 1px solid #dd9933;border-radius:25px;font-size:12px;padding: 6px 0;\" class=\"uqr_code_btn\">Qu\u00e9t M\u00e3 \u0110\u1ec3 Truy C\u1eadp<\/button>\r\n           <\/a><\/div><\/div><\/div><\/div>","protected":false},"excerpt":{"rendered":"<p>Tem xe SUV-2 \u2013 D\u1ea3i s\u1ecdc th\u1ec3 thao t\u1ed1c \u0111\u1ed9, t\u0103ng v\u1ebb n\u0103ng \u0111\u1ed9ng cho SUV hi\u1ec7n \u0111\u1ea1i Tem xe SUV-2\u00a0l\u1ea5y c\u1ea3m h\u1ee9ng t\u1eeb xe \u0111ua Dakar \u2013 thi\u1ebft k\u1ebf d\u1ea3i s\u1ecdc k\u00e9p k\u00e9o d\u00e0i m\u1ea1nh m\u1ebd hai b\u00ean.D\u1ea3i s\u1ecdc &hellip; <a href=\"https:\/\/chuyendo.vn\/oto\/product\/tem-xe-suv-2\/\">Xem Chi Ti\u1ebft<\/a><\/p>\n","protected":false},"featured_media":11607,"comment_status":"open","ping_status":"closed","template":"","meta":[],"product_cat":[5344,19117],"product_tag":[23033,23265,23266,16658,23261,23276,23264,23259,23239,23238,16656,23023,23274,23260,22705,23240,23253,23271,23241,23254,23269,23256,23272,23255,23263,23275,23258,23267,23249,23268,23250,23270,21556,23273,20052,23252,23251,23262,20041,23257],"class_list":{"0":"post-11605","1":"product","2":"type-product","3":"status-publish","4":"has-post-thumbnail","6":"product_cat-san-pham-moi","7":"product_cat-suv","8":"product_tag-tem-ca-tinh","9":"product_tag-tem-cho-xe-nhom-hoi","10":"product_tag-tem-choi-xe-the-thao","11":"product_tag-tem-de-dan","12":"product_tag-tem-de-phoi-phu-kien","13":"product_tag-tem-decal-suv","14":"product_tag-tem-decal-suv-noi-bat","15":"product_tag-tem-di-caravan-dep","16":"product_tag-tem-everest","17":"product_tag-tem-fortuner","18":"product_tag-tem-khong-bong","19":"product_tag-tem-khong-bong-troc","20":"product_tag-tem-nhom-choi-xe","21":"product_tag-tem-offroad-the-thao","22":"product_tag-tem-phu-bong","23":"product_tag-tem-santafe","24":"product_tag-tem-santafe-decal-the-thao","25":"product_tag-tem-soc-kep","26":"product_tag-tem-sorento","27":"product_tag-tem-sorento-phoi-tem-the-thao","28":"product_tag-tem-speedcross","29":"product_tag-tem-suv-decal-phu-bong","30":"product_tag-tem-suv-do-den","31":"product_tag-tem-suv-do-den-noi-bat","32":"product_tag-tem-suv-manh-me-don-gian","33":"product_tag-tem-suv-noi-bat","34":"product_tag-tem-suv-pho-chat","35":"product_tag-tem-suv-the-thao-02","36":"product_tag-tem-suv-the-thao-02-dai-soc","37":"product_tag-tem-suv-2","38":"product_tag-tem-suv-2-speedcross","39":"product_tag-tem-the-thao-suv","40":"product_tag-tem-tucson","41":"product_tag-tem-xe-caravan","42":"product_tag-tem-xe-dua","43":"product_tag-tem-xe-everest-phong-cach-dua","44":"product_tag-tem-xe-fortuner-the-thao-dep","45":"product_tag-tem-xe-gam-cao-dep","46":"product_tag-tem-xe-phong-cach-toc-do","47":"product_tag-tem-xe-the-thao-ca-tinh","49":"first","50":"instock","51":"shipping-taxable","52":"purchasable","53":"product-type-variable"},"_links":{"self":[{"href":"https:\/\/chuyendo.vn\/oto\/wp-json\/wp\/v2\/product\/11605","targetHints":{"allow":["GET"]}}],"collection":[{"href":"https:\/\/chuyendo.vn\/oto\/wp-json\/wp\/v2\/product"}],"about":[{"href":"https:\/\/chuyendo.vn\/oto\/wp-json\/wp\/v2\/types\/product"}],"replies":[{"embeddable":true,"href":"https:\/\/chuyendo.vn\/oto\/wp-json\/wp\/v2\/comments?post=11605"}],"wp:featuredmedia":[{"embeddable":true,"href":"https:\/\/chuyendo.vn\/oto\/wp-json\/wp\/v2\/media\/11607"}],"wp:attachment":[{"href":"https:\/\/chuyendo.vn\/oto\/wp-json\/wp\/v2\/media?parent=11605"}],"wp:term":[{"taxonomy":"product_cat","embeddable":true,"href":"https:\/\/chuyendo.vn\/oto\/wp-json\/wp\/v2\/product_cat?post=11605"},{"taxonomy":"product_tag","embeddable":true,"href":"https:\/\/chuyendo.vn\/oto\/wp-json\/wp\/v2\/product_tag?post=11605"}],"curies":[{"name":"wp","href":"https:\/\/api.w.org\/{rel}","templated":true}]}}