{"id":12185,"date":"2025-07-19T12:40:59","date_gmt":"2025-07-19T12:40:59","guid":{"rendered":"https:\/\/chuyendo.vn\/oto\/?post_type=product&#038;p=12185"},"modified":"2025-07-24T04:20:49","modified_gmt":"2025-07-24T04:20:49","slug":"bo-dung-cu-mo-noi-that","status":"publish","type":"product","link":"https:\/\/chuyendo.vn\/oto\/product\/bo-dung-cu-mo-noi-that\/","title":{"rendered":"TH\u00c1O M\u1ede N\u1ed8I TH\u1ea4T \u00d4 T\u00d4"},"content":{"rendered":"<p data-start=\"373\" data-end=\"446\"><strong data-start=\"373\" data-end=\"446\">B\u1ed9 d\u1ee5ng c\u1ee5 m\u1edf n\u1ed9i th\u1ea5t\u00a0\u00f4 t\u00f4 \u2013 G\u1ecdn nh\u1eb9, hi\u1ec7u qu\u1ea3, kh\u00f4ng tr\u1ea7y x\u01b0\u1edbc<\/strong><\/p>\n<p data-start=\"448\" data-end=\"1078\">B\u1ed9 d\u1ee5ng c\u1ee5 m\u1edf n\u1ed9i th\u1ea5t\u00a0\u00f4 t\u00f4 gi\u00fap th\u00e1o g\u1ee1 chi ti\u1ebft d\u1ec5 d\u00e0ng, nhanh ch\u00f3ng v\u00e0 an to\u00e0n.<br data-start=\"532\" data-end=\"535\" \/>Ch\u1ea5t li\u1ec7u nh\u1ef1a ABS cao c\u1ea5p, kh\u00f4ng l\u00e0m tr\u1ea7y nh\u1ef1a, vi\u1ec1n, m\u1eb7t t\u00e1p l\u00f4 ho\u1eb7c c\u1eeda xe.<br data-start=\"613\" data-end=\"616\" \/>B\u1ed9 g\u1ed3m nhi\u1ec1u \u0111\u1ea7u kh\u00e1c nhau \u2013 c\u1ea1y, n\u1ea1y, b\u1ea9y, m\u1edf khay, l\u1eaby, \u0111\u00e8n tr\u1ea7n, b\u1ea3ng taplo\u2026<br data-start=\"695\" data-end=\"698\" \/>D\u1ee5ng c\u1ee5 nh\u1eb9, d\u1ebbo, ch\u1ecbu l\u1ef1c \u2013 ph\u00f9 h\u1ee3p v\u1edbi c\u1ea3 th\u1ee3 k\u1ef9 thu\u1eadt l\u1eabn ng\u01b0\u1eddi d\u00f9ng c\u00e1 nh\u00e2n.<br data-start=\"778\" data-end=\"781\" \/>Thi\u1ebft k\u1ebf d\u1ea1ng c\u1ea7m tay, thao t\u00e1c d\u1ec5, kh\u00f4ng l\u00e0m v\u1ee1, g\u00e3y ho\u1eb7c cong chi ti\u1ebft nh\u1ef1a.<br data-start=\"859\" data-end=\"862\" \/>S\u1eed d\u1ee5ng \u0111\u1ec3 th\u00e1o \u1ed1p, l\u1eaby nh\u1ef1a, b\u1ecdc tr\u1ea7n, m\u1eb7t CD, n\u1eb9p s\u01b0\u1eddn, gio\u0103ng cao su\u2026<br data-start=\"934\" data-end=\"937\" \/>Kh\u00f4ng c\u1ea7n d\u00f9ng t\u00f4 v\u00edt s\u1eaft, tr\u00e1nh r\u1ee7i ro l\u00e0m x\u01b0\u1edbc v\u00e0 l\u1ecfng ph\u1ee5 ki\u1ec7n.<br data-start=\"1003\" data-end=\"1006\" \/>D\u1ee5ng c\u1ee5 c\u00f3 \u0111\u1ed9 m\u1ea3nh ph\u00f9 h\u1ee3p c\u00e1c khe nh\u1ecf, l\u1eaby \u1ea9n ho\u1eb7c v\u1ecb tr\u00ed kh\u00f3 ti\u1ebfp c\u1eadn.<\/p>\n<p data-start=\"1080\" data-end=\"1140\"><strong data-start=\"1080\" data-end=\"1140\">L\u1ee3i \u00edch khi s\u1eed d\u1ee5ng B\u1ed9 d\u1ee5ng c\u1ee5 m\u1edf n\u1ed9i th\u1ea5t \u00f4 t\u00f4<\/strong><\/p>\n<p data-start=\"1142\" data-end=\"1436\">Ti\u1ebft ki\u1ec7m th\u1eddi gian th\u00e1o l\u1eafp c\u00e1c chi ti\u1ebft nh\u1ef1a tr\u00ean xe m\u1ed9t c\u00e1ch chuy\u00ean nghi\u1ec7p.<br data-start=\"1220\" data-end=\"1223\" \/>Gi\u00fap tr\u00e1nh g\u00e2y h\u01b0 h\u1ea1i kh\u00f4ng \u0111\u00e1ng c\u00f3, \u0111\u1eb7c bi\u1ec7t cho xe m\u1edbi, xe cao c\u1ea5p.<br data-start=\"1292\" data-end=\"1295\" \/>Kh\u00f4ng c\u1ea7n th\u00e1o c\u1ea3 h\u1ec7 th\u1ed1ng khi ch\u1ec9 c\u1ea7n m\u1edf m\u1ed9t chi ti\u1ebft nh\u1ecf.<br data-start=\"1354\" data-end=\"1357\" \/>T\u0103ng t\u00ednh chuy\u00ean nghi\u1ec7p khi th\u1ef1c hi\u1ec7n c\u00e1c thao t\u00e1c \u0111\u1ed9, b\u1ea3o d\u01b0\u1ee1ng ho\u1eb7c thay m\u1edbi.<\/p>\n<p data-start=\"1438\" data-end=\"1521\"><strong data-start=\"1438\" data-end=\"1521\">T\u00ecm B\u1ed9 d\u1ee5ng c\u1ee5 m\u1edf n\u1ed9i th\u1ea5t t\u1ea1i Chuy\u00ean \u0110\u1ed9 \u2013 Gi\u1ea3i ph\u00e1p k\u1ef9 thu\u1eadt an to\u00e0n, ti\u1ec7n l\u1ee3i<\/strong><\/p>\n<p data-start=\"1523\" data-end=\"1680\">T\u00ecm \u201cb\u1ed9 d\u1ee5ng c\u1ee5 m\u1edf n\u1ed9i th\u1ea5t\u201d t\u1ea1i Chuyendo.vn \u2013 ph\u1ee5 ki\u1ec7n c\u1ea7n c\u00f3 cho th\u1ee3 v\u00e0 ch\u1ee7 xe.<br data-start=\"1604\" data-end=\"1607\" \/>Chuy\u00ean \u0110\u1ed9 \u2013 \u0111\u1ed3ng h\u00e0nh c\u00f9ng m\u1ecdi quy tr\u00ecnh ch\u0103m s\u00f3c v\u00e0 \u0111\u1ed9 xe chuy\u00ean nghi\u1ec7p.<\/p>\n<hr \/>\n<p>&nbsp;<\/p>\n<p><a href=\"https:\/\/chuyendo.vn\/oto\/\"><strong>Chuy\u00ean \u0110\u1ed9<\/strong><\/a> l\u00e0 s\u00e0n th\u01b0\u01a1ng m\u1ea1i \u0111i\u1ec7n t\u1eed h\u00e0ng \u0111\u1ea7u t\u1ea1i Vi\u1ec7t Nam d\u00e0nh cho ng\u01b0\u1eddi y\u00eau xe, chuy\u00ean cung c\u1ea5p ph\u1ee5 ki\u1ec7n \u0111\u1ed9, n\u00e2ng c\u1ea5p, l\u00e0m m\u1edbi, trang tr\u00ed, \u0111\u1ed3 ch\u01a1i xe m\u00e1y v\u00e0 xe \u0111i\u1ec7n. T\u1eebng s\u1ea3n ph\u1ea9m \u0111\u01b0\u1ee3c thi\u1ebft k\u1ebf \u0111\u1ec3 t\u1ed1i \u01b0u t\u00ednh t\u01b0\u01a1ng th\u00edch, hi\u1ec7u su\u1ea5t ho\u1ea1t \u0111\u1ed9ng v\u00e0 ti\u1ec7n l\u1ee3i, d\u1ec5 d\u00e0ng c\u00f3 th\u1ec3 t\u1ef1 l\u1eafp \u0111\u1eb7t. \u0110\u1ed9i ng\u0169 t\u01b0 v\u1ea5n vi\u00ean chuy\u00ean nghi\u1ec7p, s\u1eb5n s\u00e0ng h\u1ed7 tr\u1ee3 kh\u00e1ch h\u00e0ng l\u1ef1a ch\u1ecdn s\u1ea3n ph\u1ea9m ph\u00f9 h\u1ee3p nh\u1ea5t v\u1edbi nhu c\u1ea7u s\u1eed d\u1ee5ng. <a href=\"https:\/\/www.facebook.com\/profile.php?id=61566794691477\" target=\"_blank\" rel=\"noopener\"><strong>Chuy\u00ean \u0110\u1ed9<\/strong><\/a> \u0111\u01b0\u1ee3c x\u00e2y d\u1ef1ng v\u1edbi m\u1ee5c ti\u00eau n\u00e2ng cao an to\u00e0n, n\u00e2ng t\u1ea7m tr\u1ea3i nghi\u1ec7m khi l\u00e1i xe v\u1edbi phong c\u00e1ch ri\u00eang c\u1ee7a t\u1eebng kh\u00e1ch h\u00e0ng.<\/p>\n<p>&nbsp;<\/p>\n<p><strong><a href=\"https:\/\/chuyendo.vn\/oto\/shop\/\"><em>C\u00e1c s\u1ea3n ph\u1ea9m m\u1edbi t\u1ed1i \u01b0u nh\u1ea5t cho xe c\u1ee7a b\u1ea1n.(Nh\u1ea5n \u0110\u1ec3 Xem Chi Ti\u1ebft)<\/em><\/a><\/strong><\/p>\n<div style=\"margin: 20px 0;\"><div class=\"qrcswholewtapper\" style=\"text-align:center;\"><div class=\"qrcprowrapper\"  id=\"qrcwraa2leds\"><div class=\"qrc_canvass\" id=\"qrc_cuttenpages_2\" style=\"display:inline-block\" data-text=\"https:\/\/chuyendo.vn\/oto\/product\/bo-dung-cu-mo-noi-that\/\"><\/div><div><a download=\"TH\u00c1O M\u1ede N\u1ed8I TH\u1ea4T \u00d4 T\u00d4.png\" class=\"qrcdownloads\" id=\"worign\">\r\n           <button type=\"button\" style=\"min-width:200px;background:#ffffff;color:#dd9933;font-weight: 600;border: 1px solid #dd9933;border-radius:25px;font-size:12px;padding: 6px 0;\" class=\"uqr_code_btn\">Qu\u00e9t M\u00e3 \u0110\u1ec3 Truy C\u1eadp<\/button>\r\n           <\/a><\/div><\/div><\/div><\/div>","protected":false},"excerpt":{"rendered":"<p>B\u1ed9 d\u1ee5ng c\u1ee5 m\u1edf n\u1ed9i th\u1ea5t\u00a0\u00f4 t\u00f4 \u2013 G\u1ecdn nh\u1eb9, hi\u1ec7u qu\u1ea3, kh\u00f4ng tr\u1ea7y x\u01b0\u1edbc B\u1ed9 d\u1ee5ng c\u1ee5 m\u1edf n\u1ed9i th\u1ea5t\u00a0\u00f4 t\u00f4 gi\u00fap th\u00e1o g\u1ee1 chi ti\u1ebft d\u1ec5 d\u00e0ng, nhanh ch\u00f3ng v\u00e0 an to\u00e0n.Ch\u1ea5t li\u1ec7u nh\u1ef1a ABS cao c\u1ea5p, kh\u00f4ng &hellip; <a href=\"https:\/\/chuyendo.vn\/oto\/product\/bo-dung-cu-mo-noi-that\/\">Xem Chi Ti\u1ebft<\/a><\/p>\n","protected":false},"featured_media":12186,"comment_status":"open","ping_status":"closed","template":"","meta":[],"product_cat":[5344,6080],"product_tag":[24990,24973,24976,24972,24996,24958,24985,24994,24962,24983,24965,24975,24970,24993,24987,24984,24967,24964,24977,24981,24961,24974,24966,24968,24978,24960,24971,24963,24980,24969,24991,24995,24959,24992,24989,24997,24982,24986,24988,24979],"class_list":{"0":"post-12185","1":"product","2":"type-product","3":"status-publish","4":"has-post-thumbnail","6":"product_cat-san-pham-moi","7":"product_cat-dung-cu","8":"product_tag-bo-cay-noi-that","9":"product_tag-bo-cay-thao-cua-xe-hoi","10":"product_tag-bo-do-mo-gioang-o-to","11":"product_tag-bo-do-mo-noi-that-xe-tien-dung","12":"product_tag-bo-do-thao-taplo","13":"product_tag-bo-dung-cu-mo-noi-that-o-to","14":"product_tag-bo-mo-cua-xe-hoi","15":"product_tag-bo-mo-do-nhua-xe","16":"product_tag-bo-mo-gioang-xe-hoi","17":"product_tag-bo-mo-taplo-xe","18":"product_tag-bo-nay-do-nhua-o-to","19":"product_tag-bo-thao-do-nhua-xe","20":"product_tag-bo-thao-go-noi-that-chuyen-nghiep","21":"product_tag-do-mo-tran-xe","22":"product_tag-do-nghe-do-xe","23":"product_tag-do-nghe-mo-xe","24":"product_tag-do-nghe-thao-do-trang-tri-o-to","25":"product_tag-do-nghe-thao-noi-that-xe","26":"product_tag-do-nghe-thao-tran-xe-hoi","27":"product_tag-do-nghe-thao-xe","28":"product_tag-dung-cu-cay-mat-cd-o-to","29":"product_tag-dung-cu-do-xe-thao-go-nhanh","30":"product_tag-dung-cu-mo-bang-dieu-khien-xe","31":"product_tag-dung-cu-mo-khe-noi-that-xe","32":"product_tag-dung-cu-mo-noi-that","33":"product_tag-dung-cu-mo-op-nhua-xe","34":"product_tag-dung-cu-mo-tap-lo-khong-tray","35":"product_tag-dung-cu-nay-cua-xe-khong-tray","36":"product_tag-dung-cu-nay-xe-hoi","37":"product_tag-dung-cu-nhua-thao-lap-xe-hoi","38":"product_tag-dung-cu-sua-xe-o-to","39":"product_tag-dung-cu-thao-go-o-to","40":"product_tag-dung-cu-thao-taplo-xe-hoi","41":"product_tag-mo-do-trang-tri","42":"product_tag-mo-gioang-xe","43":"product_tag-mo-op-noi-that","44":"product_tag-mo-op-xe-hoi","45":"product_tag-nay-nhua-xe-hoi","46":"product_tag-thao-bang-dieu-khien","47":"product_tag-thao-noi-that-xe","49":"first","50":"instock","51":"shipping-taxable","52":"purchasable","53":"product-type-simple"},"_links":{"self":[{"href":"https:\/\/chuyendo.vn\/oto\/wp-json\/wp\/v2\/product\/12185","targetHints":{"allow":["GET"]}}],"collection":[{"href":"https:\/\/chuyendo.vn\/oto\/wp-json\/wp\/v2\/product"}],"about":[{"href":"https:\/\/chuyendo.vn\/oto\/wp-json\/wp\/v2\/types\/product"}],"replies":[{"embeddable":true,"href":"https:\/\/chuyendo.vn\/oto\/wp-json\/wp\/v2\/comments?post=12185"}],"wp:featuredmedia":[{"embeddable":true,"href":"https:\/\/chuyendo.vn\/oto\/wp-json\/wp\/v2\/media\/12186"}],"wp:attachment":[{"href":"https:\/\/chuyendo.vn\/oto\/wp-json\/wp\/v2\/media?parent=12185"}],"wp:term":[{"taxonomy":"product_cat","embeddable":true,"href":"https:\/\/chuyendo.vn\/oto\/wp-json\/wp\/v2\/product_cat?post=12185"},{"taxonomy":"product_tag","embeddable":true,"href":"https:\/\/chuyendo.vn\/oto\/wp-json\/wp\/v2\/product_tag?post=12185"}],"curies":[{"name":"wp","href":"https:\/\/api.w.org\/{rel}","templated":true}]}}