{"id":12215,"date":"2025-07-19T13:57:16","date_gmt":"2025-07-19T13:57:16","guid":{"rendered":"https:\/\/chuyendo.vn\/oto\/?post_type=product&#038;p=12215"},"modified":"2025-07-24T04:19:27","modified_gmt":"2025-07-24T04:19:27","slug":"tham-aroma-caro-o-to","status":"publish","type":"product","link":"https:\/\/chuyendo.vn\/oto\/product\/tham-aroma-caro-o-to\/","title":{"rendered":"TH\u1ea2M AROMA CARO C\u00d3 GI\u00c1 \u0110\u1ee0 \u0110I\u1ec6N THO\u1ea0I, XOAY 360 \u0110\u1ed8, S\u00c1P TH\u01a0M"},"content":{"rendered":"<p data-start=\"371\" data-end=\"451\"><strong data-start=\"371\" data-end=\"451\">Th\u1ea3m Aroma caro \u00f4 t\u00f4 \u2013 S\u00e1p th\u01a1m tinh t\u1ebf, gi\u00e1 \u0111\u1ee1 \u0111i\u1ec7n tho\u1ea1i xoay 360 ti\u1ec7n l\u1ee3i<\/strong><\/p>\n<p data-start=\"453\" data-end=\"1139\">Th\u1ea3m aroma caro \u00f4 t\u00f4 k\u1ebft h\u1ee3p tinh t\u1ebf gi\u1eefa n\u01b0\u1edbc hoa, decor v\u00e0 gi\u00e1 \u0111\u1ee1 \u0111i\u1ec7n tho\u1ea1i.<br data-start=\"532\" data-end=\"535\" \/><strong data-start=\"371\" data-end=\"451\">Th\u1ea3m Aroma caro \u00f4 t\u00f4 <\/strong>S\u00e1p th\u01a1m t\u00edch h\u1ee3p t\u1ecfa h\u01b0\u01a1ng d\u1ec5 ch\u1ecbu, kh\u1eed m\u00f9i xe hi\u1ec7u qu\u1ea3 trong nhi\u1ec1u ng\u00e0y.<br data-start=\"609\" data-end=\"612\" \/>H\u1ecda ti\u1ebft caro tr\u1ebb trung, ph\u00f9 h\u1ee3p v\u1edbi kh\u00f4ng gian n\u1ed9i th\u1ea5t hi\u1ec7n \u0111\u1ea1i ho\u1eb7c c\u00e1 t\u00ednh.<br data-start=\"691\" data-end=\"694\" \/>T\u00edch h\u1ee3p gi\u00e1 \u0111\u1ee1 \u0111i\u1ec7n tho\u1ea1i xoay 360 \u0111\u1ed9 \u2013 d\u1ec5 \u0111i\u1ec1u ch\u1ec9nh m\u1ecdi g\u00f3c nh\u00ecn khi l\u00e1i xe.<br data-start=\"773\" data-end=\"776\" \/>Gi\u00e1 \u0111\u1ee1 b\u00e1m ch\u1eafc \u0111i\u1ec7n tho\u1ea1i, kh\u00f4ng tr\u01b0\u1ee3t khi xe rung l\u1eafc ho\u1eb7c di chuy\u1ec3n nhanh.<br data-start=\"853\" data-end=\"856\" \/>Ch\u1ea5t li\u1ec7u cao su d\u1ebbo ch\u1ed1ng tr\u01b0\u1ee3t, gi\u1eef \u0111\u1ed3 v\u1eadt ch\u1eafc ch\u1eafn tr\u00ean m\u1eb7t taplo.<br data-start=\"926\" data-end=\"929\" \/>D\u1ec5 d\u00e0ng th\u00e1o l\u1eafp, kh\u00f4ng \u0111\u1ec3 l\u1ea1i v\u1ebft keo, kh\u00f4ng l\u00e0m h\u1ecfng b\u1ec1 m\u1eb7t taplo.<br data-start=\"997\" data-end=\"1000\" \/>Th\u1ea3m c\u00f3 th\u1ec3 v\u1ec7 sinh b\u1eb1ng kh\u0103n \u1ea9m, s\u1eed d\u1ee5ng l\u1ea1i nhi\u1ec1u l\u1ea7n kh\u00f4ng m\u1ea5t \u0111\u1ed9 b\u00e1m.<br data-start=\"1073\" data-end=\"1076\" \/>K\u00edch th\u01b0\u1edbc v\u1eeba v\u1eb7n, kh\u00f4ng chi\u1ebfm di\u1ec7n t\u00edch, ph\u00f9 h\u1ee3p m\u1ecdi lo\u1ea1i xe.<\/p>\n<p data-start=\"1141\" data-end=\"1185\"><strong data-start=\"1141\" data-end=\"1185\">L\u00fd do ch\u1ecdn th\u1ea3m aroma caro t\u1ea1i Chuy\u00ean \u0110\u1ed9<\/strong><\/p>\n<p data-start=\"1187\" data-end=\"1495\">S\u1ea3n ph\u1ea9m 3 trong 1 \u2013 th\u1ea3m ch\u1ed1ng tr\u01b0\u1ee3t, n\u01b0\u1edbc hoa \u00f4 t\u00f4, gi\u00e1 \u0111\u1ee1 \u0111i\u1ec7n tho\u1ea1i linh ho\u1ea1t.<br data-start=\"1269\" data-end=\"1272\" \/>Phong c\u00e1ch \u0111\u1ed9c \u0111\u00e1o, kh\u00e1c bi\u1ec7t v\u1edbi c\u00e1c th\u1ea3m taplo truy\u1ec1n th\u1ed1ng \u0111\u01a1n \u0111i\u1ec7u.<br data-start=\"1343\" data-end=\"1346\" \/>Ti\u1ec7n d\u1ee5ng cho ng\u01b0\u1eddi d\u00f9ng c\u1ea7n v\u1eeba \u0111i\u1ec1u h\u01b0\u1edbng \u0111i\u1ec7n tho\u1ea1i, v\u1eeba kh\u1eed m\u00f9i xe hi\u1ec7u qu\u1ea3.<br data-start=\"1426\" data-end=\"1429\" \/>Th\u00edch h\u1ee3p l\u00e0m qu\u00e0 t\u1eb7ng ph\u1ee5 ki\u1ec7n \u00f4 t\u00f4 \u2013 \u0111\u1eb9p, th\u1ef1c t\u1ebf v\u00e0 sang tr\u1ecdng.<\/p>\n<p data-start=\"1497\" data-end=\"1579\"><strong data-start=\"1497\" data-end=\"1579\">T\u00ecm th\u1ea3m aroma caro \u00f4 t\u00f4 t\u1ea1i Chuy\u00ean \u0110\u1ed9 \u2013 Ti\u1ec7n nghi, \u0111a n\u0103ng, n\u00e2ng t\u1ea7m n\u1ed9i th\u1ea5t<\/strong><\/p>\n<p data-start=\"1581\" data-end=\"1752\">T\u00ecm \u201cth\u1ea3m aroma caro \u00f4 t\u00f4\u201d t\u1ea1i Chuyendo.vn \u2013 gi\u1ea3i ph\u00e1p 3 ch\u1ee9c n\u0103ng cho khoang l\u00e1i ti\u1ec7n nghi.<br data-start=\"1673\" data-end=\"1676\" \/>Chuy\u00ean \u0110\u1ed9 \u2013 s\u00e1ng t\u1ea1o ph\u1ee5 ki\u1ec7n th\u00f4ng minh, ph\u1ee5c v\u1ee5 tr\u1ea3i nghi\u1ec7m l\u00e1i xe t\u1ed1i \u01b0u.<\/p>\n<hr \/>\n<p>&nbsp;<\/p>\n<p><a href=\"https:\/\/chuyendo.vn\/oto\/\"><strong>Chuy\u00ean \u0110\u1ed9<\/strong><\/a> l\u00e0 s\u00e0n th\u01b0\u01a1ng m\u1ea1i \u0111i\u1ec7n t\u1eed h\u00e0ng \u0111\u1ea7u t\u1ea1i Vi\u1ec7t Nam d\u00e0nh cho ng\u01b0\u1eddi y\u00eau xe, chuy\u00ean cung c\u1ea5p ph\u1ee5 ki\u1ec7n \u0111\u1ed9, n\u00e2ng c\u1ea5p, l\u00e0m m\u1edbi, trang tr\u00ed, \u0111\u1ed3 ch\u01a1i xe m\u00e1y v\u00e0 xe \u0111i\u1ec7n. T\u1eebng s\u1ea3n ph\u1ea9m \u0111\u01b0\u1ee3c thi\u1ebft k\u1ebf \u0111\u1ec3 t\u1ed1i \u01b0u t\u00ednh t\u01b0\u01a1ng th\u00edch, hi\u1ec7u su\u1ea5t ho\u1ea1t \u0111\u1ed9ng v\u00e0 ti\u1ec7n l\u1ee3i, d\u1ec5 d\u00e0ng c\u00f3 th\u1ec3 t\u1ef1 l\u1eafp \u0111\u1eb7t. \u0110\u1ed9i ng\u0169 t\u01b0 v\u1ea5n vi\u00ean chuy\u00ean nghi\u1ec7p, s\u1eb5n s\u00e0ng h\u1ed7 tr\u1ee3 kh\u00e1ch h\u00e0ng l\u1ef1a ch\u1ecdn s\u1ea3n ph\u1ea9m ph\u00f9 h\u1ee3p nh\u1ea5t v\u1edbi nhu c\u1ea7u s\u1eed d\u1ee5ng. <a href=\"https:\/\/www.facebook.com\/profile.php?id=61566794691477\" target=\"_blank\" rel=\"noopener\"><strong>Chuy\u00ean \u0110\u1ed9<\/strong><\/a> \u0111\u01b0\u1ee3c x\u00e2y d\u1ef1ng v\u1edbi m\u1ee5c ti\u00eau n\u00e2ng cao an to\u00e0n, n\u00e2ng t\u1ea7m tr\u1ea3i nghi\u1ec7m khi l\u00e1i xe v\u1edbi phong c\u00e1ch ri\u00eang c\u1ee7a t\u1eebng kh\u00e1ch h\u00e0ng.<\/p>\n<p>&nbsp;<\/p>\n<p><strong><a href=\"https:\/\/chuyendo.vn\/oto\/shop\/\"><em>C\u00e1c s\u1ea3n ph\u1ea9m m\u1edbi t\u1ed1i \u01b0u nh\u1ea5t cho xe c\u1ee7a b\u1ea1n.(Nh\u1ea5n \u0110\u1ec3 Xem Chi Ti\u1ebft)<\/em><\/a><\/strong><\/p>\n<div style=\"margin: 20px 0;\"><div class=\"qrcswholewtapper\" style=\"text-align:center;\"><div class=\"qrcprowrapper\"  id=\"qrcwraa2leds\"><div class=\"qrc_canvass\" id=\"qrc_cuttenpages_2\" style=\"display:inline-block\" data-text=\"https:\/\/chuyendo.vn\/oto\/product\/tham-aroma-caro-o-to\/\"><\/div><div><a download=\"TH\u1ea2M AROMA CARO C\u00d3 GI\u00c1 \u0110\u1ee0 \u0110I\u1ec6N THO\u1ea0I, XOAY 360 \u0110\u1ed8, S\u00c1P TH\u01a0M.png\" class=\"qrcdownloads\" id=\"worign\">\r\n           <button type=\"button\" style=\"min-width:200px;background:#ffffff;color:#dd9933;font-weight: 600;border: 1px solid #dd9933;border-radius:25px;font-size:12px;padding: 6px 0;\" class=\"uqr_code_btn\">Qu\u00e9t M\u00e3 \u0110\u1ec3 Truy C\u1eadp<\/button>\r\n           <\/a><\/div><\/div><\/div><\/div>","protected":false},"excerpt":{"rendered":"<p>Th\u1ea3m Aroma caro \u00f4 t\u00f4 \u2013 S\u00e1p th\u01a1m tinh t\u1ebf, gi\u00e1 \u0111\u1ee1 \u0111i\u1ec7n tho\u1ea1i xoay 360 ti\u1ec7n l\u1ee3i Th\u1ea3m aroma caro \u00f4 t\u00f4 k\u1ebft h\u1ee3p tinh t\u1ebf gi\u1eefa n\u01b0\u1edbc hoa, decor v\u00e0 gi\u00e1 \u0111\u1ee1 \u0111i\u1ec7n tho\u1ea1i.Th\u1ea3m Aroma caro \u00f4 t\u00f4 &hellip; <a href=\"https:\/\/chuyendo.vn\/oto\/product\/tham-aroma-caro-o-to\/\">Xem Chi Ti\u1ebft<\/a><\/p>\n","protected":false},"featured_media":12216,"comment_status":"open","ping_status":"closed","template":"","meta":[],"product_cat":[5344,24859],"product_tag":[25209,25197,25196,25206,25215,25198,25214,25219,25187,25207,25195,25190,25202,25191,25188,25211,25065,25218,25192,25222,25212,25108,25217,25194,25220,25200,25204,25216,25205,25224,25199,25208,25189,25223,25213,25193,25201,25221,25203,25210],"class_list":{"0":"post-12215","1":"product","2":"type-product","3":"status-publish","4":"has-post-thumbnail","6":"product_cat-san-pham-moi","7":"product_cat-trang-tri","8":"product_tag-gia-do-dien-thoai-taplo","9":"product_tag-gia-do-dien-thoai-taplo-xoay-360-do","10":"product_tag-phu-kien-o-to-tich-hop-3-chuc-nang","11":"product_tag-phu-kien-taplo-hien-dai-3-trong-1","12":"product_tag-phu-kien-taplo-tien-dung","13":"product_tag-sap-thom-tich-hop-tham-taplo","14":"product_tag-taplo-aroma-caro","15":"product_tag-taplo-xoay-360-do","16":"product_tag-tham-aroma-caro-o-to","17":"product_tag-tham-aroma-o-to","18":"product_tag-tham-aroma-thiet-ke-caro-tre-trung","19":"product_tag-tham-aroma-xoay-360-do","20":"product_tag-tham-chong-truot-gia-do-dien-thoai","21":"product_tag-tham-o-to-da-nang-chong-truot","22":"product_tag-tham-taplo-aroma-co-gia-do-dien-thoai","23":"product_tag-tham-taplo-caro","24":"product_tag-tham-taplo-chong-truot","25":"product_tag-tham-taplo-co-sap-thom","26":"product_tag-tham-taplo-co-sap-thom-toa-huong","27":"product_tag-tham-taplo-da-chuc-nang","28":"product_tag-tham-taplo-da-nang","29":"product_tag-tham-taplo-dep","30":"product_tag-tham-taplo-do-dien-thoai","31":"product_tag-tham-taplo-giu-dien-thoai-chac-chan","32":"product_tag-tham-taplo-gon-nhe","33":"product_tag-tham-taplo-huong-thom-lau","34":"product_tag-tham-taplo-ket-hop-sap-va-gia-do","35":"product_tag-tham-taplo-khu-mui","36":"product_tag-tham-taplo-khu-mui-thom-caro","37":"product_tag-tham-taplo-mui-huong","38":"product_tag-tham-taplo-mui-thom-de-chiu","39":"product_tag-tham-taplo-sap-thom","40":"product_tag-tham-taplo-sap-thom-caro","41":"product_tag-tham-taplo-thiet-ke-caro","42":"product_tag-tham-taplo-thom","43":"product_tag-tham-taplo-tich-hop-dien-thoai-xoay","44":"product_tag-tham-taplo-tien-dung-thong-minh","45":"product_tag-tham-taplo-tinh-dau","46":"product_tag-tham-taplo-toa-huong-va-xoay-dien-thoai","47":"product_tag-tham-taplo-xoay-360","49":"first","50":"instock","51":"shipping-taxable","52":"purchasable","53":"product-type-simple"},"_links":{"self":[{"href":"https:\/\/chuyendo.vn\/oto\/wp-json\/wp\/v2\/product\/12215","targetHints":{"allow":["GET"]}}],"collection":[{"href":"https:\/\/chuyendo.vn\/oto\/wp-json\/wp\/v2\/product"}],"about":[{"href":"https:\/\/chuyendo.vn\/oto\/wp-json\/wp\/v2\/types\/product"}],"replies":[{"embeddable":true,"href":"https:\/\/chuyendo.vn\/oto\/wp-json\/wp\/v2\/comments?post=12215"}],"wp:featuredmedia":[{"embeddable":true,"href":"https:\/\/chuyendo.vn\/oto\/wp-json\/wp\/v2\/media\/12216"}],"wp:attachment":[{"href":"https:\/\/chuyendo.vn\/oto\/wp-json\/wp\/v2\/media?parent=12215"}],"wp:term":[{"taxonomy":"product_cat","embeddable":true,"href":"https:\/\/chuyendo.vn\/oto\/wp-json\/wp\/v2\/product_cat?post=12215"},{"taxonomy":"product_tag","embeddable":true,"href":"https:\/\/chuyendo.vn\/oto\/wp-json\/wp\/v2\/product_tag?post=12215"}],"curies":[{"name":"wp","href":"https:\/\/api.w.org\/{rel}","templated":true}]}}