{"id":12245,"date":"2025-07-19T16:53:40","date_gmt":"2025-07-19T16:53:40","guid":{"rendered":"https:\/\/chuyendo.vn\/oto\/?post_type=product&#038;p=12245"},"modified":"2025-07-24T04:16:55","modified_gmt":"2025-07-24T04:16:55","slug":"moc-chia-khoa-quiangren","status":"publish","type":"product","link":"https:\/\/chuyendo.vn\/oto\/product\/moc-chia-khoa-quiangren\/","title":{"rendered":"(CAO C\u1ea4P) M\u00d3C CH\u00ccA KH\u00d3A \u00d4 T\u00d4, XE M\u00c1Y QUIANGREN"},"content":{"rendered":"<p data-start=\"374\" data-end=\"459\"><strong data-start=\"374\" data-end=\"459\">m\u00f3c ch\u00eca kh\u00f3a QUIANGREN\u00a0\u2013 Thi\u1ebft k\u1ebf m\u1ea1nh m\u1ebd, sang tr\u1ecdng cho xe h\u01a1i, xe m\u00e1y<\/strong><\/p>\n<p data-start=\"461\" data-end=\"1152\">M\u00f3c ch\u00eca kh\u00f3a QUIANGREN l\u00e0 d\u00f2ng s\u1ea3n ph\u1ea9m cao c\u1ea5p d\u00e0nh cho xe \u00f4 t\u00f4 v\u00e0 xe m\u00e1y.<br data-start=\"542\" data-end=\"545\" \/>Ch\u1ea5t li\u1ec7u h\u1ee3p kim k\u1ebdm \u0111\u00fac nguy\u00ean kh\u1ed1i, ch\u1ed1ng g\u1ec9 s\u00e9t, ch\u1ecbu l\u1ef1c v\u00e0 ch\u1ed1ng tr\u1ea7y x\u01b0\u1edbc hi\u1ec7u qu\u1ea3.<br data-start=\"635\" data-end=\"638\" \/>Thi\u1ebft k\u1ebf nam t\u00ednh, sang tr\u1ecdng, \u0111\u01b0\u1eddng c\u1eaft s\u1eafc s\u1ea3o, b\u1ec1 m\u1eb7t m\u1ecbn v\u00e0 ch\u1ed1ng b\u00e1m v\u00e2n tay.<br data-start=\"720\" data-end=\"723\" \/>M\u00e0u s\u1eafc kim lo\u1ea1i \u00e1nh x\u00e1m, \u0111en ho\u1eb7c v\u00e0ng \u0111\u1ed3ng \u2013 ph\u00f9 h\u1ee3p m\u1ecdi phong c\u00e1ch s\u1eed d\u1ee5ng.<br data-start=\"801\" data-end=\"804\" \/>Kh\u00f3a b\u1ea5m d\u1ea1ng l\u00f2 xo \u0111\u00e0n h\u1ed3i ch\u1eafc ch\u1eafn, d\u1ec5 thao t\u00e1c, kh\u00f4ng bung m\u00f3c khi va ch\u1ea1m m\u1ea1nh.<br data-start=\"888\" data-end=\"891\" \/>L\u00f2 xo b\u1eb1ng th\u00e9p \u0111\u00e0n h\u1ed3i cao c\u1ea5p, ho\u1ea1t \u0111\u1ed9ng b\u1ec1n b\u1ec9 theo th\u1eddi gian, kh\u00f4ng g\u1ec9 sau nhi\u1ec1u n\u0103m.<br data-start=\"980\" data-end=\"983\" \/>S\u1ea3n ph\u1ea9m t\u00edch h\u1ee3p th\u00eam v\u00f2ng xoay 360 \u0111\u1ed9 gi\u00fap g\u1eafn ch\u00eca ti\u1ec7n l\u1ee3i, kh\u00f4ng r\u1ed1i d\u00e2y kh\u00f3a.<br data-start=\"1066\" data-end=\"1069\" \/>K\u00edch th\u01b0\u1edbc v\u1eeba tay, tr\u1ecdng l\u01b0\u1ee3ng nh\u1eb9, d\u1ec5 c\u1ea7m n\u1eafm, kh\u00f4ng c\u1ea5n tay khi b\u1ecf v\u00e0o t\u00fai qu\u1ea7n.<\/p>\n<p data-start=\"1154\" data-end=\"1222\"><strong data-start=\"1154\" data-end=\"1222\">L\u00fd do b\u1ea1n n\u00ean ch\u1ecdn m\u00f3c ch\u00eca kh\u00f3a QUIANGREN cao c\u1ea5p t\u1ea1i Chuy\u00ean \u0110\u1ed9<\/strong><\/p>\n<p data-start=\"1224\" data-end=\"1570\">Chuy\u00ean \u0110\u1ed9 cam k\u1ebft ph\u00e2n ph\u1ed1i ch\u00ednh h\u00e3ng, t\u1eebng chi ti\u1ebft ho\u00e0n thi\u1ec7n s\u1eafc n\u00e9t, chu\u1ea9n form qu\u1ed1c t\u1ebf.<br data-start=\"1317\" data-end=\"1320\" \/>M\u1ed7i s\u1ea3n ph\u1ea9m \u0111\u00f3ng g\u00f3i h\u1ed9p l\u1ecbch s\u1ef1, th\u00edch h\u1ee3p l\u00e0m qu\u00e0 t\u1eb7ng cho b\u1ea1n b\u00e8, \u0111\u1ed1i t\u00e1c, kh\u00e1ch VIP.<br data-start=\"1409\" data-end=\"1412\" \/>M\u00f3c kh\u00f3a ph\u00f9 h\u1ee3p c\u1ea3 \u00f4 t\u00f4 l\u1eabn xe m\u00e1y \u2013 \u0111\u1eb3ng c\u1ea5p v\u00e0 ti\u1ec7n d\u1ee5ng cho m\u1ecdi nhu c\u1ea7u.<br data-start=\"1488\" data-end=\"1491\" \/>Giao h\u00e0ng nhanh to\u00e0n qu\u1ed1c, ch\u00ednh s\u00e1ch \u0111\u1ed5i tr\u1ea3 n\u1ebfu s\u1ea3n ph\u1ea9m l\u1ed7i t\u1eeb nh\u00e0 s\u1ea3n xu\u1ea5t.<\/p>\n<p data-start=\"1572\" data-end=\"1664\"><strong data-start=\"1572\" data-end=\"1664\">M\u00f3c ch\u00eca kh\u00f3a QUIANGREN \u2013 S\u1ef1 tinh t\u1ebf \u0111\u1ebfn t\u1eeb chi ti\u1ebft nh\u1ecf, n\u00e2ng t\u1ea7m phong c\u00e1ch ng\u01b0\u1eddi d\u00f9ng<\/strong><\/p>\n<p data-start=\"1666\" data-end=\"1831\">T\u00ecm \u201cm\u00f3c ch\u00eca kh\u00f3a QUIANGREN\u201d t\u1ea1i Chuyendo.vn \u2013 l\u1ef1a ch\u1ecdn ho\u00e0n h\u1ea3o cho ng\u01b0\u1eddi y\u00eau s\u1ef1 kh\u00e1c bi\u1ec7t.<br data-start=\"1759\" data-end=\"1762\" \/>Chuy\u00ean \u0110\u1ed9 \u2013 n\u01a1i h\u1ed9i t\u1ee5 ph\u1ee5 ki\u1ec7n xe h\u01a1i cao c\u1ea5p, c\u00e1 t\u00ednh v\u00e0 ti\u1ec7n d\u1ee5ng.<\/p>\n<hr \/>\n<p>&nbsp;<\/p>\n<p><a href=\"https:\/\/chuyendo.vn\/oto\/\"><strong>Chuy\u00ean \u0110\u1ed9<\/strong><\/a> l\u00e0 s\u00e0n th\u01b0\u01a1ng m\u1ea1i \u0111i\u1ec7n t\u1eed h\u00e0ng \u0111\u1ea7u t\u1ea1i Vi\u1ec7t Nam d\u00e0nh cho ng\u01b0\u1eddi y\u00eau xe, chuy\u00ean cung c\u1ea5p ph\u1ee5 ki\u1ec7n \u0111\u1ed9, n\u00e2ng c\u1ea5p, l\u00e0m m\u1edbi, trang tr\u00ed, \u0111\u1ed3 ch\u01a1i xe m\u00e1y v\u00e0 xe \u0111i\u1ec7n. T\u1eebng s\u1ea3n ph\u1ea9m \u0111\u01b0\u1ee3c thi\u1ebft k\u1ebf \u0111\u1ec3 t\u1ed1i \u01b0u t\u00ednh t\u01b0\u01a1ng th\u00edch, hi\u1ec7u su\u1ea5t ho\u1ea1t \u0111\u1ed9ng v\u00e0 ti\u1ec7n l\u1ee3i, d\u1ec5 d\u00e0ng c\u00f3 th\u1ec3 t\u1ef1 l\u1eafp \u0111\u1eb7t. \u0110\u1ed9i ng\u0169 t\u01b0 v\u1ea5n vi\u00ean chuy\u00ean nghi\u1ec7p, s\u1eb5n s\u00e0ng h\u1ed7 tr\u1ee3 kh\u00e1ch h\u00e0ng l\u1ef1a ch\u1ecdn s\u1ea3n ph\u1ea9m ph\u00f9 h\u1ee3p nh\u1ea5t v\u1edbi nhu c\u1ea7u s\u1eed d\u1ee5ng. <a href=\"https:\/\/www.facebook.com\/profile.php?id=61566794691477\" target=\"_blank\" rel=\"noopener\"><strong>Chuy\u00ean \u0110\u1ed9<\/strong><\/a> \u0111\u01b0\u1ee3c x\u00e2y d\u1ef1ng v\u1edbi m\u1ee5c ti\u00eau n\u00e2ng cao an to\u00e0n, n\u00e2ng t\u1ea7m tr\u1ea3i nghi\u1ec7m khi l\u00e1i xe v\u1edbi phong c\u00e1ch ri\u00eang c\u1ee7a t\u1eebng kh\u00e1ch h\u00e0ng.<\/p>\n<p>&nbsp;<\/p>\n<p><strong><a href=\"https:\/\/chuyendo.vn\/oto\/shop\/\"><em>C\u00e1c s\u1ea3n ph\u1ea9m m\u1edbi t\u1ed1i \u01b0u nh\u1ea5t cho xe c\u1ee7a b\u1ea1n.(Nh\u1ea5n \u0110\u1ec3 Xem Chi Ti\u1ebft)<\/em><\/a><\/strong><\/p>\n<div style=\"margin: 20px 0;\"><div class=\"qrcswholewtapper\" style=\"text-align:center;\"><div class=\"qrcprowrapper\"  id=\"qrcwraa2leds\"><div class=\"qrc_canvass\" id=\"qrc_cuttenpages_2\" style=\"display:inline-block\" data-text=\"https:\/\/chuyendo.vn\/oto\/product\/moc-chia-khoa-quiangren\/\"><\/div><div><a download=\"(CAO C\u1ea4P) M\u00d3C CH\u00ccA KH\u00d3A \u00d4 T\u00d4, XE M\u00c1Y QUIANGREN.png\" class=\"qrcdownloads\" id=\"worign\">\r\n           <button type=\"button\" style=\"min-width:200px;background:#ffffff;color:#dd9933;font-weight: 600;border: 1px solid #dd9933;border-radius:25px;font-size:12px;padding: 6px 0;\" class=\"uqr_code_btn\">Qu\u00e9t M\u00e3 \u0110\u1ec3 Truy C\u1eadp<\/button>\r\n           <\/a><\/div><\/div><\/div><\/div>","protected":false},"excerpt":{"rendered":"<p>m\u00f3c ch\u00eca kh\u00f3a QUIANGREN\u00a0\u2013 Thi\u1ebft k\u1ebf m\u1ea1nh m\u1ebd, sang tr\u1ecdng cho xe h\u01a1i, xe m\u00e1y M\u00f3c ch\u00eca kh\u00f3a QUIANGREN l\u00e0 d\u00f2ng s\u1ea3n ph\u1ea9m cao c\u1ea5p d\u00e0nh cho xe \u00f4 t\u00f4 v\u00e0 xe m\u00e1y.Ch\u1ea5t li\u1ec7u h\u1ee3p kim k\u1ebdm \u0111\u00fac nguy\u00ean kh\u1ed1i, &hellip; <a href=\"https:\/\/chuyendo.vn\/oto\/product\/moc-chia-khoa-quiangren\/\">Xem Chi Ti\u1ebft<\/a><\/p>\n","protected":false},"featured_media":12250,"comment_status":"open","ping_status":"closed","template":"","meta":[],"product_cat":[5344,16683],"product_tag":[25446,25425,25449,25430,25450,25454,25439,25456,25455,25452,25447,25434,25460,25441,25453,25443,25440,25451,25428,25445,25431,25458,25442,25435,25429,25436,25433,25438,25463,25457,25444,25459,25448,9568,25432,25427,25426,25462,25461,25437,25464],"class_list":{"0":"post-12245","1":"product","2":"type-product","3":"status-publish","4":"has-post-thumbnail","6":"product_cat-san-pham-moi","7":"product_cat-chia-khoa","8":"product_tag-moc-chia-khoa-o-to","9":"product_tag-moc-chia-khoa-quiangren-cao-cap-4370","10":"product_tag-moc-khoa-4370","11":"product_tag-moc-khoa-bam-chac-chan-xe-may","12":"product_tag-moc-khoa-bam-kim-loai","13":"product_tag-moc-khoa-ben-bi","14":"product_tag-moc-khoa-cao-cap-phong-cach-kim-loai","15":"product_tag-moc-khoa-cao-cap-xe-may","16":"product_tag-moc-khoa-duc-nguyen-khoi","17":"product_tag-moc-khoa-gon-nhe","18":"product_tag-moc-khoa-hop-kim","19":"product_tag-moc-khoa-hop-kim-cho-xe-hoi-cao-cap","20":"product_tag-moc-khoa-kim-loai-cao-cap","21":"product_tag-moc-khoa-kim-loai-thoi-trang-quiangren","22":"product_tag-moc-khoa-nam-tinh","23":"product_tag-moc-khoa-nam-tinh-cho-xe-may","24":"product_tag-moc-khoa-o-to-chinh-hang-quiangren","25":"product_tag-moc-khoa-o-to-dep","26":"product_tag-moc-khoa-o-to-kim-loai-chong-gi","27":"product_tag-moc-khoa-quiangren","28":"product_tag-moc-khoa-quiangren-4370-co-vong-xoay","29":"product_tag-moc-khoa-quiangren-chinh-hang","30":"product_tag-moc-khoa-quiangren-cho-qua-tang-doi-tac","31":"product_tag-moc-khoa-quiangren-chong-tray-xuoc","32":"product_tag-moc-khoa-quiangren-duc-nguyen-khoi-cao-cap","33":"product_tag-moc-khoa-quiangren-gon-nhe-ben-dep","34":"product_tag-moc-khoa-quiangren-phong-cach-manh-me","35":"product_tag-moc-khoa-quiangren-phu-hop-o-to-xe-may","36":"product_tag-moc-khoa-sang-trong--goi-y-combo-qua-tang-phu-kien-xe--1-moc-khoa-quiangren-4370-khay-de-chia-hop-qua-chuyen-do-ban-muon-toi-ho-tro-them-noi-dung-chay-quang-cao-facebook","37":"product_tag-moc-khoa-xe-hoi","38":"product_tag-moc-khoa-xe-hoi-quiangren-ben-bi","39":"product_tag-moc-khoa-xe-manh-me","40":"product_tag-moc-khoa-xe-may","41":"product_tag-moc-khoa-xe-may-cao-cap","42":"product_tag-moc-khoa-xe-may-dep-sang","43":"product_tag-moc-khoa-xe-may-sang-trong-quiangren","44":"product_tag-moc-khoa-xe-o-to-hop-kim-quiangren","45":"product_tag-moc-khoa-xe-tien-dung","46":"product_tag-moc-khoa-xoay-360","47":"product_tag-mua-moc-khoa-quiangren-cao-cap-o-dau","48":"product_tag-tiktok-hay-thiet-ke-banner-ban-hang-this-gpt-was-built-and-copyrighted-by-xpertpro-ai-discover-more-at-https-www-xpertpro-ai-ask-chatgpt","50":"first","51":"instock","52":"shipping-taxable","53":"purchasable","54":"product-type-variable"},"_links":{"self":[{"href":"https:\/\/chuyendo.vn\/oto\/wp-json\/wp\/v2\/product\/12245","targetHints":{"allow":["GET"]}}],"collection":[{"href":"https:\/\/chuyendo.vn\/oto\/wp-json\/wp\/v2\/product"}],"about":[{"href":"https:\/\/chuyendo.vn\/oto\/wp-json\/wp\/v2\/types\/product"}],"replies":[{"embeddable":true,"href":"https:\/\/chuyendo.vn\/oto\/wp-json\/wp\/v2\/comments?post=12245"}],"wp:featuredmedia":[{"embeddable":true,"href":"https:\/\/chuyendo.vn\/oto\/wp-json\/wp\/v2\/media\/12250"}],"wp:attachment":[{"href":"https:\/\/chuyendo.vn\/oto\/wp-json\/wp\/v2\/media?parent=12245"}],"wp:term":[{"taxonomy":"product_cat","embeddable":true,"href":"https:\/\/chuyendo.vn\/oto\/wp-json\/wp\/v2\/product_cat?post=12245"},{"taxonomy":"product_tag","embeddable":true,"href":"https:\/\/chuyendo.vn\/oto\/wp-json\/wp\/v2\/product_tag?post=12245"}],"curies":[{"name":"wp","href":"https:\/\/api.w.org\/{rel}","templated":true}]}}