{"id":12339,"date":"2025-07-20T15:16:06","date_gmt":"2025-07-20T15:16:06","guid":{"rendered":"https:\/\/chuyendo.vn\/oto\/?post_type=product&#038;p=12339"},"modified":"2025-07-28T06:20:47","modified_gmt":"2025-07-28T06:20:47","slug":"kep-dien-thoai-gopro","status":"publish","type":"product","link":"https:\/\/chuyendo.vn\/oto\/product\/kep-dien-thoai-gopro\/","title":{"rendered":"K\u1eb8P \u0110I\u1ec6N THO\u1ea0I GO-PRO, 4 KH\u1ea4C 16cm"},"content":{"rendered":"<p data-start=\"375\" data-end=\"457\"><strong data-start=\"375\" data-end=\"457\">K\u1eb9p \u0111i\u1ec7n tho\u1ea1i GoPro \u2013 G\u1eafn ch\u1eafc ch\u1eafn, \u0111i\u1ec1u ch\u1ec9nh linh ho\u1ea1t, quay ch\u1ee5p ti\u1ec7n l\u1ee3i<\/strong><\/p>\n<p data-start=\"459\" data-end=\"784\">K\u1eb9p \u0111i\u1ec7n tho\u1ea1i GoPro h\u1ed7 tr\u1ee3 quay video, livestream, ch\u1ee5p \u1ea3nh m\u1ecdi g\u00f3c c\u1ef1c k\u1ef3 \u1ed5n \u0111\u1ecbnh.<br data-start=\"543\" data-end=\"546\" \/>Chi\u1ec1u d\u00e0i 16cm v\u00e0 4 kh\u1ea5c xoay linh ho\u1ea1t gi\u00fap t\u00f9y ch\u1ec9nh nhi\u1ec1u g\u00f3c \u0111\u1ed9 s\u1eed d\u1ee5ng.<br data-start=\"622\" data-end=\"625\" \/>Ch\u1ea5t li\u1ec7u nh\u1ef1a ABS cao c\u1ea5p k\u1ebft h\u1ee3p kim lo\u1ea1i t\u1ea1o \u0111\u1ed9 b\u1ec1n ch\u1eafc khi s\u1eed d\u1ee5ng l\u00e2u d\u00e0i.<br data-start=\"705\" data-end=\"708\" \/>Thi\u1ebft k\u1ebf ch\u1ed1ng tr\u01b0\u1ee3t, gi\u1eef \u0111i\u1ec7n tho\u1ea1i c\u1ed1 \u0111\u1ecbnh d\u00f9 di chuy\u1ec3n ho\u1eb7c rung l\u1eafc nh\u1eb9.<\/p>\n<p data-start=\"786\" data-end=\"858\"><strong data-start=\"786\" data-end=\"858\">K\u1eb9p \u0111i\u1ec7n tho\u1ea1i GoPro \u2013 \u1ee8ng d\u1ee5ng r\u1ed9ng r\u00e3i, t\u01b0\u01a1ng th\u00edch nhi\u1ec1u thi\u1ebft b\u1ecb<\/strong><\/p>\n<p data-start=\"860\" data-end=\"1184\">T\u01b0\u01a1ng th\u00edch \u0111a d\u1ea1ng v\u1edbi \u0111i\u1ec7n tho\u1ea1i, camera h\u00e0nh tr\u00ecnh, thi\u1ebft b\u1ecb GoPro v\u00e0 ch\u00e2n tripod.<br data-start=\"945\" data-end=\"948\" \/>K\u1eb9p ch\u1eafc kh\u00f4ng g\u00e2y tr\u1ea7y x\u01b0\u1edbc \u0111i\u1ec7n tho\u1ea1i nh\u1edd l\u1edbp \u0111\u1ec7m cao su ch\u1ed1ng va ch\u1ea1m hi\u1ec7u qu\u1ea3.<br data-start=\"1030\" data-end=\"1033\" \/>Thi\u1ebft k\u1ebf g\u1ecdn nh\u1eb9 d\u1ec5 mang theo, l\u1eafp r\u00e1p nhanh ch\u00f3ng kh\u00f4ng c\u1ea7n d\u1ee5ng c\u1ee5 h\u1ed7 tr\u1ee3.<br data-start=\"1109\" data-end=\"1112\" \/>Ph\u00f9 h\u1ee3p s\u1eed d\u1ee5ng tr\u00ean \u00f4 t\u00f4, xe m\u00e1y, b\u00e0n l\u00e0m vi\u1ec7c, gimbal ho\u1eb7c livestream.<\/p>\n<p data-start=\"1186\" data-end=\"1275\"><strong data-start=\"1186\" data-end=\"1275\">K\u1eb9p \u0111i\u1ec7n tho\u1ea1i GoPro \u2013 Ph\u1ee5 ki\u1ec7n c\u1ea7n thi\u1ebft cho ng\u01b0\u1eddi quay vlog v\u00e0 l\u00e1i xe chuy\u00ean nghi\u1ec7p<\/strong><\/p>\n<p data-start=\"1277\" data-end=\"1453\">T\u00ecm \u201ck\u1eb9p \u0111i\u1ec7n tho\u1ea1i GoPro\u201d t\u1ea1i Chuyendo.vn \u2013 s\u1ea3n ph\u1ea9m h\u1ed7 tr\u1ee3 ghi h\u00ecnh ho\u00e0n h\u1ea3o v\u00e0 an to\u00e0n.<br data-start=\"1367\" data-end=\"1370\" \/>Chuy\u00ean \u0110\u1ed9 \u2013 cung c\u1ea5p ph\u1ee5 ki\u1ec7n quay phim, livestream, g\u1eafn \u0111i\u1ec7n tho\u1ea1i ch\u1ea5t l\u01b0\u1ee3ng cao.<\/p>\n<hr \/>\n<p>&nbsp;<\/p>\n<p><a href=\"https:\/\/chuyendo.vn\/oto\/\"><strong>Chuy\u00ean \u0110\u1ed9<\/strong><\/a> l\u00e0 s\u00e0n th\u01b0\u01a1ng m\u1ea1i \u0111i\u1ec7n t\u1eed h\u00e0ng \u0111\u1ea7u t\u1ea1i Vi\u1ec7t Nam d\u00e0nh cho ng\u01b0\u1eddi y\u00eau xe, chuy\u00ean cung c\u1ea5p ph\u1ee5 ki\u1ec7n \u0111\u1ed9, n\u00e2ng c\u1ea5p, l\u00e0m m\u1edbi, trang tr\u00ed, \u0111\u1ed3 ch\u01a1i xe m\u00e1y v\u00e0 xe \u0111i\u1ec7n. T\u1eebng s\u1ea3n ph\u1ea9m \u0111\u01b0\u1ee3c thi\u1ebft k\u1ebf \u0111\u1ec3 t\u1ed1i \u01b0u t\u00ednh t\u01b0\u01a1ng th\u00edch, hi\u1ec7u su\u1ea5t ho\u1ea1t \u0111\u1ed9ng v\u00e0 ti\u1ec7n l\u1ee3i, d\u1ec5 d\u00e0ng c\u00f3 th\u1ec3 t\u1ef1 l\u1eafp \u0111\u1eb7t. \u0110\u1ed9i ng\u0169 t\u01b0 v\u1ea5n vi\u00ean chuy\u00ean nghi\u1ec7p, s\u1eb5n s\u00e0ng h\u1ed7 tr\u1ee3 kh\u00e1ch h\u00e0ng l\u1ef1a ch\u1ecdn s\u1ea3n ph\u1ea9m ph\u00f9 h\u1ee3p nh\u1ea5t v\u1edbi nhu c\u1ea7u s\u1eed d\u1ee5ng. <a href=\"https:\/\/www.facebook.com\/profile.php?id=61566794691477\" target=\"_blank\" rel=\"noopener\"><strong>Chuy\u00ean \u0110\u1ed9<\/strong><\/a> \u0111\u01b0\u1ee3c x\u00e2y d\u1ef1ng v\u1edbi m\u1ee5c ti\u00eau n\u00e2ng cao an to\u00e0n, n\u00e2ng t\u1ea7m tr\u1ea3i nghi\u1ec7m khi l\u00e1i xe v\u1edbi phong c\u00e1ch ri\u00eang c\u1ee7a t\u1eebng kh\u00e1ch h\u00e0ng.<\/p>\n<p>&nbsp;<\/p>\n<p><strong><a href=\"https:\/\/chuyendo.vn\/oto\/shop\/\"><em>C\u00e1c s\u1ea3n ph\u1ea9m m\u1edbi t\u1ed1i \u01b0u nh\u1ea5t cho xe c\u1ee7a b\u1ea1n.(Nh\u1ea5n \u0110\u1ec3 Xem Chi Ti\u1ebft)<\/em><\/a><\/strong><\/p>\n<div style=\"margin: 20px 0;\"><div class=\"qrcswholewtapper\" style=\"text-align:center;\"><div class=\"qrcprowrapper\"  id=\"qrcwraa2leds\"><div class=\"qrc_canvass\" id=\"qrc_cuttenpages_2\" style=\"display:inline-block\" data-text=\"https:\/\/chuyendo.vn\/oto\/product\/kep-dien-thoai-gopro\/\"><\/div><div><a download=\"K\u1eb8P \u0110I\u1ec6N THO\u1ea0I GO-PRO, 4 KH\u1ea4C 16cm.png\" class=\"qrcdownloads\" id=\"worign\">\r\n           <button type=\"button\" style=\"min-width:200px;background:#ffffff;color:#dd9933;font-weight: 600;border: 1px solid #dd9933;border-radius:25px;font-size:12px;padding: 6px 0;\" class=\"uqr_code_btn\">Qu\u00e9t M\u00e3 \u0110\u1ec3 Truy C\u1eadp<\/button>\r\n           <\/a><\/div><\/div><\/div><\/div>","protected":false},"excerpt":{"rendered":"<p>K\u1eb9p \u0111i\u1ec7n tho\u1ea1i GoPro \u2013 G\u1eafn ch\u1eafc ch\u1eafn, \u0111i\u1ec1u ch\u1ec9nh linh ho\u1ea1t, quay ch\u1ee5p ti\u1ec7n l\u1ee3i K\u1eb9p \u0111i\u1ec7n tho\u1ea1i GoPro h\u1ed7 tr\u1ee3 quay video, livestream, ch\u1ee5p \u1ea3nh m\u1ecdi g\u00f3c c\u1ef1c k\u1ef3 \u1ed5n \u0111\u1ecbnh.Chi\u1ec1u d\u00e0i 16cm v\u00e0 4 kh\u1ea5c xoay linh &hellip; <a href=\"https:\/\/chuyendo.vn\/oto\/product\/kep-dien-thoai-gopro\/\">Xem Chi Ti\u1ebft<\/a><\/p>\n","protected":false},"featured_media":12340,"comment_status":"open","ping_status":"closed","template":"","meta":[],"product_cat":[5344,26405],"product_tag":[660,26024,26038,26032,26047,26043,26052,26058,26027,26028,26053,26029,26036,26059,26039,26041,26030,26055,26042,26022,26040,26060,26054,26034,26023,26048,26037,26025,26046,26031,26056,26049,26033,26045,26050,26026,26044,26035,26051,26057],"class_list":{"0":"post-12339","1":"product","2":"type-product","3":"status-publish","4":"has-post-thumbnail","6":"product_cat-san-pham-moi","7":"product_cat-gia-dien-thoai","8":"product_tag-gia-do-dien-thoai-da-nang","9":"product_tag-gia-do-dien-thoai-gopro-chong-rung","10":"product_tag-gia-do-dien-thoai-gopro-sieu-ben","11":"product_tag-gia-do-dien-thoai-nho-gon-gan-gopro","12":"product_tag-gia-do-dien-thoai-xe","13":"product_tag-gia-do-gopro","14":"product_tag-kep-ban-dien-thoai","15":"product_tag-kep-camera-xe","16":"product_tag-kep-dien-thoai-16cm-cho-chan-may","17":"product_tag-kep-dien-thoai-ban-lam-viec-gopro","18":"product_tag-kep-dien-thoai-camera","19":"product_tag-kep-dien-thoai-cho-camera-hanh-trinh-gopro","20":"product_tag-kep-dien-thoai-chong-rung-camera-gopro","21":"product_tag-kep-dien-thoai-chong-truot","22":"product_tag-kep-dien-thoai-da-nang-dung-moi-moi-truong","23":"product_tag-kep-dien-thoai-da-nang-khong-can-lap-phuc-tap","24":"product_tag-kep-dien-thoai-gan-xe-may-chong-truot","25":"product_tag-kep-dien-thoai-gimbal","26":"product_tag-kep-dien-thoai-gopro","27":"product_tag-kep-dien-thoai-gopro-da-nang-4-khac","28":"product_tag-kep-dien-thoai-gopro-dung-phuot","29":"product_tag-kep-dien-thoai-nho-gon","30":"product_tag-kep-dien-thoai-o-to","31":"product_tag-kep-dien-thoai-quay-video-xe-o-to","32":"product_tag-kep-dien-thoai-quay-vlog-tren-xe","33":"product_tag-kep-gan-dien-thoai","34":"product_tag-kep-gan-dien-thoai-tien-loi-cho-vlog","35":"product_tag-kep-gan-gopro-xoay-360-do","36":"product_tag-kep-gopro-dien-thoai","37":"product_tag-kep-gopro-dien-thoai-co-the-dieu-chinh-goc","38":"product_tag-kep-gopro-mini","39":"product_tag-kep-livestream-dien-thoai","40":"product_tag-kep-livestream-xe-hoi-4-khac","41":"product_tag-kep-quay-vlog","42":"product_tag-kep-xoay-360","43":"product_tag-phu-kien-gan-dien-thoai-gopro-livestream","44":"product_tag-phu-kien-gopro-dien-thoai","45":"product_tag-phu-kien-quay-phim-gopro-va-dien-thoai","46":"product_tag-phu-kien-quay-phim-xe","47":"product_tag-phu-kien-quay-vlog","49":"first","50":"instock","51":"shipping-taxable","52":"purchasable","53":"product-type-simple"},"_links":{"self":[{"href":"https:\/\/chuyendo.vn\/oto\/wp-json\/wp\/v2\/product\/12339","targetHints":{"allow":["GET"]}}],"collection":[{"href":"https:\/\/chuyendo.vn\/oto\/wp-json\/wp\/v2\/product"}],"about":[{"href":"https:\/\/chuyendo.vn\/oto\/wp-json\/wp\/v2\/types\/product"}],"replies":[{"embeddable":true,"href":"https:\/\/chuyendo.vn\/oto\/wp-json\/wp\/v2\/comments?post=12339"}],"wp:featuredmedia":[{"embeddable":true,"href":"https:\/\/chuyendo.vn\/oto\/wp-json\/wp\/v2\/media\/12340"}],"wp:attachment":[{"href":"https:\/\/chuyendo.vn\/oto\/wp-json\/wp\/v2\/media?parent=12339"}],"wp:term":[{"taxonomy":"product_cat","embeddable":true,"href":"https:\/\/chuyendo.vn\/oto\/wp-json\/wp\/v2\/product_cat?post=12339"},{"taxonomy":"product_tag","embeddable":true,"href":"https:\/\/chuyendo.vn\/oto\/wp-json\/wp\/v2\/product_tag?post=12339"}],"curies":[{"name":"wp","href":"https:\/\/api.w.org\/{rel}","templated":true}]}}