{"id":12345,"date":"2025-07-20T15:28:15","date_gmt":"2025-07-20T15:28:15","guid":{"rendered":"https:\/\/chuyendo.vn\/oto\/?post_type=product&#038;p=12345"},"modified":"2025-07-24T04:10:47","modified_gmt":"2025-07-24T04:10:47","slug":"sap-thom-chong-say-xe","status":"publish","type":"product","link":"https:\/\/chuyendo.vn\/oto\/product\/sap-thom-chong-say-xe\/","title":{"rendered":"S\u00c1P TH\u01a0M MINI TRI\u1ebeT XU\u1ea4T HOA QU\u1ea2, CH\u1ed0NG SAY XE"},"content":{"rendered":"<p data-start=\"388\" data-end=\"458\"><strong data-start=\"388\" data-end=\"458\">S\u00e1p th\u01a1m ch\u1ed1ng say xe \u2013 H\u01b0\u01a1ng hoa qu\u1ea3 d\u1ec5 ch\u1ecbu, h\u1ed7 tr\u1ee3 gi\u1ea3m m\u1ec7t m\u1ecfi<\/strong><\/p>\n<p data-start=\"460\" data-end=\"774\">S\u00e1p th\u01a1m ch\u1ed1ng say xe v\u1edbi m\u00f9i tr\u00e1i c\u00e2y t\u1ef1 nhi\u00ean, mang l\u1ea1i c\u1ea3m gi\u00e1c th\u01b0 gi\u00e3n t\u1ee9c th\u00ec.<br data-start=\"544\" data-end=\"547\" \/>Thi\u1ebft k\u1ebf mini ti\u1ec7n l\u1ee3i, d\u1ec5 \u0111\u1eb7t \u1edf taplo, c\u1eeda gi\u00f3 ho\u1eb7c ng\u0103n \u0111\u1ec3 \u0111\u1ed3 trong xe.<br data-start=\"620\" data-end=\"623\" \/>Tinh ch\u1ea5t t\u1eeb hoa qu\u1ea3 gi\u00fap l\u00e0m d\u1ecbu c\u1ea3m gi\u00e1c bu\u1ed3n n\u00f4n khi di chuy\u1ec3n xa.<br data-start=\"692\" data-end=\"695\" \/>S\u1ea3n ph\u1ea9m th\u00e2n thi\u1ec7n, kh\u00f4ng ch\u1ee9a h\u00f3a ch\u1ea5t \u0111\u1ed9c h\u1ea1i, an to\u00e0n khi s\u1eed d\u1ee5ng trong xe.<\/p>\n<p data-start=\"776\" data-end=\"842\"><strong data-start=\"776\" data-end=\"842\">S\u00e1p th\u01a1m ch\u1ed1ng say xe \u2013 Nh\u1ecf g\u1ecdn, ti\u1ec7n d\u1ee5ng v\u00e0 hi\u1ec7u qu\u1ea3 l\u00e2u d\u00e0i<\/strong><\/p>\n<p data-start=\"844\" data-end=\"1138\">D\u1ea1ng s\u00e1p \u0111\u1eb7c gi\u00fap l\u01b0u h\u01b0\u01a1ng l\u00e2u, kh\u00f4ng lo \u0111\u1ed5 khi xe rung l\u1eafc hay va ch\u1ea1m.<br data-start=\"917\" data-end=\"920\" \/>M\u00f9i h\u01b0\u01a1ng kh\u00f4ng qu\u00e1 n\u1ed3ng, ph\u00f9 h\u1ee3p cho c\u1ea3 ng\u01b0\u1eddi l\u1edbn v\u00e0 tr\u1ebb nh\u1ecf ng\u1ed3i trong xe.<br data-start=\"996\" data-end=\"999\" \/>N\u1eafp \u0111\u00f3ng m\u1edf ti\u1ec7n l\u1ee3i gi\u00fap \u0111i\u1ec1u ch\u1ec9nh l\u01b0\u1ee3ng h\u01b0\u01a1ng t\u1ecfa ra theo \u00fd mu\u1ed1n.<br data-start=\"1067\" data-end=\"1070\" \/>C\u00f3 th\u1ec3 d\u00f9ng trong xe h\u01a1i, t\u1ee7 qu\u1ea7n \u00e1o, b\u00e0n l\u00e0m vi\u1ec7c ho\u1eb7c nh\u00e0 v\u1ec7 sinh.<\/p>\n<p data-start=\"1140\" data-end=\"1213\"><strong data-start=\"1140\" data-end=\"1213\">S\u00e1p th\u01a1m ch\u1ed1ng say xe \u2013 Ph\u1ee5 ki\u1ec7n tinh t\u1ebf cho h\u00e0nh tr\u00ecnh tho\u1ea3i m\u00e1i h\u01a1n<\/strong><\/p>\n<p data-start=\"1215\" data-end=\"1398\">T\u00ecm \u201cs\u00e1p th\u01a1m ch\u1ed1ng say xe\u201d t\u1ea1i Chuyendo.vn \u2013 gi\u00fap b\u1ea1n di chuy\u1ec3n d\u1ec5 ch\u1ecbu, gi\u1ea3m say xe hi\u1ec7u qu\u1ea3.<br data-start=\"1310\" data-end=\"1313\" \/>Chuy\u00ean \u0110\u1ed9 \u2013 chuy\u00ean cung c\u1ea5p ph\u1ee5 ki\u1ec7n xe h\u01a1i ch\u1ea5t l\u01b0\u1ee3ng, thi\u1ebft k\u1ebf nh\u1ecf g\u1ecdn, th\u00f4ng minh.<\/p>\n<hr \/>\n<p>&nbsp;<\/p>\n<p><a href=\"https:\/\/chuyendo.vn\/oto\/\"><strong>Chuy\u00ean \u0110\u1ed9<\/strong><\/a> l\u00e0 s\u00e0n th\u01b0\u01a1ng m\u1ea1i \u0111i\u1ec7n t\u1eed h\u00e0ng \u0111\u1ea7u t\u1ea1i Vi\u1ec7t Nam d\u00e0nh cho ng\u01b0\u1eddi y\u00eau xe, chuy\u00ean cung c\u1ea5p ph\u1ee5 ki\u1ec7n \u0111\u1ed9, n\u00e2ng c\u1ea5p, l\u00e0m m\u1edbi, trang tr\u00ed, \u0111\u1ed3 ch\u01a1i xe m\u00e1y v\u00e0 xe \u0111i\u1ec7n. T\u1eebng s\u1ea3n ph\u1ea9m \u0111\u01b0\u1ee3c thi\u1ebft k\u1ebf \u0111\u1ec3 t\u1ed1i \u01b0u t\u00ednh t\u01b0\u01a1ng th\u00edch, hi\u1ec7u su\u1ea5t ho\u1ea1t \u0111\u1ed9ng v\u00e0 ti\u1ec7n l\u1ee3i, d\u1ec5 d\u00e0ng c\u00f3 th\u1ec3 t\u1ef1 l\u1eafp \u0111\u1eb7t. \u0110\u1ed9i ng\u0169 t\u01b0 v\u1ea5n vi\u00ean chuy\u00ean nghi\u1ec7p, s\u1eb5n s\u00e0ng h\u1ed7 tr\u1ee3 kh\u00e1ch h\u00e0ng l\u1ef1a ch\u1ecdn s\u1ea3n ph\u1ea9m ph\u00f9 h\u1ee3p nh\u1ea5t v\u1edbi nhu c\u1ea7u s\u1eed d\u1ee5ng. <a href=\"https:\/\/www.facebook.com\/profile.php?id=61566794691477\" target=\"_blank\" rel=\"noopener\"><strong>Chuy\u00ean \u0110\u1ed9<\/strong><\/a> \u0111\u01b0\u1ee3c x\u00e2y d\u1ef1ng v\u1edbi m\u1ee5c ti\u00eau n\u00e2ng cao an to\u00e0n, n\u00e2ng t\u1ea7m tr\u1ea3i nghi\u1ec7m khi l\u00e1i xe v\u1edbi phong c\u00e1ch ri\u00eang c\u1ee7a t\u1eebng kh\u00e1ch h\u00e0ng.<\/p>\n<p>&nbsp;<\/p>\n<p><strong><a href=\"https:\/\/chuyendo.vn\/oto\/shop\/\"><em>C\u00e1c s\u1ea3n ph\u1ea9m m\u1edbi t\u1ed1i \u01b0u nh\u1ea5t cho xe c\u1ee7a b\u1ea1n.(Nh\u1ea5n \u0110\u1ec3 Xem Chi Ti\u1ebft)<\/em><\/a><\/strong><\/p>\n<div style=\"margin: 20px 0;\"><div class=\"qrcswholewtapper\" style=\"text-align:center;\"><div class=\"qrcprowrapper\"  id=\"qrcwraa2leds\"><div class=\"qrc_canvass\" id=\"qrc_cuttenpages_2\" style=\"display:inline-block\" data-text=\"https:\/\/chuyendo.vn\/oto\/product\/sap-thom-chong-say-xe\/\"><\/div><div><a download=\"S\u00c1P TH\u01a0M MINI TRI\u1ebeT XU\u1ea4T HOA QU\u1ea2, CH\u1ed0NG SAY XE.png\" class=\"qrcdownloads\" id=\"worign\">\r\n           <button type=\"button\" style=\"min-width:200px;background:#ffffff;color:#dd9933;font-weight: 600;border: 1px solid #dd9933;border-radius:25px;font-size:12px;padding: 6px 0;\" class=\"uqr_code_btn\">Qu\u00e9t M\u00e3 \u0110\u1ec3 Truy C\u1eadp<\/button>\r\n           <\/a><\/div><\/div><\/div><\/div>","protected":false},"excerpt":{"rendered":"<p>S\u00e1p th\u01a1m ch\u1ed1ng say xe \u2013 H\u01b0\u01a1ng hoa qu\u1ea3 d\u1ec5 ch\u1ecbu, h\u1ed7 tr\u1ee3 gi\u1ea3m m\u1ec7t m\u1ecfi S\u00e1p th\u01a1m ch\u1ed1ng say xe v\u1edbi m\u00f9i tr\u00e1i c\u00e2y t\u1ef1 nhi\u00ean, mang l\u1ea1i c\u1ea3m gi\u00e1c th\u01b0 gi\u00e3n t\u1ee9c th\u00ec.Thi\u1ebft k\u1ebf mini ti\u1ec7n l\u1ee3i, d\u1ec5 &hellip; <a href=\"https:\/\/chuyendo.vn\/oto\/product\/sap-thom-chong-say-xe\/\">Xem Chi Ti\u1ebft<\/a><\/p>\n","protected":false},"featured_media":12346,"comment_status":"open","ping_status":"closed","template":"","meta":[],"product_cat":[5344,6015],"product_tag":[26109,26105,26127,26103,26126,26123,26107,26134,26132,26122,26121,26131,26130,26114,26112,26136,26118,26098,26129,26116,26108,26117,26120,26099,26124,26133,26111,26119,26100,26106,26104,26128,26135,26101,26113,26115,26125,18990,26110,26102],"class_list":{"0":"post-12345","1":"product","2":"type-product","3":"status-publish","4":"has-post-thumbnail","6":"product_cat-san-pham-moi","7":"product_cat-sapthom-nuochoa","8":"product_tag-mui-huong-de-chiu-ngan-say-xe","9":"product_tag-phu-kien-xe-hoi-giam-say-xe","10":"product_tag-phu-kien-xe-khu-mui","11":"product_tag-san-pham-chong-say-xe-mui-trai-cay","12":"product_tag-sap-cho-nguoi-nhay-cam","13":"product_tag-sap-chong-buon-non","14":"product_tag-sap-chong-say-cho-nguoi-nhay-cam","15":"product_tag-sap-khu-mui-hoa-qua","16":"product_tag-sap-khu-mui-mini","17":"product_tag-sap-khu-mui-xe","18":"product_tag-sap-o-to-de-chiu","19":"product_tag-sap-o-to-nho-gon","20":"product_tag-sap-thom-an-toan","21":"product_tag-sap-thom-an-toan-cho-xe-co-tre-em","22":"product_tag-sap-thom-chong-say-co-the-dieu-chinh-mui","23":"product_tag-sap-thom-chong-say-hieu-qua","24":"product_tag-sap-thom-chong-say-xe","25":"product_tag-sap-thom-chong-say-xe-hieu-qua","26":"product_tag-sap-thom-dang-dac","27":"product_tag-sap-thom-de-chiu-khong-gay-dau-dau","28":"product_tag-sap-thom-diu-nhe-xe-hoi","29":"product_tag-sap-thom-dung-duoc-cho-nhieu-khong-gian","30":"product_tag-sap-thom-hoa-qua","31":"product_tag-sap-thom-hoa-qua-cho-o-to","32":"product_tag-sap-thom-huong-trai-cay","33":"product_tag-sap-thom-khong-hoa-chat","34":"product_tag-sap-thom-khu-mui-xe-lau-ngay","35":"product_tag-sap-thom-mini","36":"product_tag-sap-thom-mini-giam-buon-non","37":"product_tag-sap-thom-mini-khong-hoa-chat","38":"product_tag-sap-thom-o-to-cho-tre-em","39":"product_tag-sap-thom-taplo","40":"product_tag-sap-thom-trai-cay-xe","41":"product_tag-sap-thom-triet-xuat-thien-nhien","42":"product_tag-sap-thom-xe-dang-gon-nho","43":"product_tag-sap-thom-xe-dung-cho-ca-nha","44":"product_tag-sap-thom-xe-gia-dinh","45":"product_tag-sap-thom-xe-hoi","46":"product_tag-sap-thom-xe-hoi-dang-dac","47":"product_tag-sap-thom-xe-hoi-khong-doc-hai","49":"first","50":"instock","51":"shipping-taxable","52":"purchasable","53":"product-type-simple"},"_links":{"self":[{"href":"https:\/\/chuyendo.vn\/oto\/wp-json\/wp\/v2\/product\/12345","targetHints":{"allow":["GET"]}}],"collection":[{"href":"https:\/\/chuyendo.vn\/oto\/wp-json\/wp\/v2\/product"}],"about":[{"href":"https:\/\/chuyendo.vn\/oto\/wp-json\/wp\/v2\/types\/product"}],"replies":[{"embeddable":true,"href":"https:\/\/chuyendo.vn\/oto\/wp-json\/wp\/v2\/comments?post=12345"}],"wp:featuredmedia":[{"embeddable":true,"href":"https:\/\/chuyendo.vn\/oto\/wp-json\/wp\/v2\/media\/12346"}],"wp:attachment":[{"href":"https:\/\/chuyendo.vn\/oto\/wp-json\/wp\/v2\/media?parent=12345"}],"wp:term":[{"taxonomy":"product_cat","embeddable":true,"href":"https:\/\/chuyendo.vn\/oto\/wp-json\/wp\/v2\/product_cat?post=12345"},{"taxonomy":"product_tag","embeddable":true,"href":"https:\/\/chuyendo.vn\/oto\/wp-json\/wp\/v2\/product_tag?post=12345"}],"curies":[{"name":"wp","href":"https:\/\/api.w.org\/{rel}","templated":true}]}}