{"id":12347,"date":"2025-07-20T15:40:33","date_gmt":"2025-07-20T15:40:33","guid":{"rendered":"https:\/\/chuyendo.vn\/oto\/?post_type=product&#038;p=12347"},"modified":"2025-07-24T04:08:08","modified_gmt":"2025-07-24T04:08:08","slug":"sap-thom-noi-dia-trung","status":"publish","type":"product","link":"https:\/\/chuyendo.vn\/oto\/product\/sap-thom-noi-dia-trung\/","title":{"rendered":"S\u00c1P TH\u01a0M N\u1ed8I \u0110\u1ecaA TRUNG"},"content":{"rendered":"<p data-start=\"365\" data-end=\"430\"><strong data-start=\"365\" data-end=\"430\">S\u00e1p th\u01a1m n\u1ed9i \u0111\u1ecba Trung \u2013 M\u00f9i h\u01b0\u01a1ng \u0111\u1ed9c \u0111\u00e1o, thi\u1ebft k\u1ebf \u1ea5n t\u01b0\u1ee3ng<\/strong><\/p>\n<p data-start=\"432\" data-end=\"777\">S\u00e1p th\u01a1m n\u1ed9i \u0111\u1ecba Trung mang phong c\u00e1ch hi\u1ec7n \u0111\u1ea1i, ph\u00f9 h\u1ee3p nhi\u1ec1u kh\u00f4ng gian s\u1eed d\u1ee5ng kh\u00e1c nhau.<br data-start=\"524\" data-end=\"527\" \/>Thi\u1ebft k\u1ebf \u0111\u1ed9c \u0111\u00e1o, ki\u1ec3u d\u00e1ng sang tr\u1ecdng, d\u1ec5 d\u00e0ng trang tr\u00ed tr\u00ean taplo ho\u1eb7c b\u00e0n l\u00e0m vi\u1ec7c.<br data-start=\"614\" data-end=\"617\" \/>M\u00f9i h\u01b0\u01a1ng nh\u1eb9 nh\u00e0ng, d\u1ec5 ch\u1ecbu, gi\u00fap gi\u1ea3m c\u0103ng th\u1eb3ng khi ng\u1ed3i xe ho\u1eb7c l\u00e0m vi\u1ec7c l\u00e2u.<br data-start=\"698\" data-end=\"701\" \/>Ch\u1ea5t li\u1ec7u s\u00e1p \u0111\u1eb7c cao c\u1ea5p, kh\u00f4ng ch\u1ea3y \u0111\u1ed5 khi xe rung l\u1eafc hay th\u1eddi ti\u1ebft n\u00f3ng.<\/p>\n<p data-start=\"779\" data-end=\"841\"><strong data-start=\"779\" data-end=\"841\">S\u00e1p th\u01a1m n\u1ed9i \u0111\u1ecba Trung \u2013 H\u01b0\u01a1ng l\u00e2u phai, kh\u00f4ng g\u00e2y \u0111au \u0111\u1ea7u<\/strong><\/p>\n<p data-start=\"843\" data-end=\"1171\">H\u01b0\u01a1ng th\u01a1m \u0111\u01b0\u1ee3c nghi\u00ean c\u1ee9u theo c\u00f4ng th\u1ee9c d\u1ecbu nh\u1eb9, kh\u00f4ng g\u00e2y kh\u00f3 ch\u1ecbu cho ng\u01b0\u1eddi nh\u1ea1y c\u1ea3m.<br data-start=\"932\" data-end=\"935\" \/>S\u1ea3n ph\u1ea9m ph\u00f9 h\u1ee3p s\u1eed d\u1ee5ng trong xe h\u01a1i, ph\u00f2ng ng\u1ee7, ph\u00f2ng kh\u00e1ch ho\u1eb7c t\u1ee7 qu\u1ea7n \u00e1o.<br data-start=\"1013\" data-end=\"1016\" \/>N\u1eafp \u0111i\u1ec1u ch\u1ec9nh ti\u1ec7n l\u1ee3i gi\u00fap ki\u1ec3m so\u00e1t l\u01b0\u1ee3ng m\u00f9i theo nhu c\u1ea7u t\u1eebng th\u1eddi \u0111i\u1ec3m.<br data-start=\"1093\" data-end=\"1096\" \/>Th\u00e0nh ph\u1ea7n an to\u00e0n, th\u00e2n thi\u1ec7n v\u1edbi tr\u1ebb em v\u00e0 ng\u01b0\u1eddi l\u1edbn tu\u1ed5i trong gia \u0111\u00ecnh.<\/p>\n<p data-start=\"1173\" data-end=\"1242\"><strong data-start=\"1173\" data-end=\"1242\">S\u00e1p th\u01a1m n\u1ed9i \u0111\u1ecba Trung \u2013 S\u1ef1 l\u1ef1a ch\u1ecdn m\u1edbi cho ng\u01b0\u1eddi y\u00eau s\u1ef1 tinh t\u1ebf<\/strong><\/p>\n<p data-start=\"1244\" data-end=\"1411\">T\u00ecm \u201cs\u00e1p th\u01a1m n\u1ed9i \u0111\u1ecba Trung\u201d t\u1ea1i Chuyendo.vn \u2013 mang \u0111\u1ebfn h\u01b0\u01a1ng th\u01a1m b\u1ec1n l\u00e2u, phong c\u00e1ch \u0111\u1ed9c \u0111\u00e1o.<br data-start=\"1339\" data-end=\"1342\" \/>Chuy\u00ean \u0110\u1ed9 \u2013 n\u01a1i h\u1ed9i t\u1ee5 s\u1ea3n ph\u1ea9m trang tr\u00ed xe h\u01a1i v\u00e0 kh\u1eed m\u00f9i \u0111\u1eb3ng c\u1ea5p.<\/p>\n<hr \/>\n<p>&nbsp;<\/p>\n<p><a href=\"https:\/\/chuyendo.vn\/oto\/\"><strong>Chuy\u00ean \u0110\u1ed9<\/strong><\/a> l\u00e0 s\u00e0n th\u01b0\u01a1ng m\u1ea1i \u0111i\u1ec7n t\u1eed h\u00e0ng \u0111\u1ea7u t\u1ea1i Vi\u1ec7t Nam d\u00e0nh cho ng\u01b0\u1eddi y\u00eau xe, chuy\u00ean cung c\u1ea5p ph\u1ee5 ki\u1ec7n \u0111\u1ed9, n\u00e2ng c\u1ea5p, l\u00e0m m\u1edbi, trang tr\u00ed, \u0111\u1ed3 ch\u01a1i xe m\u00e1y v\u00e0 xe \u0111i\u1ec7n. T\u1eebng s\u1ea3n ph\u1ea9m \u0111\u01b0\u1ee3c thi\u1ebft k\u1ebf \u0111\u1ec3 t\u1ed1i \u01b0u t\u00ednh t\u01b0\u01a1ng th\u00edch, hi\u1ec7u su\u1ea5t ho\u1ea1t \u0111\u1ed9ng v\u00e0 ti\u1ec7n l\u1ee3i, d\u1ec5 d\u00e0ng c\u00f3 th\u1ec3 t\u1ef1 l\u1eafp \u0111\u1eb7t. \u0110\u1ed9i ng\u0169 t\u01b0 v\u1ea5n vi\u00ean chuy\u00ean nghi\u1ec7p, s\u1eb5n s\u00e0ng h\u1ed7 tr\u1ee3 kh\u00e1ch h\u00e0ng l\u1ef1a ch\u1ecdn s\u1ea3n ph\u1ea9m ph\u00f9 h\u1ee3p nh\u1ea5t v\u1edbi nhu c\u1ea7u s\u1eed d\u1ee5ng. <a href=\"https:\/\/www.facebook.com\/profile.php?id=61566794691477\" target=\"_blank\" rel=\"noopener\"><strong>Chuy\u00ean \u0110\u1ed9<\/strong><\/a> \u0111\u01b0\u1ee3c x\u00e2y d\u1ef1ng v\u1edbi m\u1ee5c ti\u00eau n\u00e2ng cao an to\u00e0n, n\u00e2ng t\u1ea7m tr\u1ea3i nghi\u1ec7m khi l\u00e1i xe v\u1edbi phong c\u00e1ch ri\u00eang c\u1ee7a t\u1eebng kh\u00e1ch h\u00e0ng.<\/p>\n<p>&nbsp;<\/p>\n<p><strong><a href=\"https:\/\/chuyendo.vn\/oto\/shop\/\"><em>C\u00e1c s\u1ea3n ph\u1ea9m m\u1edbi t\u1ed1i \u01b0u nh\u1ea5t cho xe c\u1ee7a b\u1ea1n.(Nh\u1ea5n \u0110\u1ec3 Xem Chi Ti\u1ebft)<\/em><\/a><\/strong><\/p>\n<div style=\"margin: 20px 0;\"><div class=\"qrcswholewtapper\" style=\"text-align:center;\"><div class=\"qrcprowrapper\"  id=\"qrcwraa2leds\"><div class=\"qrc_canvass\" id=\"qrc_cuttenpages_2\" style=\"display:inline-block\" data-text=\"https:\/\/chuyendo.vn\/oto\/product\/sap-thom-noi-dia-trung\/\"><\/div><div><a download=\"S\u00c1P TH\u01a0M N\u1ed8I \u0110\u1ecaA TRUNG.png\" class=\"qrcdownloads\" id=\"worign\">\r\n           <button type=\"button\" style=\"min-width:200px;background:#ffffff;color:#dd9933;font-weight: 600;border: 1px solid #dd9933;border-radius:25px;font-size:12px;padding: 6px 0;\" class=\"uqr_code_btn\">Qu\u00e9t M\u00e3 \u0110\u1ec3 Truy C\u1eadp<\/button>\r\n           <\/a><\/div><\/div><\/div><\/div>","protected":false},"excerpt":{"rendered":"<p>S\u00e1p th\u01a1m n\u1ed9i \u0111\u1ecba Trung \u2013 M\u00f9i h\u01b0\u01a1ng \u0111\u1ed9c \u0111\u00e1o, thi\u1ebft k\u1ebf \u1ea5n t\u01b0\u1ee3ng S\u00e1p th\u01a1m n\u1ed9i \u0111\u1ecba Trung mang phong c\u00e1ch hi\u1ec7n \u0111\u1ea1i, ph\u00f9 h\u1ee3p nhi\u1ec1u kh\u00f4ng gian s\u1eed d\u1ee5ng kh\u00e1c nhau.Thi\u1ebft k\u1ebf \u0111\u1ed9c \u0111\u00e1o, ki\u1ec3u d\u00e1ng sang tr\u1ecdng, &hellip; <a href=\"https:\/\/chuyendo.vn\/oto\/product\/sap-thom-noi-dia-trung\/\">Xem Chi Ti\u1ebft<\/a><\/p>\n","protected":false},"featured_media":12348,"comment_status":"open","ping_status":"closed","template":"","meta":[],"product_cat":[5344,6015],"product_tag":[26152,26130,26162,26155,26160,26168,26165,26154,26151,26166,26171,26153,26163,26164,26148,26119,26147,26146,26161,26173,26157,26137,26156,26143,26144,26149,26172,26142,26140,26169,26128,26150,26170,26145,26139,26158,26141,26167,26138,26159],"class_list":{"0":"post-12347","1":"product","2":"type-product","3":"status-publish","4":"has-post-thumbnail","6":"product_cat-san-pham-moi","7":"product_cat-sapthom-nuochoa","8":"product_tag-phu-kien-sap-thom-trang-tri-noi-dia-trung","9":"product_tag-sap-thom-an-toan","10":"product_tag-sap-thom-ben-lau","11":"product_tag-sap-thom-ben-mui-noi-dia-trung","12":"product_tag-sap-thom-cao-cap","13":"product_tag-sap-thom-chong-say","14":"product_tag-sap-thom-diu-nhe","15":"product_tag-sap-thom-doc-la-trung-quoc","16":"product_tag-sap-thom-huong-diu-noi-dia-trung","17":"product_tag-sap-thom-huong-hoa","18":"product_tag-sap-thom-khong-dau-dau","19":"product_tag-sap-thom-khong-do-chay-noi-dia-trung","20":"product_tag-sap-thom-khong-doc","21":"product_tag-sap-thom-khu-mui","22":"product_tag-sap-thom-khu-mui-xe-noi-dia-trung","23":"product_tag-sap-thom-mini","24":"product_tag-sap-thom-mini-noi-dia-trung-cho-ban-lam-viec","25":"product_tag-sap-thom-nhe-khong-gay-kho-chiu","26":"product_tag-sap-thom-nhe-nhang","27":"product_tag-sap-thom-noi-dia","28":"product_tag-sap-thom-noi-dia-trung","29":"product_tag-sap-thom-noi-dia-trung-cao-cap","30":"product_tag-sap-thom-noi-dia-trung-cho-nguoi-nhay-cam","31":"product_tag-sap-thom-noi-dia-trung-khong-doc-hai","32":"product_tag-sap-thom-noi-dia-trung-mui-lau","33":"product_tag-sap-thom-noi-dia-trung-phu-hop-tre-em","34":"product_tag-sap-thom-noi-that-xe","35":"product_tag-sap-thom-noi-that-xe-sang","36":"product_tag-sap-thom-phong-khach-noi-dia-trung","37":"product_tag-sap-thom-sang-trong","38":"product_tag-sap-thom-taplo","39":"product_tag-sap-thom-taplo-o-to-trung-quoc","40":"product_tag-sap-thom-thiet-ke-dep","41":"product_tag-sap-thom-tinh-te-noi-dia-trung","42":"product_tag-sap-thom-trang-tri-taplo-dep","43":"product_tag-sap-thom-trung-quoc","44":"product_tag-sap-thom-trung-quoc-thiet-ke-dep","45":"product_tag-sap-thom-xe-dep","46":"product_tag-sap-thom-xe-hoi-noi-dia-trung","47":"product_tag-sap-thom-xe-hoi-trung","49":"first","50":"instock","51":"shipping-taxable","52":"purchasable","53":"product-type-simple"},"_links":{"self":[{"href":"https:\/\/chuyendo.vn\/oto\/wp-json\/wp\/v2\/product\/12347","targetHints":{"allow":["GET"]}}],"collection":[{"href":"https:\/\/chuyendo.vn\/oto\/wp-json\/wp\/v2\/product"}],"about":[{"href":"https:\/\/chuyendo.vn\/oto\/wp-json\/wp\/v2\/types\/product"}],"replies":[{"embeddable":true,"href":"https:\/\/chuyendo.vn\/oto\/wp-json\/wp\/v2\/comments?post=12347"}],"wp:featuredmedia":[{"embeddable":true,"href":"https:\/\/chuyendo.vn\/oto\/wp-json\/wp\/v2\/media\/12348"}],"wp:attachment":[{"href":"https:\/\/chuyendo.vn\/oto\/wp-json\/wp\/v2\/media?parent=12347"}],"wp:term":[{"taxonomy":"product_cat","embeddable":true,"href":"https:\/\/chuyendo.vn\/oto\/wp-json\/wp\/v2\/product_cat?post=12347"},{"taxonomy":"product_tag","embeddable":true,"href":"https:\/\/chuyendo.vn\/oto\/wp-json\/wp\/v2\/product_tag?post=12347"}],"curies":[{"name":"wp","href":"https:\/\/api.w.org\/{rel}","templated":true}]}}