{"id":8009,"date":"2025-02-22T08:05:17","date_gmt":"2025-02-22T08:05:17","guid":{"rendered":"https:\/\/chuyendo.vn\/?post_type=product&#038;p=8009"},"modified":"2025-07-06T06:55:18","modified_gmt":"2025-07-06T06:55:18","slug":"but-xoa-vet-xuoc-easy-16-mau","status":"publish","type":"product","link":"https:\/\/chuyendo.vn\/oto\/product\/but-xoa-vet-xuoc-easy-16-mau\/","title":{"rendered":"B\u00daT X\u00d3A V\u1ebeT X\u01af\u1edaC EASY (16 M\u00c0U)"},"content":{"rendered":"<p data-start=\"326\" data-end=\"1393\">B\u00fat x\u00f3a v\u1ebft x\u01b0\u1edbc EASY (16 m\u00e0u) gi\u00fap che ph\u1ee7 v\u1ebft x\u01b0\u1edbc xe nhanh ch\u00f3ng. Chuy\u00ean \u0110\u1ed9 cung c\u1ea5p s\u1ea3n ph\u1ea9m gi\u00fap kh\u1eafc ph\u1ee5c v\u1ebft tr\u1ea7y x\u01b0\u1edbc d\u1ec5 d\u00e0ng. B\u00fat c\u00f3 thi\u1ebft k\u1ebf nh\u1ecf g\u1ecdn, d\u1ec5 s\u1eed d\u1ee5ng v\u00e0 ti\u1ec7n l\u1ee3i. M\u1ef1c s\u01a1n cao c\u1ea5p, b\u00e1m d\u00ednh t\u1ed1t, ch\u1ed1ng bong tr\u00f3c hi\u1ec7u qu\u1ea3. B\u00fat c\u00f3 16 m\u00e0u ph\u00f9 h\u1ee3p v\u1edbi nhi\u1ec1u lo\u1ea1i xe kh\u00e1c nhau. Khi s\u1eed d\u1ee5ng, v\u1ebft x\u01b0\u1edbc \u0111\u01b0\u1ee3c che ph\u1ee7 ngay l\u1eadp t\u1ee9c. M\u1ef1c kh\u00f4 nhanh, kh\u00f4ng b\u1ecb lem v\u00e0 b\u1ec1n m\u00e0u theo th\u1eddi gian. S\u1ea3n ph\u1ea9m ph\u00f9 h\u1ee3p v\u1edbi \u00f4 t\u00f4, xe m\u00e1y v\u00e0 nhi\u1ec1u b\u1ec1 m\u1eb7t s\u01a1n kh\u00e1c. Khi \u00e1p d\u1ee5ng \u0111\u00fang c\u00e1ch, b\u1ec1 m\u1eb7t s\u01a1n xe tr\u00f4ng nh\u01b0 m\u1edbi. B\u00fat gi\u00fap ti\u1ebft ki\u1ec7m chi ph\u00ed s\u01a1n l\u1ea1i to\u00e0n b\u1ed9 xe. Khi mang theo b\u00ean m\u00ecnh, b\u1ea1n c\u00f3 th\u1ec3 x\u1eed l\u00fd v\u1ebft x\u01b0\u1edbc m\u1ecdi l\u00fac. B\u00fat x\u00f3a x\u01b0\u1edbc xe d\u1ec5 s\u1eed d\u1ee5ng, kh\u00f4ng c\u1ea7n k\u1ef9 n\u0103ng \u0111\u1eb7c bi\u1ec7t. Thi\u1ebft k\u1ebf d\u1ea1ng b\u00fat gi\u00fap ki\u1ec3m so\u00e1t t\u1ed1t l\u01b0\u1ee3ng m\u1ef1c khi s\u1eed d\u1ee5ng. Khi s\u1eed d\u1ee5ng th\u01b0\u1eddng xuy\u00ean, xe lu\u00f4n gi\u1eef \u0111\u01b0\u1ee3c v\u1ebb ngo\u00e0i \u0111\u1eb9p nh\u01b0 m\u1edbi. B\u00fat x\u00f3a v\u1ebft x\u01b0\u1edbc EASY gi\u00fap b\u1ea3o v\u1ec7 s\u01a1n xe kh\u1ecfi oxy h\u00f3a v\u00e0 phai m\u00e0u. S\u1ea3n ph\u1ea9m ph\u00f9 h\u1ee3p cho c\u1ea3 ng\u01b0\u1eddi d\u00f9ng c\u00e1 nh\u00e2n v\u00e0 th\u1ee3 s\u1eeda xe chuy\u00ean nghi\u1ec7p. \u0110\u00e2y l\u00e0 l\u1ef1a ch\u1ecdn ho\u00e0n h\u1ea3o \u0111\u1ec3 b\u1ea3o v\u1ec7 xe m\u00e0 kh\u00f4ng t\u1ed1n k\u00e9m. B\u00fat x\u00f3a v\u1ebft x\u01b0\u1edbc t\u1ea1i Chuy\u00ean \u0110\u1ed9 \u0111\u1ea3m b\u1ea3o ch\u1ea5t l\u01b0\u1ee3ng cao, hi\u1ec7u qu\u1ea3 v\u00e0 b\u1ec1n \u0111\u1eb9p.<\/p>\n<hr \/>\n<p>&nbsp;<\/p>\n<p><a href=\"https:\/\/chuyendo.vn\/oto\/\"><strong>Chuy\u00ean \u0110\u1ed9<\/strong><\/a> l\u00e0 s\u00e0n th\u01b0\u01a1ng m\u1ea1i \u0111i\u1ec7n t\u1eed h\u00e0ng \u0111\u1ea7u t\u1ea1i Vi\u1ec7t Nam d\u00e0nh cho ng\u01b0\u1eddi y\u00eau xe, chuy\u00ean cung c\u1ea5p ph\u1ee5 ki\u1ec7n \u0111\u1ed9, n\u00e2ng c\u1ea5p, l\u00e0m m\u1edbi, trang tr\u00ed, \u0111\u1ed3 ch\u01a1i xe m\u00e1y v\u00e0 xe \u0111i\u1ec7n. T\u1eebng s\u1ea3n ph\u1ea9m \u0111\u01b0\u1ee3c thi\u1ebft k\u1ebf \u0111\u1ec3 t\u1ed1i \u01b0u t\u00ednh t\u01b0\u01a1ng th\u00edch, hi\u1ec7u su\u1ea5t ho\u1ea1t \u0111\u1ed9ng v\u00e0 ti\u1ec7n l\u1ee3i, d\u1ec5 d\u00e0ng c\u00f3 th\u1ec3 t\u1ef1 l\u1eafp \u0111\u1eb7t. \u0110\u1ed9i ng\u0169 t\u01b0 v\u1ea5n vi\u00ean chuy\u00ean nghi\u1ec7p, s\u1eb5n s\u00e0ng h\u1ed7 tr\u1ee3 kh\u00e1ch h\u00e0ng l\u1ef1a ch\u1ecdn s\u1ea3n ph\u1ea9m ph\u00f9 h\u1ee3p nh\u1ea5t v\u1edbi nhu c\u1ea7u s\u1eed d\u1ee5ng. <a href=\"https:\/\/www.facebook.com\/profile.php?id=61566794691477\" target=\"_blank\" rel=\"noopener\"><strong>Chuy\u00ean \u0110\u1ed9<\/strong><\/a> \u0111\u01b0\u1ee3c x\u00e2y d\u1ef1ng v\u1edbi m\u1ee5c ti\u00eau n\u00e2ng cao an to\u00e0n, n\u00e2ng t\u1ea7m tr\u1ea3i nghi\u1ec7m khi l\u00e1i xe v\u1edbi phong c\u00e1ch ri\u00eang c\u1ee7a t\u1eebng kh\u00e1ch h\u00e0ng.<\/p>\n<p>&nbsp;<\/p>\n<p><strong><a href=\"https:\/\/chuyendo.vn\/oto\/shop\/\"><em>C\u00e1c s\u1ea3n ph\u1ea9m m\u1edbi t\u1ed1i \u01b0u nh\u1ea5t cho xe c\u1ee7a b\u1ea1n.(Nh\u1ea5n \u0110\u1ec3 Xem Chi Ti\u1ebft)<\/em><\/a><\/strong><\/p>\n<div style=\"margin: 20px 0;\"><div class=\"qrcswholewtapper\" style=\"text-align:center;\"><div class=\"qrcprowrapper\"  id=\"qrcwraa2leds\"><div class=\"qrc_canvass\" id=\"qrc_cuttenpages_2\" style=\"display:inline-block\" data-text=\"https:\/\/chuyendo.vn\/oto\/product\/but-xoa-vet-xuoc-easy-16-mau\/\"><\/div><div><a download=\"B\u00daT X\u00d3A V\u1ebeT X\u01af\u1edaC EASY (16 M\u00c0U).png\" class=\"qrcdownloads\" id=\"worign\">\r\n           <button type=\"button\" style=\"min-width:200px;background:#ffffff;color:#dd9933;font-weight: 600;border: 1px solid #dd9933;border-radius:25px;font-size:12px;padding: 6px 0;\" class=\"uqr_code_btn\">Qu\u00e9t M\u00e3 \u0110\u1ec3 Truy C\u1eadp<\/button>\r\n           <\/a><\/div><\/div><\/div><\/div>","protected":false},"excerpt":{"rendered":"<p>B\u00fat x\u00f3a v\u1ebft x\u01b0\u1edbc EASY (16 m\u00e0u) gi\u00fap che ph\u1ee7 v\u1ebft x\u01b0\u1edbc xe nhanh ch\u00f3ng. Chuy\u00ean \u0110\u1ed9 cung c\u1ea5p s\u1ea3n ph\u1ea9m gi\u00fap kh\u1eafc ph\u1ee5c v\u1ebft tr\u1ea7y x\u01b0\u1edbc d\u1ec5 d\u00e0ng. B\u00fat c\u00f3 thi\u1ebft k\u1ebf nh\u1ecf g\u1ecdn, d\u1ec5 s\u1eed d\u1ee5ng v\u00e0 ti\u1ec7n &hellip; <a href=\"https:\/\/chuyendo.vn\/oto\/product\/but-xoa-vet-xuoc-easy-16-mau\/\">Xem Chi Ti\u1ebft<\/a><\/p>\n","protected":false},"featured_media":8044,"comment_status":"open","ping_status":"closed","template":"","meta":[],"product_cat":[5344,6080],"product_tag":[6440,6465,6481,6443,6469,6442,6448,6441,6473,6445,6454,6467,6480,6456,6458,6444,6459,6457,6449,6451,6450,6475,6461,6466,6453,6462,6452,6446,6472,6470,6476,6479,6478,6477,6447,6468,6474,6471,6464,6463,6460,6455,6439,6438],"class_list":{"0":"post-8009","1":"product","2":"type-product","3":"status-publish","4":"has-post-thumbnail","6":"product_cat-san-pham-moi","7":"product_cat-dung-cu","8":"product_tag-but-xoa-vet-xuoc-xe-co-ben-khong","9":"product_tag-but-xoa-vet-xuoc-xe-co-can-son-phu-bong-khong","10":"product_tag-but-xoa-vet-xuoc-xe-co-can-son-phu-lai-khong","11":"product_tag-but-xoa-vet-xuoc-xe-co-chong-bong-troc-khong","12":"product_tag-but-xoa-vet-xuoc-xe-co-de-mua-khong","13":"product_tag-but-xoa-vet-xuoc-xe-co-de-su-dung-khong","14":"product_tag-but-xoa-vet-xuoc-xe-co-kho-nhanh-khong","15":"product_tag-but-xoa-vet-xuoc-xe-co-lam-hai-son-khong","16":"product_tag-but-xoa-vet-xuoc-xe-co-lam-xe-trong-nhu-moi-khong","17":"product_tag-but-xoa-vet-xuoc-xe-co-may-mau","18":"product_tag-but-xoa-vet-xuoc-xe-co-phu-hop-voi-son-bong-khong","19":"product_tag-but-xoa-vet-xuoc-xe-co-phu-hop-voi-son-nham-khong","20":"product_tag-but-xoa-vet-xuoc-xe-co-the-che-phu-vet-xuoc-nho-khong","21":"product_tag-but-xoa-vet-xuoc-xe-co-the-chong-nuoc-khong","22":"product_tag-but-xoa-vet-xuoc-xe-co-the-dung-cho-lazang-khong","23":"product_tag-but-xoa-vet-xuoc-xe-co-the-dung-cho-moi-loai-xe-khong","24":"product_tag-but-xoa-vet-xuoc-xe-co-the-dung-cho-noi-that-khong","25":"product_tag-but-xoa-vet-xuoc-xe-co-the-dung-cho-xe-dien-khong","26":"product_tag-but-xoa-vet-xuoc-xe-co-the-dung-cho-xe-mau-den-khong","27":"product_tag-but-xoa-vet-xuoc-xe-co-the-dung-cho-xe-mau-do-khong","28":"product_tag-but-xoa-vet-xuoc-xe-co-the-dung-cho-xe-mau-trang-khong","29":"product_tag-but-xoa-vet-xuoc-xe-co-the-dung-cho-xe-mo-to-khong","30":"product_tag-but-xoa-vet-xuoc-xe-co-the-dung-cho-xe-tai-khong","31":"product_tag-but-xoa-vet-xuoc-xe-co-the-dung-cho-xe-the-thao-khong","32":"product_tag-but-xoa-vet-xuoc-xe-co-the-dung-tren-kim-loai-khong","33":"product_tag-but-xoa-vet-xuoc-xe-co-the-dung-tren-kinh-xe-khong","34":"product_tag-but-xoa-vet-xuoc-xe-co-the-dung-tren-nhua-khong","35":"product_tag-but-xoa-vet-xuoc-xe-co-the-dung-tren-o-to-khong","36":"product_tag-but-xoa-vet-xuoc-xe-co-the-dung-tren-xe-con-tay-khong","37":"product_tag-but-xoa-vet-xuoc-xe-co-the-dung-tren-xe-cu-khong","38":"product_tag-but-xoa-vet-xuoc-xe-co-the-dung-tren-xe-mau-bac-khong","39":"product_tag-but-xoa-vet-xuoc-xe-co-the-dung-tren-xe-mau-cam-khong","40":"product_tag-but-xoa-vet-xuoc-xe-co-the-dung-tren-xe-mau-vang-khong","41":"product_tag-but-xoa-vet-xuoc-xe-co-the-dung-tren-xe-mau-xanh-khong","42":"product_tag-but-xoa-vet-xuoc-xe-co-the-dung-tren-xe-may-khong","43":"product_tag-but-xoa-vet-xuoc-xe-co-the-dung-tren-xe-moi-khong","44":"product_tag-but-xoa-vet-xuoc-xe-co-the-dung-tren-xe-phan-khoi-lon-khong","45":"product_tag-but-xoa-vet-xuoc-xe-co-the-dung-tren-xe-tay-ga-khong","46":"product_tag-but-xoa-vet-xuoc-xe-co-the-dung-trong-tiem-sua-xe-khong","47":"product_tag-but-xoa-vet-xuoc-xe-co-the-giup-son-ben-lau-khong","48":"product_tag-but-xoa-vet-xuoc-xe-co-the-lam-mat-vet-xuoc-hoan-toan-khong","49":"product_tag-but-xoa-vet-xuoc-xe-co-the-xu-ly-vet-tray-sau-khong","50":"product_tag-but-xoa-vet-xuoc-xe-gia-bao-nhieu","51":"product_tag-but-xoa-vet-xuoc-xe-loai-nao-tot","53":"first","54":"instock","55":"shipping-taxable","56":"purchasable","57":"product-type-simple"},"_links":{"self":[{"href":"https:\/\/chuyendo.vn\/oto\/wp-json\/wp\/v2\/product\/8009","targetHints":{"allow":["GET"]}}],"collection":[{"href":"https:\/\/chuyendo.vn\/oto\/wp-json\/wp\/v2\/product"}],"about":[{"href":"https:\/\/chuyendo.vn\/oto\/wp-json\/wp\/v2\/types\/product"}],"replies":[{"embeddable":true,"href":"https:\/\/chuyendo.vn\/oto\/wp-json\/wp\/v2\/comments?post=8009"}],"wp:featuredmedia":[{"embeddable":true,"href":"https:\/\/chuyendo.vn\/oto\/wp-json\/wp\/v2\/media\/8044"}],"wp:attachment":[{"href":"https:\/\/chuyendo.vn\/oto\/wp-json\/wp\/v2\/media?parent=8009"}],"wp:term":[{"taxonomy":"product_cat","embeddable":true,"href":"https:\/\/chuyendo.vn\/oto\/wp-json\/wp\/v2\/product_cat?post=8009"},{"taxonomy":"product_tag","embeddable":true,"href":"https:\/\/chuyendo.vn\/oto\/wp-json\/wp\/v2\/product_tag?post=8009"}],"curies":[{"name":"wp","href":"https:\/\/api.w.org\/{rel}","templated":true}]}}