{"id":8011,"date":"2025-02-22T08:20:45","date_gmt":"2025-02-22T08:20:45","guid":{"rendered":"https:\/\/chuyendo.vn\/?post_type=product&#038;p=8011"},"modified":"2025-03-05T02:06:44","modified_gmt":"2025-03-05T02:06:44","slug":"choi-lau-rua-xe-chenile-xoay-360","status":"publish","type":"product","link":"https:\/\/chuyendo.vn\/oto\/product\/choi-lau-rua-xe-chenile-xoay-360\/","title":{"rendered":"CH\u1ed4I LAU R\u1eecA XE, CHENILE XOAY 360"},"content":{"rendered":"<p>.Ch\u1ed5i lau r\u1eeda xe Chenile xoay 360 gi\u00fap v\u1ec7 sinh xe hi\u1ec7u qu\u1ea3. Chuy\u00ean \u0110\u1ed9 cung c\u1ea5p s\u1ea3n ph\u1ea9m gi\u00fap l\u00e0m s\u1ea1ch xe nhanh ch\u00f3ng v\u00e0 d\u1ec5 d\u00e0ng. Thi\u1ebft k\u1ebf xoay 360 \u0111\u1ed9 gi\u00fap ti\u1ebfp c\u1eadn m\u1ecdi g\u00f3c c\u1ea1nh xe. \u0110\u1ea7u ch\u1ed5i Chenile m\u1ec1m m\u1ea1i, kh\u00f4ng l\u00e0m tr\u1ea7y x\u01b0\u1edbc b\u1ec1 m\u1eb7t s\u01a1n. Khi s\u1eed d\u1ee5ng, b\u1ee5i b\u1ea9n \u0111\u01b0\u1ee3c lo\u1ea1i b\u1ecf nhanh ch\u00f3ng m\u00e0 kh\u00f4ng c\u1ea7n d\u00f9ng l\u1ef1c m\u1ea1nh. Ch\u1ea5t li\u1ec7u si\u00eau th\u1ea5m h\u00fat gi\u00fap gi\u1eef n\u01b0\u1edbc v\u00e0 x\u00e0 ph\u00f2ng t\u1ed1t h\u01a1n. Tay c\u1ea7m ch\u1eafc ch\u1eafn, ch\u1ed1ng tr\u01a1n tr\u01b0\u1ee3t khi thao t\u00e1c. S\u1ea3n ph\u1ea9m ph\u00f9 h\u1ee3p cho c\u1ea3 \u00f4 t\u00f4, xe m\u00e1y v\u00e0 xe t\u1ea3i. Ch\u1ed5i c\u00f3 th\u1ec3 d\u00f9ng \u0111\u1ec3 v\u1ec7 sinh k\u00ednh, lazang v\u00e0 c\u00e1c b\u1ec1 m\u1eb7t kh\u00e1c. Khi k\u1ebft h\u1ee3p v\u1edbi dung d\u1ecbch r\u1eeda xe, hi\u1ec7u qu\u1ea3 l\u00e0m s\u1ea1ch t\u0103ng l\u00ean \u0111\u00e1ng k\u1ec3. Ch\u1ed5i Chenile c\u00f3 \u0111\u1ed9 b\u1ec1n cao, d\u1ec5 gi\u1eb7t v\u00e0 t\u00e1i s\u1eed d\u1ee5ng nhi\u1ec1u l\u1ea7n. Thi\u1ebft k\u1ebf th\u00f4ng minh gi\u00fap ng\u01b0\u1eddi d\u00f9ng thao t\u00e1c nh\u1eb9 nh\u00e0ng h\u01a1n. Khi v\u1ec7 sinh xe th\u01b0\u1eddng xuy\u00ean, xe lu\u00f4n s\u1ea1ch \u0111\u1eb9p v\u00e0 gi\u1eef \u0111\u01b0\u1ee3c l\u1edbp s\u01a1n b\u00f3ng. Ch\u1ed5i xoay 360 gi\u00fap ti\u1ebfp c\u1eadn nh\u1eefng v\u1ecb tr\u00ed kh\u00f3 r\u1eeda tr\u00ean xe. S\u1ea3n ph\u1ea9m ph\u00f9 h\u1ee3p cho c\u1ea3 r\u1eeda xe t\u1ea1i nh\u00e0 v\u00e0 d\u1ecbch v\u1ee5 chuy\u00ean nghi\u1ec7p. \u0110\u00e2y l\u00e0 l\u1ef1a ch\u1ecdn l\u00fd t\u01b0\u1edfng gi\u00fap ch\u0103m s\u00f3c xe m\u00e0 kh\u00f4ng t\u1ed1n k\u00e9m nhi\u1ec1u chi ph\u00ed. Ch\u1ed5i lau r\u1eeda xe t\u1ea1i Chuy\u00ean \u0110\u1ed9 \u0111\u1ea3m b\u1ea3o ch\u1ea5t l\u01b0\u1ee3ng cao, b\u1ec1n b\u1ec9 v\u00e0 ti\u1ec7n l\u1ee3i.<\/p>\n<hr \/>\n<p>&nbsp;<\/p>\n<p><a href=\"https:\/\/chuyendo.vn\/oto\/\"><strong>Chuy\u00ean \u0110\u1ed9<\/strong><\/a> l\u00e0 s\u00e0n th\u01b0\u01a1ng m\u1ea1i \u0111i\u1ec7n t\u1eed h\u00e0ng \u0111\u1ea7u t\u1ea1i Vi\u1ec7t Nam d\u00e0nh cho ng\u01b0\u1eddi y\u00eau xe, chuy\u00ean cung c\u1ea5p ph\u1ee5 ki\u1ec7n \u0111\u1ed9, n\u00e2ng c\u1ea5p, l\u00e0m m\u1edbi, trang tr\u00ed, \u0111\u1ed3 ch\u01a1i xe m\u00e1y v\u00e0 xe \u0111i\u1ec7n. T\u1eebng s\u1ea3n ph\u1ea9m \u0111\u01b0\u1ee3c thi\u1ebft k\u1ebf \u0111\u1ec3 t\u1ed1i \u01b0u t\u00ednh t\u01b0\u01a1ng th\u00edch, hi\u1ec7u su\u1ea5t ho\u1ea1t \u0111\u1ed9ng v\u00e0 ti\u1ec7n l\u1ee3i, d\u1ec5 d\u00e0ng c\u00f3 th\u1ec3 t\u1ef1 l\u1eafp \u0111\u1eb7t. \u0110\u1ed9i ng\u0169 t\u01b0 v\u1ea5n vi\u00ean chuy\u00ean nghi\u1ec7p, s\u1eb5n s\u00e0ng h\u1ed7 tr\u1ee3 kh\u00e1ch h\u00e0ng l\u1ef1a ch\u1ecdn s\u1ea3n ph\u1ea9m ph\u00f9 h\u1ee3p nh\u1ea5t v\u1edbi nhu c\u1ea7u s\u1eed d\u1ee5ng. <a href=\"https:\/\/www.facebook.com\/profile.php?id=61566794691477\" target=\"_blank\" rel=\"noopener\"><strong>Chuy\u00ean \u0110\u1ed9<\/strong><\/a> \u0111\u01b0\u1ee3c x\u00e2y d\u1ef1ng v\u1edbi m\u1ee5c ti\u00eau n\u00e2ng cao an to\u00e0n, n\u00e2ng t\u1ea7m tr\u1ea3i nghi\u1ec7m khi l\u00e1i xe v\u1edbi phong c\u00e1ch ri\u00eang c\u1ee7a t\u1eebng kh\u00e1ch h\u00e0ng.<\/p>\n<p>&nbsp;<\/p>\n<p><strong><a href=\"https:\/\/chuyendo.vn\/oto\/shop\/\"><em>C\u00e1c s\u1ea3n ph\u1ea9m m\u1edbi t\u1ed1i \u01b0u nh\u1ea5t cho xe c\u1ee7a b\u1ea1n.(Nh\u1ea5n \u0110\u1ec3 Xem Chi Ti\u1ebft)<\/em><\/a><\/strong><\/p>\n<div style=\"margin: 20px 0;\"><div class=\"qrcswholewtapper\" style=\"text-align:center;\"><div class=\"qrcprowrapper\"  id=\"qrcwraa2leds\"><div class=\"qrc_canvass\" id=\"qrc_cuttenpages_2\" style=\"display:inline-block\" data-text=\"https:\/\/chuyendo.vn\/oto\/product\/choi-lau-rua-xe-chenile-xoay-360\/\"><\/div><div><a download=\"CH\u1ed4I LAU R\u1eecA XE, CHENILE XOAY 360.png\" class=\"qrcdownloads\" id=\"worign\">\r\n           <button type=\"button\" style=\"min-width:200px;background:#ffffff;color:#dd9933;font-weight: 600;border: 1px solid #dd9933;border-radius:25px;font-size:12px;padding: 6px 0;\" class=\"uqr_code_btn\">Qu\u00e9t M\u00e3 \u0110\u1ec3 Truy C\u1eadp<\/button>\r\n           <\/a><\/div><\/div><\/div><\/div>","protected":false},"excerpt":{"rendered":"<p>.Ch\u1ed5i lau r\u1eeda xe Chenile xoay 360 gi\u00fap v\u1ec7 sinh xe hi\u1ec7u qu\u1ea3. Chuy\u00ean \u0110\u1ed9 cung c\u1ea5p s\u1ea3n ph\u1ea9m gi\u00fap l\u00e0m s\u1ea1ch xe nhanh ch\u00f3ng v\u00e0 d\u1ec5 d\u00e0ng. Thi\u1ebft k\u1ebf xoay 360 \u0111\u1ed9 gi\u00fap ti\u1ebfp c\u1eadn m\u1ecdi g\u00f3c c\u1ea1nh xe. &hellip; <a href=\"https:\/\/chuyendo.vn\/oto\/product\/choi-lau-rua-xe-chenile-xoay-360\/\">Xem Chi Ti\u1ebft<\/a><\/p>\n","protected":false},"featured_media":8045,"comment_status":"open","ping_status":"closed","template":"","meta":[],"product_cat":[5344,6080],"product_tag":[6484,6518,6491,6485,6487,6498,6497,6492,6486,6489,6505,6525,6520,6490,6509,6514,6504,6503,6507,6494,6519,6512,6500,6526,6511,6499,6521,6517,6513,6488,6515,6522,6506,6493,6495,6501,6508,6524,6496,6502,6523,6516,6510,6483,6482],"class_list":{"0":"post-8011","1":"product","2":"type-product","3":"status-publish","4":"has-post-thumbnail","6":"product_cat-san-pham-moi","7":"product_cat-dung-cu","8":"product_tag-choi-lau-xe-chenile-xoay-360-co-ben-khong","9":"product_tag-choi-lau-xe-chenile-xoay-360-co-de-bao-quan-khong","10":"product_tag-choi-lau-xe-chenile-xoay-360-co-de-su-dung-khong","11":"product_tag-choi-lau-xe-chenile-xoay-360-co-lam-xuoc-son-khong","12":"product_tag-choi-lau-xe-chenile-xoay-360-co-tham-hut-tot-khong","13":"product_tag-choi-lau-xe-chenile-xoay-360-co-the-dung-de-ve-sinh-noi-that-khong","14":"product_tag-choi-lau-xe-chenile-xoay-360-co-the-dung-de-ve-sinh-xe-tai-khong","15":"product_tag-choi-lau-xe-chenile-xoay-360-co-the-dung-nhieu-lan-khong","16":"product_tag-choi-lau-xe-chenile-xoay-360-co-the-dung-tren-moi-loai-xe-khong","17":"product_tag-choi-lau-xe-chenile-xoay-360-co-the-dung-tren-o-to-khong","18":"product_tag-choi-lau-xe-chenile-xoay-360-co-the-dung-tren-xe-ban-tai-khong","19":"product_tag-choi-lau-xe-chenile-xoay-360-co-the-dung-tren-xe-du-lich-khong","20":"product_tag-choi-lau-xe-chenile-xoay-360-co-the-dung-tren-xe-hoi-khong","21":"product_tag-choi-lau-xe-chenile-xoay-360-co-the-dung-tren-xe-may-khong","22":"product_tag-choi-lau-xe-chenile-xoay-360-co-the-dung-tren-xe-mo-to-khong","23":"product_tag-choi-lau-xe-chenile-xoay-360-co-the-dung-tren-xe-phan-khoi-lon-khong","24":"product_tag-choi-lau-xe-chenile-xoay-360-co-the-dung-tren-xe-suv-khong","25":"product_tag-choi-lau-xe-chenile-xoay-360-co-the-dung-tren-xe-the-thao-khong","26":"product_tag-choi-lau-xe-chenile-xoay-360-co-the-dung-trong-tiem-cham-soc-xe-khong","27":"product_tag-choi-lau-xe-chenile-xoay-360-co-the-dung-voi-dung-dich-rua-xe-khong","28":"product_tag-choi-lau-xe-chenile-xoay-360-co-the-dung-voi-nuoc-khong","29":"product_tag-choi-lau-xe-chenile-xoay-360-co-the-dung-voi-xit-ap-luc-khong","30":"product_tag-choi-lau-xe-chenile-xoay-360-co-the-giup-bao-ve-lop-son-khong","31":"product_tag-choi-lau-xe-chenile-xoay-360-co-the-giup-bao-ve-lop-son-xe-lau-dai-khong","32":"product_tag-choi-lau-xe-chenile-xoay-360-co-the-giup-lam-sach-vet-ban-cung-dau-khong","33":"product_tag-choi-lau-xe-chenile-xoay-360-co-the-giup-tiet-kiem-nuoc-khong","34":"product_tag-choi-lau-xe-chenile-xoay-360-co-the-giup-tiet-kiem-thoi-gian-khong","35":"product_tag-choi-lau-xe-chenile-xoay-360-co-the-giup-xe-luon-sach-se-khong","36":"product_tag-choi-lau-xe-chenile-xoay-360-co-the-giup-xe-luon-sang-bong-khong","37":"product_tag-choi-lau-xe-chenile-xoay-360-co-the-lam-sach-bui-khong","38":"product_tag-choi-lau-xe-chenile-xoay-360-co-the-lam-sach-bui-min-khong","39":"product_tag-choi-lau-xe-chenile-xoay-360-co-the-lam-sach-ghe-da-khong","40":"product_tag-choi-lau-xe-chenile-xoay-360-co-the-lam-sach-khe-nho-khong","41":"product_tag-choi-lau-xe-chenile-xoay-360-co-the-lam-sach-kinh-xe-khong","42":"product_tag-choi-lau-xe-chenile-xoay-360-co-the-lam-sach-lazang-khong","43":"product_tag-choi-lau-xe-chenile-xoay-360-co-the-lam-sach-nhanh-hon-khan-lau-khong","44":"product_tag-choi-lau-xe-chenile-xoay-360-co-the-su-dung-cho-gara-khong","45":"product_tag-choi-lau-xe-chenile-xoay-360-co-the-ve-sinh-guong-chieu-hau-khong","46":"product_tag-choi-lau-xe-chenile-xoay-360-co-the-ve-sinh-lop-xe-khong","47":"product_tag-choi-lau-xe-chenile-xoay-360-co-the-ve-sinh-xe-dien-khong","48":"product_tag-choi-lau-xe-chenile-xoay-360-co-the-ve-sinh-xe-mo-to-khong","49":"product_tag-choi-lau-xe-chenile-xoay-360-co-the-ve-sinh-xe-nhanh-hon-khong","50":"product_tag-choi-lau-xe-chenile-xoay-360-co-the-ve-sinh-xe-tay-ga-khong","51":"product_tag-choi-lau-xe-chenile-xoay-360-gia-bao-nhieu","52":"product_tag-choi-lau-xe-chenile-xoay-360-loai-nao-tot","54":"first","55":"instock","56":"shipping-taxable","57":"purchasable","58":"product-type-simple"},"_links":{"self":[{"href":"https:\/\/chuyendo.vn\/oto\/wp-json\/wp\/v2\/product\/8011","targetHints":{"allow":["GET"]}}],"collection":[{"href":"https:\/\/chuyendo.vn\/oto\/wp-json\/wp\/v2\/product"}],"about":[{"href":"https:\/\/chuyendo.vn\/oto\/wp-json\/wp\/v2\/types\/product"}],"replies":[{"embeddable":true,"href":"https:\/\/chuyendo.vn\/oto\/wp-json\/wp\/v2\/comments?post=8011"}],"wp:featuredmedia":[{"embeddable":true,"href":"https:\/\/chuyendo.vn\/oto\/wp-json\/wp\/v2\/media\/8045"}],"wp:attachment":[{"href":"https:\/\/chuyendo.vn\/oto\/wp-json\/wp\/v2\/media?parent=8011"}],"wp:term":[{"taxonomy":"product_cat","embeddable":true,"href":"https:\/\/chuyendo.vn\/oto\/wp-json\/wp\/v2\/product_cat?post=8011"},{"taxonomy":"product_tag","embeddable":true,"href":"https:\/\/chuyendo.vn\/oto\/wp-json\/wp\/v2\/product_tag?post=8011"}],"curies":[{"name":"wp","href":"https:\/\/api.w.org\/{rel}","templated":true}]}}