{"id":8812,"date":"2025-03-15T07:45:19","date_gmt":"2025-03-15T07:45:19","guid":{"rendered":"https:\/\/chuyendo.vn\/oto\/?post_type=product&#038;p=8812"},"modified":"2025-06-13T08:25:54","modified_gmt":"2025-06-13T08:25:54","slug":"hop-bien-xe-o-to-bien-moi","status":"publish","type":"product","link":"https:\/\/chuyendo.vn\/oto\/product\/hop-bien-xe-o-to-bien-moi\/","title":{"rendered":"H\u1ed8P BI\u1ec2N XE \u00d4 T\u00d4 &#8211; BI\u1ec2N M\u1edaI"},"content":{"rendered":"<p>H\u1ed9p bi\u1ec3n s\u1ed1 xe \u00f4 t\u00f4 m\u1edbi gi\u00fap b\u1ea3o v\u1ec7 bi\u1ec3n s\u1ed1, gi\u1eef \u0111\u1ed9 b\u1ec1n v\u00e0 th\u1ea9m m\u1ef9 l\u00e2u d\u00e0i. S\u1ea3n ph\u1ea9m \u0111\u01b0\u1ee3c thi\u1ebft k\u1ebf <strong data-start=\"389\" data-end=\"409\">chu\u1ea9n k\u00edch th\u01b0\u1edbc<\/strong>, ph\u00f9 h\u1ee3p v\u1edbi bi\u1ec3n s\u1ed1 \u00f4 t\u00f4 \u0111\u1eddi m\u1edbi. <strong data-start=\"445\" data-end=\"466\">Ch\u1ea5t li\u1ec7u cao c\u1ea5p<\/strong>, ch\u1ed1ng g\u1ec9 s\u00e9t, ch\u1ecbu l\u1ef1c t\u1ed1t, b\u1ea3o v\u1ec7 bi\u1ec3n s\u1ed1 kh\u00f4ng b\u1ecb cong v\u00eanh. Thi\u1ebft k\u1ebf ch\u1eafc ch\u1eafn, gi\u00fap c\u1ed1 \u0111\u1ecbnh bi\u1ec3n s\u1ed1 \u1ed5n \u0111\u1ecbnh, kh\u00f4ng rung l\u1eafc khi di chuy\u1ec3n. H\u1ed9p bi\u1ec3n gi\u00fap h\u1ea1n ch\u1ebf tr\u1ea7y x\u01b0\u1edbc, b\u1ea3o v\u1ec7 bi\u1ec3n s\u1ed1 xe lu\u00f4n s\u00e1ng \u0111\u1eb9p. <strong data-start=\"677\" data-end=\"704\">H\u1ed9p bi\u1ec3n s\u1ed1 xe \u00f4 t\u00f4 m\u1edbi<\/strong> c\u00f3 kh\u1ea3 n\u0103ng ch\u1ed1ng n\u01b0\u1edbc, ch\u1ed1ng b\u1ee5i hi\u1ec7u qu\u1ea3. S\u1ea3n ph\u1ea9m d\u1ec5 d\u00e0ng l\u1eafp \u0111\u1eb7t, kh\u00f4ng c\u1ea7n khoan \u0111\u1ee5c, kh\u00f4ng l\u00e0m \u1ea3nh h\u01b0\u1edfng \u0111\u1ebfn k\u1ebft c\u1ea5u xe. Vi\u1ec1n h\u1ed9p s\u00e1ng b\u00f3ng, sang tr\u1ecdng, gi\u00fap t\u0103ng t\u00ednh th\u1ea9m m\u1ef9 cho \u0111u\u00f4i xe. Ph\u00f9 h\u1ee3p v\u1edbi m\u1ecdi d\u00f2ng xe, t\u1eeb xe c\u00e1 nh\u00e2n, xe d\u1ecbch v\u1ee5 \u0111\u1ebfn xe t\u1ea3i. H\u1ed9p bi\u1ec3n gi\u00fap bi\u1ec3n s\u1ed1 kh\u00f4ng b\u1ecb bay m\u00e0u theo th\u1eddi gian, gi\u1eef xe lu\u00f4n nh\u01b0 m\u1edbi. S\u1ea3n ph\u1ea9m c\u00f3 th\u1ec3 thay th\u1ebf cho khung bi\u1ec3n s\u1ed1 c\u0169 b\u1ecb h\u1ecfng. L\u1eafp \u0111\u1eb7t nhanh ch\u00f3ng, th\u00e1o l\u1eafp d\u1ec5 d\u00e0ng khi c\u1ea7n v\u1ec7 sinh ho\u1eb7c b\u1ea3o d\u01b0\u1ee1ng. Ch\u1ea5t li\u1ec7u cao c\u1ea5p gi\u00fap t\u0103ng tu\u1ed5i th\u1ecd bi\u1ec3n s\u1ed1, kh\u00f4ng b\u1ecb oxy h\u00f3a trong \u0111i\u1ec1u ki\u1ec7n th\u1eddi ti\u1ebft kh\u1eafc nghi\u1ec7t. Chuy\u00ean \u0110\u1ed9 cam k\u1ebft cung c\u1ea5p s\u1ea3n ph\u1ea9m ch\u00ednh h\u00e3ng, ch\u1ea5t l\u01b0\u1ee3ng cao. Mua ngay t\u1ea1i chuyendo.vn \u0111\u1ec3 nh\u1eadn nhi\u1ec1u \u01b0u \u0111\u00e3i h\u1ea5p d\u1eabn!<\/p>\n<hr \/>\n<p>&nbsp;<\/p>\n<p><a href=\"https:\/\/chuyendo.vn\/oto\/\"><strong>Chuy\u00ean \u0110\u1ed9<\/strong><\/a> l\u00e0 s\u00e0n th\u01b0\u01a1ng m\u1ea1i \u0111i\u1ec7n t\u1eed h\u00e0ng \u0111\u1ea7u t\u1ea1i Vi\u1ec7t Nam d\u00e0nh cho ng\u01b0\u1eddi y\u00eau xe, chuy\u00ean cung c\u1ea5p ph\u1ee5 ki\u1ec7n \u0111\u1ed9, n\u00e2ng c\u1ea5p, l\u00e0m m\u1edbi, trang tr\u00ed, \u0111\u1ed3 ch\u01a1i xe m\u00e1y v\u00e0 xe \u0111i\u1ec7n. T\u1eebng s\u1ea3n ph\u1ea9m \u0111\u01b0\u1ee3c thi\u1ebft k\u1ebf \u0111\u1ec3 t\u1ed1i \u01b0u t\u00ednh t\u01b0\u01a1ng th\u00edch, hi\u1ec7u su\u1ea5t ho\u1ea1t \u0111\u1ed9ng v\u00e0 ti\u1ec7n l\u1ee3i, d\u1ec5 d\u00e0ng c\u00f3 th\u1ec3 t\u1ef1 l\u1eafp \u0111\u1eb7t. \u0110\u1ed9i ng\u0169 t\u01b0 v\u1ea5n vi\u00ean chuy\u00ean nghi\u1ec7p, s\u1eb5n s\u00e0ng h\u1ed7 tr\u1ee3 kh\u00e1ch h\u00e0ng l\u1ef1a ch\u1ecdn s\u1ea3n ph\u1ea9m ph\u00f9 h\u1ee3p nh\u1ea5t v\u1edbi nhu c\u1ea7u s\u1eed d\u1ee5ng. <a href=\"https:\/\/www.facebook.com\/profile.php?id=61566794691477\" target=\"_blank\" rel=\"noopener\"><strong>Chuy\u00ean \u0110\u1ed9<\/strong><\/a> \u0111\u01b0\u1ee3c x\u00e2y d\u1ef1ng v\u1edbi m\u1ee5c ti\u00eau n\u00e2ng cao an to\u00e0n, n\u00e2ng t\u1ea7m tr\u1ea3i nghi\u1ec7m khi l\u00e1i xe v\u1edbi phong c\u00e1ch ri\u00eang c\u1ee7a t\u1eebng kh\u00e1ch h\u00e0ng.<\/p>\n<p>&nbsp;<\/p>\n<p><strong><a href=\"https:\/\/chuyendo.vn\/oto\/shop\/\"><em>C\u00e1c s\u1ea3n ph\u1ea9m m\u1edbi t\u1ed1i \u01b0u nh\u1ea5t cho xe c\u1ee7a b\u1ea1n.(Nh\u1ea5n \u0110\u1ec3 Xem Chi Ti\u1ebft)<\/em><\/a><\/strong><\/p>\n<div style=\"margin: 20px 0;\"><div class=\"qrcswholewtapper\" style=\"text-align:center;\"><div class=\"qrcprowrapper\"  id=\"qrcwraa2leds\"><div class=\"qrc_canvass\" id=\"qrc_cuttenpages_2\" style=\"display:inline-block\" data-text=\"https:\/\/chuyendo.vn\/oto\/product\/hop-bien-xe-o-to-bien-moi\/\"><\/div><div><a download=\"H\u1ed8P BI\u1ec2N XE \u00d4 T\u00d4 &#8211; BI\u1ec2N M\u1edaI.png\" class=\"qrcdownloads\" id=\"worign\">\r\n           <button type=\"button\" style=\"min-width:200px;background:#ffffff;color:#dd9933;font-weight: 600;border: 1px solid #dd9933;border-radius:25px;font-size:12px;padding: 6px 0;\" class=\"uqr_code_btn\">Qu\u00e9t M\u00e3 \u0110\u1ec3 Truy C\u1eadp<\/button>\r\n           <\/a><\/div><\/div><\/div><\/div>","protected":false},"excerpt":{"rendered":"<p>H\u1ed9p bi\u1ec3n s\u1ed1 xe \u00f4 t\u00f4 m\u1edbi gi\u00fap b\u1ea3o v\u1ec7 bi\u1ec3n s\u1ed1, gi\u1eef \u0111\u1ed9 b\u1ec1n v\u00e0 th\u1ea9m m\u1ef9 l\u00e2u d\u00e0i. S\u1ea3n ph\u1ea9m \u0111\u01b0\u1ee3c thi\u1ebft k\u1ebf chu\u1ea9n k\u00edch th\u01b0\u1edbc, ph\u00f9 h\u1ee3p v\u1edbi bi\u1ec3n s\u1ed1 \u00f4 t\u00f4 \u0111\u1eddi m\u1edbi. Ch\u1ea5t li\u1ec7u cao &hellip; <a href=\"https:\/\/chuyendo.vn\/oto\/product\/hop-bien-xe-o-to-bien-moi\/\">Xem Chi Ti\u1ebft<\/a><\/p>\n","protected":false},"featured_media":8822,"comment_status":"open","ping_status":"closed","template":"","meta":[],"product_cat":[5344,19616],"product_tag":[10775,10805,10776,10787,10783,10778,10800,10804,10812,10784,10792,10808,10803,10789,10777,10791,10810,10809,10807,10786,10779,10823,10801,10820,10822,10782,10818,10799,10811,10794,10806,10793,10796,10813,10815,10790,10798,10795,10785,10821,10780,10802,10817,10788,10797,10781],"class_list":{"0":"post-8812","1":"product","2":"type-product","3":"status-publish","4":"has-post-thumbnail","6":"product_cat-san-pham-moi","7":"product_cat-ngoai-xe","8":"product_tag-hop-bien-so-xe-o-to-moi-chinh-hang","9":"product_tag-hop-bien-so-xe-o-to-moi-chong-bam-bui","10":"product_tag-hop-bien-so-xe-o-to-moi-chong-gi-set","11":"product_tag-hop-bien-so-xe-o-to-moi-chong-nuoc-va-chong-bui","12":"product_tag-hop-bien-so-xe-o-to-moi-chong-rung-lac-khi-di-chuyen","13":"product_tag-hop-bien-so-xe-o-to-moi-chong-tray-xuoc","14":"product_tag-hop-bien-so-xe-o-to-moi-co-the-su-dung-lau-dai","15":"product_tag-hop-bien-so-xe-o-to-moi-co-the-thay-the-khung-bien-cu","16":"product_tag-hop-bien-so-xe-o-to-moi-co-thiet-ke-chac-chan","17":"product_tag-hop-bien-so-xe-o-to-moi-de-dang-lap-dat","18":"product_tag-hop-bien-so-xe-o-to-moi-de-dang-thao-lap","19":"product_tag-hop-bien-so-xe-o-to-moi-de-dang-thao-lap-khi-can-bao-duong","20":"product_tag-hop-bien-so-xe-o-to-moi-de-ve-sinh","21":"product_tag-hop-bien-so-xe-o-to-moi-dung-duoc-cho-xe-tai","22":"product_tag-hop-bien-so-xe-o-to-moi-giup-bao-ve-bien-so","23":"product_tag-hop-bien-so-xe-o-to-moi-giup-bao-ve-bien-so-ben-lau","24":"product_tag-hop-bien-so-xe-o-to-moi-giup-bao-ve-bien-so-lau-dai","25":"product_tag-hop-bien-so-xe-o-to-moi-giup-bien-so-khong-bi-long-leo","26":"product_tag-hop-bien-so-xe-o-to-moi-giup-bien-so-khong-bi-o-vang","27":"product_tag-hop-bien-so-xe-o-to-moi-giup-bien-so-khong-bi-phai-mau","28":"product_tag-hop-bien-so-xe-o-to-moi-giup-bien-so-luon-sang-dep","29":"product_tag-hop-bien-so-xe-o-to-moi-giup-bien-so-xe-luon-nhu-moi","30":"product_tag-hop-bien-so-xe-o-to-moi-giup-bien-so-xe-luon-sang-bong","31":"product_tag-hop-bien-so-xe-o-to-moi-giup-cai-thien-tham-my-xe","32":"product_tag-hop-bien-so-xe-o-to-moi-giup-chong-bam-ban","33":"product_tag-hop-bien-so-xe-o-to-moi-giup-co-dinh-bien-so-chac-chan","34":"product_tag-hop-bien-so-xe-o-to-moi-giup-giu-bien-so-khong-bi-bien-dang","35":"product_tag-hop-bien-so-xe-o-to-moi-giup-giu-bien-so-khong-bi-cong-venh","36":"product_tag-hop-bien-so-xe-o-to-moi-giup-giu-bien-so-khong-bi-roi-rot","37":"product_tag-hop-bien-so-xe-o-to-moi-giup-giu-bien-so-luon-sach-se","38":"product_tag-hop-bien-so-xe-o-to-moi-giup-han-che-va-dap-khi-di-chuyen","39":"product_tag-hop-bien-so-xe-o-to-moi-giup-noi-that-xe-tinh-te-hon","40":"product_tag-hop-bien-so-xe-o-to-moi-giup-tang-do-ben-cho-bien-so-xe","41":"product_tag-hop-bien-so-xe-o-to-moi-giup-tang-tuoi-tho-bien-so","42":"product_tag-hop-bien-so-xe-o-to-moi-giup-tranh-hu-hong-bien-so","43":"product_tag-hop-bien-so-xe-o-to-moi-giup-xe-them-sang-trong","44":"product_tag-hop-bien-so-xe-o-to-moi-giup-xe-trong-dang-cap-hon","45":"product_tag-hop-bien-so-xe-o-to-moi-khong-bi-ri-set-sau-thoi-gian-dai","46":"product_tag-hop-bien-so-xe-o-to-moi-khong-can-khoan-duc","47":"product_tag-hop-bien-so-xe-o-to-moi-khong-lam-anh-huong-den-ket-cau-xe","48":"product_tag-hop-bien-so-xe-o-to-moi-phu-hop-moi-dong-xe","49":"product_tag-hop-bien-so-xe-o-to-moi-phu-hop-voi-dieu-kien-thoi-tiet-khac-nghiet","50":"product_tag-hop-bien-so-xe-o-to-moi-phu-hop-voi-moi-loai-xe-o-to","51":"product_tag-hop-bien-so-xe-o-to-moi-phu-hop-voi-xe-ca-nhan","52":"product_tag-hop-bien-so-xe-o-to-moi-phu-hop-voi-xe-sedan","53":"product_tag-hop-bien-so-xe-o-to-moi-thiet-ke-ben-dep","55":"first","56":"instock","57":"shipping-taxable","58":"purchasable","59":"product-type-variable"},"_links":{"self":[{"href":"https:\/\/chuyendo.vn\/oto\/wp-json\/wp\/v2\/product\/8812","targetHints":{"allow":["GET"]}}],"collection":[{"href":"https:\/\/chuyendo.vn\/oto\/wp-json\/wp\/v2\/product"}],"about":[{"href":"https:\/\/chuyendo.vn\/oto\/wp-json\/wp\/v2\/types\/product"}],"replies":[{"embeddable":true,"href":"https:\/\/chuyendo.vn\/oto\/wp-json\/wp\/v2\/comments?post=8812"}],"wp:featuredmedia":[{"embeddable":true,"href":"https:\/\/chuyendo.vn\/oto\/wp-json\/wp\/v2\/media\/8822"}],"wp:attachment":[{"href":"https:\/\/chuyendo.vn\/oto\/wp-json\/wp\/v2\/media?parent=8812"}],"wp:term":[{"taxonomy":"product_cat","embeddable":true,"href":"https:\/\/chuyendo.vn\/oto\/wp-json\/wp\/v2\/product_cat?post=8812"},{"taxonomy":"product_tag","embeddable":true,"href":"https:\/\/chuyendo.vn\/oto\/wp-json\/wp\/v2\/product_tag?post=8812"}],"curies":[{"name":"wp","href":"https:\/\/api.w.org\/{rel}","templated":true}]}}