{"id":8869,"date":"2025-03-15T09:24:02","date_gmt":"2025-03-15T09:24:02","guid":{"rendered":"https:\/\/chuyendo.vn\/oto\/?post_type=product&#038;p=8869"},"modified":"2025-06-13T08:23:59","modified_gmt":"2025-06-13T08:23:59","slug":"nep-vien-chu-u-chong-va-dap-loi-thep-cuon-5m-cua-gio-vien-canh-cua-nap-capo","status":"publish","type":"product","link":"https:\/\/chuyendo.vn\/oto\/product\/nep-vien-chu-u-chong-va-dap-loi-thep-cuon-5m-cua-gio-vien-canh-cua-nap-capo\/","title":{"rendered":"N\u1eb8P VI\u1ec0N CH\u1eee U, CH\u1ed0NG VA \u0110\u1eacP, L\u00d5I TH\u00c9P, CU\u1ed8N 5M"},"content":{"rendered":"<p>N\u1eb9p vi\u1ec1n ch\u1eef U l\u00f5i th\u00e9p 5m gi\u00fap b\u1ea3o v\u1ec7 xe kh\u1ecfi tr\u1ea7y x\u01b0\u1edbc v\u00e0 va \u0111\u1eadp hi\u1ec7u qu\u1ea3. S\u1ea3n ph\u1ea9m c\u00f3 thi\u1ebft k\u1ebf <strong data-start=\"391\" data-end=\"413\">l\u00f5i th\u00e9p ch\u1eafc ch\u1eafn<\/strong>, b\u1ecdc ngo\u00e0i b\u1eb1ng cao su m\u1ec1m, gi\u00fap t\u0103ng \u0111\u1ed9 b\u00e1m v\u00e0 \u0111\u00e0n h\u1ed3i t\u1ed1t. <strong data-start=\"475\" data-end=\"505\">N\u1eb9p vi\u1ec1n ch\u1eef U l\u00f5i th\u00e9p 5m<\/strong> gi\u00fap ch\u1ed1ng tr\u1ea7y x\u01b0\u1edbc t\u1ea1i c\u00e1c v\u1ecb tr\u00ed d\u1ec5 va ch\u1ea1m nh\u01b0 c\u1eeda xe, vi\u1ec1n c\u00e1nh c\u1eeda, c\u1eeda gi\u00f3, n\u1eafp capo. Ch\u1ea5t li\u1ec7u cao c\u1ea5p gi\u00fap ch\u1ed1ng ch\u1ecbu th\u1eddi ti\u1ebft kh\u1eafc nghi\u1ec7t, kh\u00f4ng b\u1ecb bong tr\u00f3c hay bi\u1ebfn d\u1ea1ng. S\u1ea3n ph\u1ea9m c\u00f3 kh\u1ea3 n\u0103ng gi\u1ea3m ti\u1ebfng \u1ed3n khi \u0111\u00f3ng c\u1eeda, t\u1ea1o c\u1ea3m gi\u00e1c ch\u1eafc ch\u1eafn h\u01a1n. \u0110\u1ed9 b\u00e1m d\u00ednh cao, kh\u00f4ng c\u1ea7n d\u00f9ng keo, d\u1ec5 d\u00e0ng l\u1eafp \u0111\u1eb7t m\u00e0 kh\u00f4ng \u1ea3nh h\u01b0\u1edfng \u0111\u1ebfn k\u1ebft c\u1ea5u xe. Thi\u1ebft k\u1ebf linh ho\u1ea1t, c\u00f3 th\u1ec3 c\u1eaft theo nhu c\u1ea7u \u0111\u1ec3 ph\u00f9 h\u1ee3p v\u1edbi m\u1ecdi v\u1ecb tr\u00ed tr\u00ean xe. M\u00e0u s\u1eafc trang nh\u00e3, gi\u00fap t\u0103ng t\u00ednh th\u1ea9m m\u1ef9 v\u00e0 b\u1ea3o v\u1ec7 xe to\u00e0n di\u1ec7n. Ph\u00f9 h\u1ee3p v\u1edbi m\u1ecdi d\u00f2ng xe \u00f4 t\u00f4, xe t\u1ea3i, xe m\u00e1y v\u00e0 c\u1ea3 c\u00e1c thi\u1ebft b\u1ecb n\u1ed9i th\u1ea5t. N\u1eb9p vi\u1ec1n gi\u00fap gi\u1ea3m thi\u1ec3u h\u01b0 h\u1ea1i khi c\u00f3 va ch\u1ea1m nh\u1eb9, k\u00e9o d\u00e0i tu\u1ed5i th\u1ecd s\u01a1n xe. S\u1ea3n ph\u1ea9m c\u00f3 th\u1ec3 s\u1eed d\u1ee5ng cho c\u1eeda gi\u00f3 \u0111i\u1ec1u h\u00f2a, gi\u00fap ch\u1ed1ng rung v\u00e0 h\u1ea1n ch\u1ebf ti\u1ebfng \u1ed3n. N\u1eb9p vi\u1ec1n ch\u1eef U c\u00f2n gi\u00fap h\u1ea1n ch\u1ebf b\u1ee5i b\u1ea9n v\u00e0 n\u01b0\u1edbc l\u1ecdt v\u00e0o khe c\u1eeda xe. Chuy\u00ean \u0110\u1ed9 cam k\u1ebft cung c\u1ea5p s\u1ea3n ph\u1ea9m ch\u00ednh h\u00e3ng, ch\u1ea5t l\u01b0\u1ee3ng cao. Mua ngay t\u1ea1i chuyendo.vn \u0111\u1ec3 nh\u1eadn nhi\u1ec1u \u01b0u \u0111\u00e3i h\u1ea5p d\u1eabn!<\/p>\n<hr \/>\n<p>&nbsp;<\/p>\n<p><a href=\"https:\/\/chuyendo.vn\/oto\/\"><strong>Chuy\u00ean \u0110\u1ed9<\/strong><\/a> l\u00e0 s\u00e0n th\u01b0\u01a1ng m\u1ea1i \u0111i\u1ec7n t\u1eed h\u00e0ng \u0111\u1ea7u t\u1ea1i Vi\u1ec7t Nam d\u00e0nh cho ng\u01b0\u1eddi y\u00eau xe, chuy\u00ean cung c\u1ea5p ph\u1ee5 ki\u1ec7n \u0111\u1ed9, n\u00e2ng c\u1ea5p, l\u00e0m m\u1edbi, trang tr\u00ed, \u0111\u1ed3 ch\u01a1i xe m\u00e1y v\u00e0 xe \u0111i\u1ec7n. T\u1eebng s\u1ea3n ph\u1ea9m \u0111\u01b0\u1ee3c thi\u1ebft k\u1ebf \u0111\u1ec3 t\u1ed1i \u01b0u t\u00ednh t\u01b0\u01a1ng th\u00edch, hi\u1ec7u su\u1ea5t ho\u1ea1t \u0111\u1ed9ng v\u00e0 ti\u1ec7n l\u1ee3i, d\u1ec5 d\u00e0ng c\u00f3 th\u1ec3 t\u1ef1 l\u1eafp \u0111\u1eb7t. \u0110\u1ed9i ng\u0169 t\u01b0 v\u1ea5n vi\u00ean chuy\u00ean nghi\u1ec7p, s\u1eb5n s\u00e0ng h\u1ed7 tr\u1ee3 kh\u00e1ch h\u00e0ng l\u1ef1a ch\u1ecdn s\u1ea3n ph\u1ea9m ph\u00f9 h\u1ee3p nh\u1ea5t v\u1edbi nhu c\u1ea7u s\u1eed d\u1ee5ng. <a href=\"https:\/\/www.facebook.com\/profile.php?id=61566794691477\" target=\"_blank\" rel=\"noopener\"><strong>Chuy\u00ean \u0110\u1ed9<\/strong><\/a> \u0111\u01b0\u1ee3c x\u00e2y d\u1ef1ng v\u1edbi m\u1ee5c ti\u00eau n\u00e2ng cao an to\u00e0n, n\u00e2ng t\u1ea7m tr\u1ea3i nghi\u1ec7m khi l\u00e1i xe v\u1edbi phong c\u00e1ch ri\u00eang c\u1ee7a t\u1eebng kh\u00e1ch h\u00e0ng.<\/p>\n<p>&nbsp;<\/p>\n<p><strong><a href=\"https:\/\/chuyendo.vn\/oto\/shop\/\"><em>C\u00e1c s\u1ea3n ph\u1ea9m m\u1edbi t\u1ed1i \u01b0u nh\u1ea5t cho xe c\u1ee7a b\u1ea1n.(Nh\u1ea5n \u0110\u1ec3 Xem Chi Ti\u1ebft)<\/em><\/a><\/strong><\/p>\n<div style=\"margin: 20px 0;\"><div class=\"qrcswholewtapper\" style=\"text-align:center;\"><div class=\"qrcprowrapper\"  id=\"qrcwraa2leds\"><div class=\"qrc_canvass\" id=\"qrc_cuttenpages_2\" style=\"display:inline-block\" data-text=\"https:\/\/chuyendo.vn\/oto\/product\/nep-vien-chu-u-chong-va-dap-loi-thep-cuon-5m-cua-gio-vien-canh-cua-nap-capo\/\"><\/div><div><a download=\"N\u1eb8P VI\u1ec0N CH\u1eee U, CH\u1ed0NG VA \u0110\u1eacP, L\u00d5I TH\u00c9P, CU\u1ed8N 5M.png\" class=\"qrcdownloads\" id=\"worign\">\r\n           <button type=\"button\" style=\"min-width:200px;background:#ffffff;color:#dd9933;font-weight: 600;border: 1px solid #dd9933;border-radius:25px;font-size:12px;padding: 6px 0;\" class=\"uqr_code_btn\">Qu\u00e9t M\u00e3 \u0110\u1ec3 Truy C\u1eadp<\/button>\r\n           <\/a><\/div><\/div><\/div><\/div>","protected":false},"excerpt":{"rendered":"<p>N\u1eb9p vi\u1ec1n ch\u1eef U l\u00f5i th\u00e9p 5m gi\u00fap b\u1ea3o v\u1ec7 xe kh\u1ecfi tr\u1ea7y x\u01b0\u1edbc v\u00e0 va \u0111\u1eadp hi\u1ec7u qu\u1ea3. S\u1ea3n ph\u1ea9m c\u00f3 thi\u1ebft k\u1ebf l\u00f5i th\u00e9p ch\u1eafc ch\u1eafn, b\u1ecdc ngo\u00e0i b\u1eb1ng cao su m\u1ec1m, gi\u00fap t\u0103ng \u0111\u1ed9 b\u00e1m v\u00e0 \u0111\u00e0n &hellip; <a href=\"https:\/\/chuyendo.vn\/oto\/product\/nep-vien-chu-u-chong-va-dap-loi-thep-cuon-5m-cua-gio-vien-canh-cua-nap-capo\/\">Xem Chi Ti\u1ebft<\/a><\/p>\n","protected":false},"featured_media":8865,"comment_status":"open","ping_status":"closed","template":"","meta":[],"product_cat":[5344,19616],"product_tag":[11109,11111,11107,11145,11113,11112,11118,11110,11108,11126,11125,11121,11135,11119,11130,11141,11149,11133,11115,11140,11124,11120,11116,11142,11144,11138,11136,11134,11131,11147,11143,11127,11122,11117,11139,11150,11132,11114,11148,11129,11137,11123,11146,11128],"class_list":{"0":"post-8869","1":"product","2":"type-product","3":"status-publish","4":"has-post-thumbnail","6":"product_cat-san-pham-moi","7":"product_cat-ngoai-xe","8":"product_tag-nep-vien-chu-u-loi-thep-5m-bao-ve-canh-cua","9":"product_tag-nep-vien-chu-u-loi-thep-5m-boc-cua-xe","10":"product_tag-nep-vien-chu-u-loi-thep-5m-chinh-hang","11":"product_tag-nep-vien-chu-u-loi-thep-5m-chong-cong-venh-sau-thoi-gian-dai-su-dung","12":"product_tag-nep-vien-chu-u-loi-thep-5m-chong-nuoc-lot-vao-khe-cua","13":"product_tag-nep-vien-chu-u-loi-thep-5m-chong-on-khi-dong-cua","14":"product_tag-nep-vien-chu-u-loi-thep-5m-chong-rung-lac-khi-xe-di-chuyen","15":"product_tag-nep-vien-chu-u-loi-thep-5m-chong-tray-xuoc","16":"product_tag-nep-vien-chu-u-loi-thep-5m-chong-va-dap","17":"product_tag-nep-vien-chu-u-loi-thep-5m-chong-va-dap-khi-do-xe","18":"product_tag-nep-vien-chu-u-loi-thep-5m-co-do-dan-hoi-cao","19":"product_tag-nep-vien-chu-u-loi-thep-5m-co-the-cat-theo-kich-thuoc-mong-muon","20":"product_tag-nep-vien-chu-u-loi-thep-5m-co-the-chiu-nhiet-tot","21":"product_tag-nep-vien-chu-u-loi-thep-5m-co-the-dung-cho-nap-capo","22":"product_tag-nep-vien-chu-u-loi-thep-5m-co-the-dung-cho-xe-may","23":"product_tag-nep-vien-chu-u-loi-thep-5m-co-the-su-dung-lau-dai","24":"product_tag-nep-vien-chu-u-loi-thep-5m-co-the-su-dung-tren-nhieu-vi-tri-cua-xe","25":"product_tag-nep-vien-chu-u-loi-thep-5m-co-the-thay-the-de-dang","26":"product_tag-nep-vien-chu-u-loi-thep-5m-de-dang-lap-dat","27":"product_tag-nep-vien-chu-u-loi-thep-5m-de-dang-thao-lap-khi-can-thay-the","28":"product_tag-nep-vien-chu-u-loi-thep-5m-giup-bao-ve-cua-gio-dieu-hoa","29":"product_tag-nep-vien-chu-u-loi-thep-5m-giup-bao-ve-cua-xe","30":"product_tag-nep-vien-chu-u-loi-thep-5m-giup-bao-ve-noi-that-xe","31":"product_tag-nep-vien-chu-u-loi-thep-5m-giup-bao-ve-son-xe-khong-bi-bong-troc","32":"product_tag-nep-vien-chu-u-loi-thep-5m-giup-bao-ve-xe-khi-di-chuyen-trong-do-thi","33":"product_tag-nep-vien-chu-u-loi-thep-5m-giup-chong-bam-bui-tren-vien-cua","34":"product_tag-nep-vien-chu-u-loi-thep-5m-giup-giam-ma-sat-khi-dong-cua","35":"product_tag-nep-vien-chu-u-loi-thep-5m-giup-giam-tieng-on-tu-moi-truong-ben-ngoai","36":"product_tag-nep-vien-chu-u-loi-thep-5m-giup-han-che-bui-ban-bam-vao-khe-cua","37":"product_tag-nep-vien-chu-u-loi-thep-5m-giup-tang-tinh-tham-my-cho-xe","38":"product_tag-nep-vien-chu-u-loi-thep-5m-giup-xe-chong-tray-trong-va-cham-nhe","39":"product_tag-nep-vien-chu-u-loi-thep-5m-giup-xe-giu-duoc-ngoai-hinh-nhu-moi","40":"product_tag-nep-vien-chu-u-loi-thep-5m-giup-xe-khong-bi-xuoc-son","41":"product_tag-nep-vien-chu-u-loi-thep-5m-giup-xe-luon-ben-dep","42":"product_tag-nep-vien-chu-u-loi-thep-5m-giup-xe-luon-moi-va-dep-hon","43":"product_tag-nep-vien-chu-u-loi-thep-5m-giup-xe-luon-sach-se-va-sang-trong","44":"product_tag-nep-vien-chu-u-loi-thep-5m-giup-xe-luon-trong-trang-thai-tot-nhat","45":"product_tag-nep-vien-chu-u-loi-thep-5m-giup-xe-trong-sang-trong-hon","46":"product_tag-nep-vien-chu-u-loi-thep-5m-ho-tro-bao-ve-xe-khi-do-bai-dong-duc","47":"product_tag-nep-vien-chu-u-loi-thep-5m-khong-gay-anh-huong-den-tham-my-xe","48":"product_tag-nep-vien-chu-u-loi-thep-5m-khong-lam-anh-huong-den-ket-cau-xe","49":"product_tag-nep-vien-chu-u-loi-thep-5m-phu-hop-moi-dong-xe","50":"product_tag-nep-vien-chu-u-loi-thep-5m-phu-hop-voi-moi-dong-xe-o-to-va-suv","51":"product_tag-nep-vien-chu-u-loi-thep-5m-phu-hop-voi-xe-tai-nho","53":"first","54":"instock","55":"shipping-taxable","56":"purchasable","57":"product-type-simple"},"_links":{"self":[{"href":"https:\/\/chuyendo.vn\/oto\/wp-json\/wp\/v2\/product\/8869","targetHints":{"allow":["GET"]}}],"collection":[{"href":"https:\/\/chuyendo.vn\/oto\/wp-json\/wp\/v2\/product"}],"about":[{"href":"https:\/\/chuyendo.vn\/oto\/wp-json\/wp\/v2\/types\/product"}],"replies":[{"embeddable":true,"href":"https:\/\/chuyendo.vn\/oto\/wp-json\/wp\/v2\/comments?post=8869"}],"wp:featuredmedia":[{"embeddable":true,"href":"https:\/\/chuyendo.vn\/oto\/wp-json\/wp\/v2\/media\/8865"}],"wp:attachment":[{"href":"https:\/\/chuyendo.vn\/oto\/wp-json\/wp\/v2\/media?parent=8869"}],"wp:term":[{"taxonomy":"product_cat","embeddable":true,"href":"https:\/\/chuyendo.vn\/oto\/wp-json\/wp\/v2\/product_cat?post=8869"},{"taxonomy":"product_tag","embeddable":true,"href":"https:\/\/chuyendo.vn\/oto\/wp-json\/wp\/v2\/product_tag?post=8869"}],"curies":[{"name":"wp","href":"https:\/\/api.w.org\/{rel}","templated":true}]}}