{"id":8881,"date":"2025-03-15T09:59:03","date_gmt":"2025-03-15T09:59:03","guid":{"rendered":"https:\/\/chuyendo.vn\/oto\/?post_type=product&#038;p=8881"},"modified":"2025-07-06T06:57:02","modified_gmt":"2025-07-06T06:57:02","slug":"bo-2-mieng-dan-kinh-chong-nuoc-nhin-guong","status":"publish","type":"product","link":"https:\/\/chuyendo.vn\/oto\/product\/bo-2-mieng-dan-kinh-chong-nuoc-nhin-guong\/","title":{"rendered":"B\u1ed8 2 MI\u1ebeNG D\u00c1N K\u00cdNH, CH\u1ed0NG N\u01af\u1edaC, NH\u00ccN G\u01af\u01a0NG"},"content":{"rendered":"<p data-start=\"297\" data-end=\"1399\">Mi\u1ebfng d\u00e1n k\u00ednh ch\u1ed1ng n\u01b0\u1edbc \u00f4 t\u00f4 gi\u00fap gi\u1eef g\u01b0\u01a1ng v\u00e0 k\u00ednh xe lu\u00f4n trong su\u1ed1t, \u0111\u1ea3m b\u1ea3o t\u1ea7m nh\u00ecn r\u00f5 r\u00e0ng. S\u1ea3n ph\u1ea9m \u0111\u01b0\u1ee3c l\u00e0m t\u1eeb <strong data-start=\"418\" data-end=\"452\">ch\u1ea5t li\u1ec7u nano si\u00eau ch\u1ed1ng n\u01b0\u1edbc<\/strong>, gi\u00fap ng\u0103n n\u01b0\u1edbc \u0111\u1ecdng v\u00e0 h\u1ea1n ch\u1ebf b\u00e1m b\u1ee5i. <strong data-start=\"494\" data-end=\"528\">Mi\u1ebfng d\u00e1n k\u00ednh ch\u1ed1ng n\u01b0\u1edbc \u00f4 t\u00f4<\/strong> gi\u00fap t\u00e0i x\u1ebf quan s\u00e1t t\u1ed1t h\u01a1n khi l\u00e1i xe d\u01b0\u1edbi m\u01b0a, gi\u1ea3m nguy c\u01a1 tai n\u1ea1n. B\u1ec1 m\u1eb7t d\u00e1n c\u00f3 l\u1edbp ph\u1ee7 ch\u1ed1ng m\u1edd, h\u1ea1n ch\u1ebf h\u01a1i n\u01b0\u1edbc b\u00e1m tr\u00ean k\u00ednh xe. Thi\u1ebft k\u1ebf m\u1ecfng, kh\u00f4ng l\u00e0m \u1ea3nh h\u01b0\u1edfng \u0111\u1ebfn ch\u1ea5t l\u01b0\u1ee3ng h\u00ecnh \u1ea3nh tr\u00ean g\u01b0\u01a1ng chi\u1ebfu h\u1eadu. D\u1ec5 d\u00e0ng d\u00e1n l\u00ean g\u01b0\u01a1ng xe, k\u00ednh l\u00e1i ho\u1eb7c k\u00ednh c\u1eeda s\u1ed5 xe ch\u1ec9 trong v\u00e0i ph\u00fat. Mi\u1ebfng d\u00e1n c\u00f3 \u0111\u1ed9 b\u00e1m d\u00ednh cao, kh\u00f4ng bong tr\u00f3c ngay c\u1ea3 khi ti\u1ebfp x\u00fac v\u1edbi n\u01b0\u1edbc nhi\u1ec1u l\u1ea7n. Ph\u00f9 h\u1ee3p v\u1edbi m\u1ecdi d\u00f2ng xe nh\u01b0 sedan, SUV, xe t\u1ea3i v\u00e0 xe du l\u1ecbch. Ngo\u00e0i ch\u1ed1ng n\u01b0\u1edbc, mi\u1ebfng d\u00e1n c\u00f2n gi\u00fap ch\u1ed1ng b\u00e1m d\u1ea7u m\u1ee1, h\u1ea1n ch\u1ebf tr\u1ea7y x\u01b0\u1edbc k\u00ednh xe. Ch\u1ea5t li\u1ec7u trong su\u1ed1t, kh\u00f4ng l\u00e0m thay \u0111\u1ed5i m\u00e0u s\u1eafc c\u1ee7a g\u01b0\u01a1ng chi\u1ebfu h\u1eadu. L\u1edbp ph\u1ee7 nano gi\u00fap t\u0103ng kh\u1ea3 n\u0103ng ch\u1ed1ng b\u00e1m h\u01a1i n\u01b0\u1edbc trong m\u00f4i tr\u01b0\u1eddng \u1ea9m th\u1ea5p. S\u1ea3n ph\u1ea9m gi\u00fap duy tr\u00ec t\u1ea7m nh\u00ecn t\u1ed1t h\u01a1n, \u0111\u1eb7c bi\u1ec7t h\u1eefu \u00edch khi l\u00e1i xe ban \u0111\u00eam. Chuy\u00ean \u0110\u1ed9 cam k\u1ebft cung c\u1ea5p s\u1ea3n ph\u1ea9m ch\u00ednh h\u00e3ng, ch\u1ea5t l\u01b0\u1ee3ng cao. Mua ngay t\u1ea1i chuyendo.vn \u0111\u1ec3 nh\u1eadn nhi\u1ec1u \u01b0u \u0111\u00e3i h\u1ea5p d\u1eabn!<\/p>\n<hr \/>\n<p>&nbsp;<\/p>\n<p><a href=\"https:\/\/chuyendo.vn\/oto\/\"><strong>Chuy\u00ean \u0110\u1ed9<\/strong><\/a> l\u00e0 s\u00e0n th\u01b0\u01a1ng m\u1ea1i \u0111i\u1ec7n t\u1eed h\u00e0ng \u0111\u1ea7u t\u1ea1i Vi\u1ec7t Nam d\u00e0nh cho ng\u01b0\u1eddi y\u00eau xe, chuy\u00ean cung c\u1ea5p ph\u1ee5 ki\u1ec7n \u0111\u1ed9, n\u00e2ng c\u1ea5p, l\u00e0m m\u1edbi, trang tr\u00ed, \u0111\u1ed3 ch\u01a1i xe m\u00e1y v\u00e0 xe \u0111i\u1ec7n. T\u1eebng s\u1ea3n ph\u1ea9m \u0111\u01b0\u1ee3c thi\u1ebft k\u1ebf \u0111\u1ec3 t\u1ed1i \u01b0u t\u00ednh t\u01b0\u01a1ng th\u00edch, hi\u1ec7u su\u1ea5t ho\u1ea1t \u0111\u1ed9ng v\u00e0 ti\u1ec7n l\u1ee3i, d\u1ec5 d\u00e0ng c\u00f3 th\u1ec3 t\u1ef1 l\u1eafp \u0111\u1eb7t. \u0110\u1ed9i ng\u0169 t\u01b0 v\u1ea5n vi\u00ean chuy\u00ean nghi\u1ec7p, s\u1eb5n s\u00e0ng h\u1ed7 tr\u1ee3 kh\u00e1ch h\u00e0ng l\u1ef1a ch\u1ecdn s\u1ea3n ph\u1ea9m ph\u00f9 h\u1ee3p nh\u1ea5t v\u1edbi nhu c\u1ea7u s\u1eed d\u1ee5ng. <a href=\"https:\/\/www.facebook.com\/profile.php?id=61566794691477\" target=\"_blank\" rel=\"noopener\"><strong>Chuy\u00ean \u0110\u1ed9<\/strong><\/a> \u0111\u01b0\u1ee3c x\u00e2y d\u1ef1ng v\u1edbi m\u1ee5c ti\u00eau n\u00e2ng cao an to\u00e0n, n\u00e2ng t\u1ea7m tr\u1ea3i nghi\u1ec7m khi l\u00e1i xe v\u1edbi phong c\u00e1ch ri\u00eang c\u1ee7a t\u1eebng kh\u00e1ch h\u00e0ng.<\/p>\n<p>&nbsp;<\/p>\n<p><strong><a href=\"https:\/\/chuyendo.vn\/oto\/shop\/\"><em>C\u00e1c s\u1ea3n ph\u1ea9m m\u1edbi t\u1ed1i \u01b0u nh\u1ea5t cho xe c\u1ee7a b\u1ea1n.(Nh\u1ea5n \u0110\u1ec3 Xem Chi Ti\u1ebft)<\/em><\/a><\/strong><\/p>\n<div style=\"margin: 20px 0;\"><div class=\"qrcswholewtapper\" style=\"text-align:center;\"><div class=\"qrcprowrapper\"  id=\"qrcwraa2leds\"><div class=\"qrc_canvass\" id=\"qrc_cuttenpages_2\" style=\"display:inline-block\" data-text=\"https:\/\/chuyendo.vn\/oto\/product\/bo-2-mieng-dan-kinh-chong-nuoc-nhin-guong\/\"><\/div><div><a download=\"B\u1ed8 2 MI\u1ebeNG D\u00c1N K\u00cdNH, CH\u1ed0NG N\u01af\u1edaC, NH\u00ccN G\u01af\u01a0NG.png\" class=\"qrcdownloads\" id=\"worign\">\r\n           <button type=\"button\" style=\"min-width:200px;background:#ffffff;color:#dd9933;font-weight: 600;border: 1px solid #dd9933;border-radius:25px;font-size:12px;padding: 6px 0;\" class=\"uqr_code_btn\">Qu\u00e9t M\u00e3 \u0110\u1ec3 Truy C\u1eadp<\/button>\r\n           <\/a><\/div><\/div><\/div><\/div>","protected":false},"excerpt":{"rendered":"<p>Mi\u1ebfng d\u00e1n k\u00ednh ch\u1ed1ng n\u01b0\u1edbc \u00f4 t\u00f4 gi\u00fap gi\u1eef g\u01b0\u01a1ng v\u00e0 k\u00ednh xe lu\u00f4n trong su\u1ed1t, \u0111\u1ea3m b\u1ea3o t\u1ea7m nh\u00ecn r\u00f5 r\u00e0ng. S\u1ea3n ph\u1ea9m \u0111\u01b0\u1ee3c l\u00e0m t\u1eeb ch\u1ea5t li\u1ec7u nano si\u00eau ch\u1ed1ng n\u01b0\u1edbc, gi\u00fap ng\u0103n n\u01b0\u1edbc \u0111\u1ecdng v\u00e0 h\u1ea1n ch\u1ebf &hellip; <a href=\"https:\/\/chuyendo.vn\/oto\/product\/bo-2-mieng-dan-kinh-chong-nuoc-nhin-guong\/\">Xem Chi Ti\u1ebft<\/a><\/p>\n","protected":false},"featured_media":8882,"comment_status":"open","ping_status":"closed","template":"","meta":[],"product_cat":[5344,19113],"product_tag":[11307,11292,11297,11330,11294,11327,11319,11302,11337,11321,11311,11303,11331,11301,11322,11339,11310,11305,11329,11306,11334,11316,11326,11332,11298,11318,11293,11324,11299,11338,11295,11336,11328,11320,11335,11313,11325,11309,11317,11304,11312,11296,11308,11300,11333,11314,11315,11323],"class_list":{"0":"post-8881","1":"product","2":"type-product","3":"status-publish","4":"has-post-thumbnail","6":"product_cat-san-pham-moi","7":"product_cat-guong","8":"product_tag-mieng-dan-kinh-chong-nuoc-o-to-ben-bi-theo-thoi-gian","9":"product_tag-mieng-dan-kinh-chong-nuoc-o-to-chinh-hang","10":"product_tag-mieng-dan-kinh-chong-nuoc-o-to-chong-bam-nuoc-hieu-qua","11":"product_tag-mieng-dan-kinh-chong-nuoc-o-to-chong-loa-khi-lai-xe-ban-dem","12":"product_tag-mieng-dan-kinh-chong-nuoc-o-to-chong-mo-kinh","13":"product_tag-mieng-dan-kinh-chong-nuoc-o-to-co-do-trong-suot-cao","14":"product_tag-mieng-dan-kinh-chong-nuoc-o-to-co-kha-nang-chong-bam-bui","15":"product_tag-mieng-dan-kinh-chong-nuoc-o-to-co-lop-phu-nano-chong-bam-hoi-nuoc","16":"product_tag-mieng-dan-kinh-chong-nuoc-o-to-co-the-su-dung-cho-nhieu-dong-xe-khac-nhau","17":"product_tag-mieng-dan-kinh-chong-nuoc-o-to-co-the-su-dung-lau-dai","18":"product_tag-mieng-dan-kinh-chong-nuoc-o-to-co-the-thay-the-de-dang","19":"product_tag-mieng-dan-kinh-chong-nuoc-o-to-de-dang-lap-dat","20":"product_tag-mieng-dan-kinh-chong-nuoc-o-to-de-dang-ve-sinh","21":"product_tag-mieng-dan-kinh-chong-nuoc-o-to-giup-an-toan-khi-lai-xe-duoi-mua","22":"product_tag-mieng-dan-kinh-chong-nuoc-o-to-giup-bao-ve-kinh-xe-khi-di-mua","23":"product_tag-mieng-dan-kinh-chong-nuoc-o-to-giup-cai-thien-trai-nghiem-lai-xe","24":"product_tag-mieng-dan-kinh-chong-nuoc-o-to-giup-chong-bam-dau-mo","25":"product_tag-mieng-dan-kinh-chong-nuoc-o-to-giup-chong-tray-xuoc-kinh-xe","26":"product_tag-mieng-dan-kinh-chong-nuoc-o-to-giup-giam-choi-khi-di-troi-mua","27":"product_tag-mieng-dan-kinh-chong-nuoc-o-to-giup-giu-kinh-xe-luon-sach","28":"product_tag-mieng-dan-kinh-chong-nuoc-o-to-giup-han-che-bam-hoi-nuoc-tren-kinh-lai","29":"product_tag-mieng-dan-kinh-chong-nuoc-o-to-giup-han-che-hoi-nuoc-tren-kinh","30":"product_tag-mieng-dan-kinh-chong-nuoc-o-to-giup-han-che-tinh-trang-kinh-bi-dong-nuoc","31":"product_tag-mieng-dan-kinh-chong-nuoc-o-to-giup-kinh-xe-luon-ro-net","32":"product_tag-mieng-dan-kinh-chong-nuoc-o-to-giup-kinh-xe-luon-trong-suot","33":"product_tag-mieng-dan-kinh-chong-nuoc-o-to-giup-lai-xe-an-toan-hon","34":"product_tag-mieng-dan-kinh-chong-nuoc-o-to-giup-nhin-ro-guong","35":"product_tag-mieng-dan-kinh-chong-nuoc-o-to-giup-tai-xe-quan-sat-de-dang-hon","36":"product_tag-mieng-dan-kinh-chong-nuoc-o-to-giup-tai-xe-quan-sat-ro-rang","37":"product_tag-mieng-dan-kinh-chong-nuoc-o-to-giup-tai-xe-yen-tam-khi-di-chuyen","38":"product_tag-mieng-dan-kinh-chong-nuoc-o-to-giup-tang-tam-nhin","39":"product_tag-mieng-dan-kinh-chong-nuoc-o-to-giup-tang-tuoi-tho-kinh-xe","40":"product_tag-mieng-dan-kinh-chong-nuoc-o-to-giup-xe-luon-sach-se","41":"product_tag-mieng-dan-kinh-chong-nuoc-o-to-giup-xe-luon-sang-bong","42":"product_tag-mieng-dan-kinh-chong-nuoc-o-to-giup-xe-luon-trong-nhu-moi","43":"product_tag-mieng-dan-kinh-chong-nuoc-o-to-giup-xe-trong-chuyen-nghiep-hon","44":"product_tag-mieng-dan-kinh-chong-nuoc-o-to-khong-anh-huong-den-cam-bien-xe","45":"product_tag-mieng-dan-kinh-chong-nuoc-o-to-khong-bi-bong-troc-khi-rua-xe","46":"product_tag-mieng-dan-kinh-chong-nuoc-o-to-khong-gay-hai-cho-kinh-xe","47":"product_tag-mieng-dan-kinh-chong-nuoc-o-to-khong-lam-anh-huong-den-tam-nhin","48":"product_tag-mieng-dan-kinh-chong-nuoc-o-to-khong-lam-mo-guong-khi-su-dung","49":"product_tag-mieng-dan-kinh-chong-nuoc-o-to-phu-hop-moi-dong-xe","50":"product_tag-mieng-dan-kinh-chong-nuoc-o-to-phu-hop-voi-dieu-kien-thoi-tiet-am-uot","51":"product_tag-mieng-dan-kinh-chong-nuoc-o-to-phu-hop-voi-guong-chieu-hau","52":"product_tag-mieng-dan-kinh-chong-nuoc-o-to-phu-hop-voi-kinh-cua-so-xe","53":"product_tag-mieng-dan-kinh-chong-nuoc-o-to-phu-hop-voi-xe-sedan","54":"product_tag-mieng-dan-kinh-chong-nuoc-o-to-phu-hop-voi-xe-suv","55":"product_tag-mieng-dan-kinh-chong-nuoc-o-to-phu-hop-voi-xe-tai","57":"first","58":"instock","59":"shipping-taxable","60":"purchasable","61":"product-type-variable"},"_links":{"self":[{"href":"https:\/\/chuyendo.vn\/oto\/wp-json\/wp\/v2\/product\/8881","targetHints":{"allow":["GET"]}}],"collection":[{"href":"https:\/\/chuyendo.vn\/oto\/wp-json\/wp\/v2\/product"}],"about":[{"href":"https:\/\/chuyendo.vn\/oto\/wp-json\/wp\/v2\/types\/product"}],"replies":[{"embeddable":true,"href":"https:\/\/chuyendo.vn\/oto\/wp-json\/wp\/v2\/comments?post=8881"}],"wp:featuredmedia":[{"embeddable":true,"href":"https:\/\/chuyendo.vn\/oto\/wp-json\/wp\/v2\/media\/8882"}],"wp:attachment":[{"href":"https:\/\/chuyendo.vn\/oto\/wp-json\/wp\/v2\/media?parent=8881"}],"wp:term":[{"taxonomy":"product_cat","embeddable":true,"href":"https:\/\/chuyendo.vn\/oto\/wp-json\/wp\/v2\/product_cat?post=8881"},{"taxonomy":"product_tag","embeddable":true,"href":"https:\/\/chuyendo.vn\/oto\/wp-json\/wp\/v2\/product_tag?post=8881"}],"curies":[{"name":"wp","href":"https:\/\/api.w.org\/{rel}","templated":true}]}}